{"id":671,"date":"2020-06-13T20:31:42","date_gmt":"2020-06-13T20:31:42","guid":{"rendered":"http:\/\/testpage.gentleguards.com\/?page_id=671"},"modified":"2022-07-21T10:12:07","modified_gmt":"2022-07-21T10:12:07","slug":"g-wurf","status":"publish","type":"page","link":"https:\/\/gentleguards.com\/?page_id=671","title":{"rendered":"G-Wurf"},"content":{"rendered":"\n<p class=\"has-text-align-center\">geb. am 27. Januar 2020<\/p>\n\n\n\n<h2 class=\"has-text-align-center\">Nessiebluebell Blair Fawn  x  Rain and Tears of the Benjy Bunch<\/h2>\n\n\n\n<div class=\"wp-block-cover aligncenter\"><img loading=\"lazy\" width=\"333\" height=\"276\" class=\"wp-block-cover__image-background wp-image-421\" alt=\"\" src=\"http:\/\/testpage.gentleguards.com\/wp-content\/uploads\/2020\/06\/image-13.png\" style=\"object-position:42% 9%\" data-object-fit=\"cover\" data-object-position=\"42% 9%\" srcset=\"https:\/\/gentleguards.com\/wp-content\/uploads\/2020\/06\/image-13.png 333w, https:\/\/gentleguards.com\/wp-content\/uploads\/2020\/06\/image-13-300x249.png 300w\" sizes=\"(max-width: 333px) 100vw, 333px\" \/><div class=\"wp-block-cover__inner-container\">\n<p class=\"has-large-font-size\"><\/p>\n<\/div><\/div>\n\n\n\n<h2 class=\"has-text-align-center\">Valentina &amp; Finn<\/h2>\n\n\n\n<p class=\"has-text-align-center\">2 fawn-wei\u00dfe H\u00fcndinnen<\/p>\n\n\n\n<p class=\"has-text-align-center\">1 blau-wei\u00dfe H\u00fcndin<\/p>\n\n\n\n<p class=\"has-text-align-center\">4 blau-wei\u00dfe R\u00fcden<\/p>\n\n\n\n<p class=\"has-text-align-center\">1 fawn-wei\u00dfer&nbsp; R\u00fcde<\/p>\n\n\n\n<p class=\"has-text-align-center\">Der fawn-wei\u00dfe R\u00fcde kam leider tod zur Welt<\/p>\n\n\n\n<p class=\"has-text-align-center\">\u201eGuess Who\u00b4s Guinnea Gauzzy\u201c&nbsp;&nbsp;&nbsp;&nbsp;&nbsp;&nbsp;&nbsp;&nbsp;&nbsp;&nbsp;&nbsp;&nbsp;&nbsp;&nbsp;&nbsp;&nbsp;&nbsp;&nbsp;&nbsp;&nbsp; heisst nun Judith<\/p>\n\n\n\n<p class=\"has-text-align-center\">\u201eGuess Who\u00b4s Gesa Gabby\u201c&nbsp;&nbsp;&nbsp;&nbsp;&nbsp;&nbsp;&nbsp;&nbsp;&nbsp;&nbsp;&nbsp;&nbsp;&nbsp;&nbsp;&nbsp;&nbsp;&nbsp;&nbsp;&nbsp;&nbsp;&nbsp;&nbsp;&nbsp;&nbsp;&nbsp;&nbsp; heisst nun Ruby<\/p>\n\n\n\n<p class=\"has-text-align-center\">\u201eGuess Who\u00b4s Goya Godly\u201c&nbsp;&nbsp;&nbsp;&nbsp;&nbsp;&nbsp;&nbsp;&nbsp;&nbsp;&nbsp;&nbsp;&nbsp;&nbsp;&nbsp;&nbsp;&nbsp;&nbsp;&nbsp;&nbsp;&nbsp;&nbsp;&nbsp;&nbsp;&nbsp;&nbsp;&nbsp;&nbsp; heisst nun&nbsp; Ginger<\/p>\n\n\n\n<p class=\"has-text-align-center\">\u201eGuess Who\u00b4s Guybrush Gush\u201c&nbsp;&nbsp;&nbsp;&nbsp;&nbsp;&nbsp;&nbsp;&nbsp;&nbsp;&nbsp;&nbsp;&nbsp;&nbsp;&nbsp;&nbsp;&nbsp;&nbsp;&nbsp;&nbsp;&nbsp;&nbsp;&nbsp;&nbsp; heisst nun Murphy<\/p>\n\n\n\n<p class=\"has-text-align-center\">\u201eGuess Who\u00b4s&nbsp; Gibson Gusty\u201c&nbsp;&nbsp;&nbsp;&nbsp;&nbsp;&nbsp;&nbsp;&nbsp;&nbsp;&nbsp;&nbsp;&nbsp;&nbsp;&nbsp;&nbsp;&nbsp;&nbsp;&nbsp;&nbsp;&nbsp;&nbsp;&nbsp;&nbsp;&nbsp;&nbsp; heisst nun Theo&nbsp;<\/p>\n\n\n\n<p class=\"has-text-align-center\">\u201eGuess Who\u00b4s Grimsby Gutsy\u201c&nbsp;&nbsp;&nbsp;&nbsp;&nbsp;&nbsp;&nbsp;&nbsp;&nbsp;&nbsp;&nbsp;&nbsp;&nbsp;&nbsp;&nbsp;&nbsp;&nbsp;&nbsp;&nbsp;&nbsp;&nbsp;&nbsp;&nbsp;&nbsp; hei\u00dft nun Lenni<\/p>\n\n\n\n<p class=\"has-text-align-center\">\u201eGuess Who\u00b4s Gilderoy Gawky\u201c&nbsp;&nbsp;&nbsp;&nbsp;&nbsp;&nbsp;&nbsp;&nbsp;&nbsp;&nbsp;&nbsp;&nbsp;&nbsp;&nbsp;&nbsp;&nbsp;&nbsp;&nbsp;&nbsp;&nbsp;&nbsp; hei\u00dft nun Leo<\/p>\n\n\n\n<div class=\"wp-block-image is-style-default\"><figure class=\"aligncenter size-large is-resized\"><img loading=\"lazy\" src=\"http:\/\/testpage.gentleguards.com\/wp-content\/uploads\/2020\/06\/image-5.png\" alt=\"\" class=\"wp-image-413\" width=\"692\" height=\"362\" srcset=\"https:\/\/gentleguards.com\/wp-content\/uploads\/2020\/06\/image-5.png 667w, https:\/\/gentleguards.com\/wp-content\/uploads\/2020\/06\/image-5-300x157.png 300w\" sizes=\"(max-width: 692px) 100vw, 692px\" \/><\/figure><\/div>\n\n\n\n<p class=\"has-text-align-center\">Ruby, Murphy, Leo,  Lenni, Judith, Ginger, Theo    <\/p>\n\n\n\n<h2 class=\"has-text-align-center\">Ahnentafel:   IK  0,00    AVK   100 %<\/h2>\n\n\n\n<figure class=\"wp-block-image size-large is-resized is-style-default\"><img loading=\"lazy\" src=\"http:\/\/testpage.gentleguards.com\/wp-content\/uploads\/2020\/06\/AT-G-Wurf-829x1024.jpg\" alt=\"\" class=\"wp-image-405\" width=\"735\" height=\"907\" srcset=\"https:\/\/gentleguards.com\/wp-content\/uploads\/2020\/06\/AT-G-Wurf-829x1024.jpg 829w, https:\/\/gentleguards.com\/wp-content\/uploads\/2020\/06\/AT-G-Wurf-243x300.jpg 243w, https:\/\/gentleguards.com\/wp-content\/uploads\/2020\/06\/AT-G-Wurf-768x949.jpg 768w, https:\/\/gentleguards.com\/wp-content\/uploads\/2020\/06\/AT-G-Wurf.jpg 1145w\" sizes=\"(max-width: 735px) 100vw, 735px\" \/><\/figure>\n","protected":false},"excerpt":{"rendered":"<p>geb. am 27. Januar 2020 Nessiebluebell Blair Fawn x Rain and Tears of the Benjy Bunch Valentina &amp; Finn 2 fawn-wei\u00dfe H\u00fcndinnen 1 blau-wei\u00dfe H\u00fcndin 4 blau-wei\u00dfe R\u00fcden 1 fawn-wei\u00dfer&nbsp; R\u00fcde Der fawn-wei\u00dfe R\u00fcde kam leider tod zur Welt \u201eGuess Who\u00b4s Guinnea Gauzzy\u201c&nbsp;&nbsp;&nbsp;&nbsp;&nbsp;&nbsp;&nbsp;&nbsp;&nbsp;&nbsp;&nbsp;&nbsp;&nbsp;&nbsp;&nbsp;&nbsp;&nbsp;&nbsp;&nbsp;&nbsp; heisst nun Judith \u201eGuess Who\u00b4s Gesa Gabby\u201c&nbsp;&nbsp;&nbsp;&nbsp;&nbsp;&nbsp;&nbsp;&nbsp;&nbsp;&nbsp;&nbsp;&nbsp;&nbsp;&nbsp;&nbsp;&nbsp;&nbsp;&nbsp;&nbsp;&nbsp;&nbsp;&nbsp;&nbsp;&nbsp;&nbsp;&nbsp; heisst nun Ruby \u201eGuess Who\u00b4s &hellip; <\/p>\n<p class=\"link-more\"><a href=\"https:\/\/gentleguards.com\/?page_id=671\" class=\"more-link\"><span class=\"screen-reader-text\">\u201eG-Wurf\u201c<\/span> weiterlesen<\/a><\/p>\n","protected":false},"author":1,"featured_media":0,"parent":263,"menu_order":0,"comment_status":"closed","ping_status":"closed","template":"","meta":[],"_links":{"self":[{"href":"https:\/\/gentleguards.com\/index.php?rest_route=\/wp\/v2\/pages\/671"}],"collection":[{"href":"https:\/\/gentleguards.com\/index.php?rest_route=\/wp\/v2\/pages"}],"about":[{"href":"https:\/\/gentleguards.com\/index.php?rest_route=\/wp\/v2\/types\/page"}],"author":[{"embeddable":true,"href":"https:\/\/gentleguards.com\/index.php?rest_route=\/wp\/v2\/users\/1"}],"replies":[{"embeddable":true,"href":"https:\/\/gentleguards.com\/index.php?rest_route=%2Fwp%2Fv2%2Fcomments&post=671"}],"version-history":[{"count":10,"href":"https:\/\/gentleguards.com\/index.php?rest_route=\/wp\/v2\/pages\/671\/revisions"}],"predecessor-version":[{"id":1713,"href":"https:\/\/gentleguards.com\/index.php?rest_route=\/wp\/v2\/pages\/671\/revisions\/1713"}],"up":[{"embeddable":true,"href":"https:\/\/gentleguards.com\/index.php?rest_route=\/wp\/v2\/pages\/263"}],"wp:attachment":[{"href":"https:\/\/gentleguards.com\/index.php?rest_route=%2Fwp%2Fv2%2Fmedia&parent=671"}],"curies":[{"name":"wp","href":"https:\/\/api.w.org\/{rel}","templated":true}]}}