{"id":324,"date":"2019-10-12T21:23:55","date_gmt":"2019-10-12T21:23:55","guid":{"rendered":"http:\/\/testpage.gentleguards.com\/?page_id=324"},"modified":"2025-01-29T12:09:40","modified_gmt":"2025-01-29T12:09:40","slug":"e-wurf","status":"publish","type":"page","link":"https:\/\/gentleguards.com\/?page_id=324","title":{"rendered":"E-Wurf"},"content":{"rendered":"\n<p class=\"has-text-align-center\">geb. am 14. Juli 2017<\/p>\n\n\n\n<h2 class=\"has-text-align-center\">Gentle Guards Be Mr. Button  x  Rain and Tears of the Benjy Bunch <\/h2>\n\n\n\n<div class=\"wp-block-image is-style-default\"><figure class=\"aligncenter size-large is-resized\"><img loading=\"lazy\" src=\"http:\/\/testpage.gentleguards.com\/wp-content\/uploads\/2020\/06\/image-22.png\" alt=\"\" class=\"wp-image-430\" width=\"414\" height=\"460\" srcset=\"https:\/\/gentleguards.com\/wp-content\/uploads\/2020\/06\/image-22.png 300w, https:\/\/gentleguards.com\/wp-content\/uploads\/2020\/06\/image-22-270x300.png 270w\" sizes=\"(max-width: 414px) 100vw, 414px\" \/><\/figure><\/div>\n\n\n\n<h2 class=\"has-text-align-center\">Button &amp; Valentina<\/h2>\n\n\n\n<p class=\"has-text-align-center\">&nbsp; 3 braun &#8211; wei\u00dfe H\u00fcndinnen<\/p>\n\n\n\n<p class=\"has-text-align-center\">&nbsp;&nbsp;&nbsp;1 schwarz &#8211; wei\u00dfe H\u00fcndin<\/p>\n\n\n\n<p class=\"has-text-align-center\">&nbsp;&nbsp;&nbsp;2 schwarz &#8211; wei\u00dfe R\u00fcden<\/p>\n\n\n\n<p class=\"has-text-align-center\">&nbsp;&nbsp;&nbsp;1 braun &#8211; wei\u00dfer R\u00fcde<\/p>\n\n\n\n<p class=\"has-text-align-center\">Ein schwarzer und ein brauner R\u00fcde kamen leider tod zur Welt \ud83d\ude41<\/p>\n\n\n\n<p class=\"has-text-align-center\">\u201eEndowed with life\u201c&nbsp;&nbsp;&nbsp;&nbsp;&nbsp;&nbsp;&nbsp;&nbsp;&nbsp;&nbsp;&nbsp;&nbsp;&nbsp;&nbsp;&nbsp;&nbsp;&nbsp;&nbsp;&nbsp;&nbsp;&nbsp;&nbsp;&nbsp;&nbsp;&nbsp; heisst nun&nbsp; Curlee<\/p>\n\n\n\n<p class=\"has-text-align-center\">     \u201eEndowed with poise Edward\u201c\u00a0\u00a0\u00a0\u00a0\u00a0\u00a0\u00a0\u00a0\u00a0 heisst nun Edward<\/p>\n\n\n\n<p class=\"has-text-align-center\">              \u201eEndowed with brain\u201c\u00a0\u00a0\u00a0\u00a0\u00a0\u00a0\u00a0\u00a0\u00a0\u00a0\u00a0\u00a0\u00a0\u00a0\u00a0\u00a0\u00a0\u00a0\u00a0\u00a0\u00a0\u00a0 heisst nun Elfie    +2021<\/p>\n\n\n\n<p class=\"has-text-align-center\">\u201eEndowed with beauty\u201c&nbsp;&nbsp;&nbsp;&nbsp;&nbsp;&nbsp;&nbsp;&nbsp;&nbsp;&nbsp;&nbsp;&nbsp;&nbsp;&nbsp;&nbsp;&nbsp;&nbsp;&nbsp;&nbsp; heisst nun Kelly<\/p>\n\n\n\n<p class=\"has-text-align-center\">    \u201eEndowed with reason\u201c\u00a0\u00a0\u00a0\u00a0\u00a0\u00a0\u00a0\u00a0\u00a0\u00a0\u00a0\u00a0\u00a0\u00a0\u00a0\u00a0\u00a0\u00a0\u00a0 heisst nun El\u00e9nore<\/p>\n\n\n\n<figure class=\"wp-block-image size-large is-resized is-style-default\"><img loading=\"lazy\" src=\"http:\/\/testpage.gentleguards.com\/wp-content\/uploads\/2020\/06\/image-3.png\" alt=\"\" class=\"wp-image-411\" width=\"720\" height=\"398\" srcset=\"https:\/\/gentleguards.com\/wp-content\/uploads\/2020\/06\/image-3.png 638w, https:\/\/gentleguards.com\/wp-content\/uploads\/2020\/06\/image-3-300x166.png 300w\" sizes=\"(max-width: 720px) 100vw, 720px\" \/><\/figure>\n\n\n\n<h3 class=\"has-text-align-center\"> Elenore, Elfie, Edward, Kelly, Curly           <\/h3>\n\n\n\n<h2 class=\"has-text-align-center\">Ahnentafel:  IK  3,13     AVK 96,67 %<\/h2>\n\n\n\n<div class=\"wp-block-image is-style-default\"><figure class=\"aligncenter size-large is-resized\"><img loading=\"lazy\" src=\"http:\/\/testpage.gentleguards.com\/wp-content\/uploads\/2020\/06\/AT-E-Wurf-791x1024.jpg\" alt=\"\" class=\"wp-image-401\" width=\"716\" height=\"926\" srcset=\"https:\/\/gentleguards.com\/wp-content\/uploads\/2020\/06\/AT-E-Wurf-791x1024.jpg 791w, https:\/\/gentleguards.com\/wp-content\/uploads\/2020\/06\/AT-E-Wurf-232x300.jpg 232w, https:\/\/gentleguards.com\/wp-content\/uploads\/2020\/06\/AT-E-Wurf.jpg 1145w\" sizes=\"(max-width: 716px) 100vw, 716px\" \/><\/figure><\/div>\n","protected":false},"excerpt":{"rendered":"<p>geb. am 14. Juli 2017 Gentle Guards Be Mr. Button x Rain and Tears of the Benjy Bunch Button &amp; Valentina &nbsp; 3 braun &#8211; wei\u00dfe H\u00fcndinnen &nbsp;&nbsp;&nbsp;1 schwarz &#8211; wei\u00dfe H\u00fcndin &nbsp;&nbsp;&nbsp;2 schwarz &#8211; wei\u00dfe R\u00fcden &nbsp;&nbsp;&nbsp;1 braun &#8211; wei\u00dfer R\u00fcde Ein schwarzer und ein brauner R\u00fcde kamen leider tod zur Welt \ud83d\ude41 \u201eEndowed &hellip; <\/p>\n<p class=\"link-more\"><a href=\"https:\/\/gentleguards.com\/?page_id=324\" class=\"more-link\"><span class=\"screen-reader-text\">\u201eE-Wurf\u201c<\/span> weiterlesen<\/a><\/p>\n","protected":false},"author":1,"featured_media":0,"parent":263,"menu_order":0,"comment_status":"closed","ping_status":"closed","template":"","meta":[],"_links":{"self":[{"href":"https:\/\/gentleguards.com\/index.php?rest_route=\/wp\/v2\/pages\/324"}],"collection":[{"href":"https:\/\/gentleguards.com\/index.php?rest_route=\/wp\/v2\/pages"}],"about":[{"href":"https:\/\/gentleguards.com\/index.php?rest_route=\/wp\/v2\/types\/page"}],"author":[{"embeddable":true,"href":"https:\/\/gentleguards.com\/index.php?rest_route=\/wp\/v2\/users\/1"}],"replies":[{"embeddable":true,"href":"https:\/\/gentleguards.com\/index.php?rest_route=%2Fwp%2Fv2%2Fcomments&post=324"}],"version-history":[{"count":10,"href":"https:\/\/gentleguards.com\/index.php?rest_route=\/wp\/v2\/pages\/324\/revisions"}],"predecessor-version":[{"id":2446,"href":"https:\/\/gentleguards.com\/index.php?rest_route=\/wp\/v2\/pages\/324\/revisions\/2446"}],"up":[{"embeddable":true,"href":"https:\/\/gentleguards.com\/index.php?rest_route=\/wp\/v2\/pages\/263"}],"wp:attachment":[{"href":"https:\/\/gentleguards.com\/index.php?rest_route=%2Fwp%2Fv2%2Fmedia&parent=324"}],"curies":[{"name":"wp","href":"https:\/\/api.w.org\/{rel}","templated":true}]}}