{"id":303,"date":"2019-10-12T21:07:33","date_gmt":"2019-10-12T21:07:33","guid":{"rendered":"http:\/\/testpage.gentleguards.com\/?page_id=303"},"modified":"2021-02-10T20:11:49","modified_gmt":"2021-02-10T20:11:49","slug":"f-wurf","status":"publish","type":"page","link":"https:\/\/gentleguards.com\/?page_id=303","title":{"rendered":"F-Wurf"},"content":{"rendered":"\n<p class=\"has-text-align-center\">geb. am  18. Oktober 2018<\/p>\n\n\n\n<h2 class=\"has-text-align-center\">Ch. Philemon Forever And A Day  x   Rain and Tears of the Benjy Bunch<\/h2>\n\n\n\n<div class=\"wp-block-image is-style-default\"><figure class=\"aligncenter size-large is-resized\"><img loading=\"lazy\" src=\"http:\/\/testpage.gentleguards.com\/wp-content\/uploads\/2020\/06\/image-14.png\" alt=\"\" class=\"wp-image-422\" width=\"412\" height=\"412\" srcset=\"https:\/\/gentleguards.com\/wp-content\/uploads\/2020\/06\/image-14.png 309w, https:\/\/gentleguards.com\/wp-content\/uploads\/2020\/06\/image-14-300x300.png 300w, https:\/\/gentleguards.com\/wp-content\/uploads\/2020\/06\/image-14-150x150.png 150w, https:\/\/gentleguards.com\/wp-content\/uploads\/2020\/06\/image-14-100x100.png 100w\" sizes=\"(max-width: 412px) 100vw, 412px\" \/><\/figure><\/div>\n\n\n\n<h2 class=\"has-text-align-center\">Leo &amp; Valentina<\/h2>\n\n\n\n<p class=\"has-text-align-center\"><br>3 braun-wei\u00dfe H\u00fcndinnen<\/p>\n\n\n\n<p class=\"has-text-align-center\">3 braun-wei\u00dfe R\u00fcden<\/p>\n\n\n\n<p class=\"has-text-align-center\">1 schwarz-wei\u00dfer R\u00fcde<\/p>\n\n\n\n<p class=\"has-text-align-center\">\u201eFor Once in My Life\u201c&nbsp;&nbsp;&nbsp;&nbsp;&nbsp;&nbsp;&nbsp;&nbsp;&nbsp;&nbsp;&nbsp;&nbsp;&nbsp;&nbsp;&nbsp;&nbsp;&nbsp;&nbsp;&nbsp;&nbsp;&nbsp; heisst nun Lotta<\/p>\n\n\n\n<p class=\"has-text-align-center\">\u201eFor A Heartbeat\u201c&nbsp;&nbsp;&nbsp;&nbsp;&nbsp;&nbsp;&nbsp;&nbsp;&nbsp;&nbsp;&nbsp;&nbsp;&nbsp;&nbsp;&nbsp;&nbsp;&nbsp;&nbsp;&nbsp;&nbsp;&nbsp;&nbsp;&nbsp;&nbsp;&nbsp;&nbsp; heisst nun Fr\u00e4ulein Smilla<\/p>\n\n\n\n<p class=\"has-text-align-center\">\u201eFor All Eternity\u201c&nbsp;&nbsp;&nbsp;&nbsp;&nbsp;&nbsp;&nbsp;&nbsp;&nbsp;&nbsp;&nbsp;&nbsp;&nbsp;&nbsp;&nbsp;&nbsp;&nbsp;&nbsp;&nbsp;&nbsp;&nbsp;&nbsp;&nbsp;&nbsp;&nbsp;&nbsp;&nbsp;&nbsp; heisst nun Flynn<\/p>\n\n\n\n<p class=\"has-text-align-center\">\u201eFor A Change\u201c&nbsp;&nbsp;&nbsp;&nbsp;&nbsp;&nbsp;&nbsp;&nbsp;&nbsp;&nbsp;&nbsp;&nbsp;&nbsp;&nbsp;&nbsp;&nbsp;&nbsp;&nbsp;&nbsp;&nbsp;&nbsp;&nbsp;&nbsp;&nbsp;&nbsp;&nbsp;&nbsp;&nbsp;&nbsp; heisst nun Timmy<\/p>\n\n\n\n<p class=\"has-text-align-center\">\u201eFor Me This Is Heaven\u201c&nbsp;&nbsp;&nbsp;&nbsp;&nbsp;&nbsp;&nbsp;&nbsp;&nbsp;&nbsp;&nbsp;&nbsp;&nbsp;&nbsp;&nbsp;&nbsp;&nbsp; heisst nun MacKenzie<\/p>\n\n\n\n<p class=\"has-text-align-center\">\u201eFor Another Day\u201c&nbsp;&nbsp;&nbsp;&nbsp;&nbsp;&nbsp;&nbsp;&nbsp;&nbsp;&nbsp;&nbsp;&nbsp;&nbsp;&nbsp;&nbsp;&nbsp;&nbsp;&nbsp;&nbsp;&nbsp;&nbsp;&nbsp;&nbsp;&nbsp;&nbsp; hei\u00dft nun Skrollan<\/p>\n\n\n\n<p class=\"has-text-align-center\">\u201eFor Your Eyes Only\u201c&nbsp;&nbsp;&nbsp;&nbsp;&nbsp;&nbsp;&nbsp;&nbsp;&nbsp;&nbsp;&nbsp;&nbsp;&nbsp;&nbsp;&nbsp;&nbsp;&nbsp;&nbsp;&nbsp;&nbsp;&nbsp; hei\u00dft nun Wallace<\/p>\n\n\n\n<div class=\"wp-block-image is-style-default\"><figure class=\"aligncenter size-large is-resized\"><img loading=\"lazy\" src=\"http:\/\/testpage.gentleguards.com\/wp-content\/uploads\/2020\/06\/image-4.png\" alt=\"\" class=\"wp-image-412\" width=\"746\" height=\"368\" srcset=\"https:\/\/gentleguards.com\/wp-content\/uploads\/2020\/06\/image-4.png 642w, https:\/\/gentleguards.com\/wp-content\/uploads\/2020\/06\/image-4-300x148.png 300w\" sizes=\"(max-width: 706px) 89vw, (max-width: 767px) 82vw, 740px\" \/><\/figure><\/div>\n\n\n\n<h3 class=\"has-text-align-center\">Lotta, Smilla, Flynn, Timmy, MacKenzie, Scrollan, Wallace <\/h3>\n\n\n\n<h2 class=\"has-text-align-center\">Ahnentafel:   IK 0,00  AVK  100 %<\/h2>\n\n\n\n<div class=\"wp-block-image is-style-default\"><figure class=\"aligncenter size-large is-resized\"><img loading=\"lazy\" src=\"http:\/\/testpage.gentleguards.com\/wp-content\/uploads\/2020\/06\/AT-F-Wurf-808x1024.jpg\" alt=\"\" class=\"wp-image-404\" width=\"725\" height=\"919\" srcset=\"https:\/\/gentleguards.com\/wp-content\/uploads\/2020\/06\/AT-F-Wurf-808x1024.jpg 808w, https:\/\/gentleguards.com\/wp-content\/uploads\/2020\/06\/AT-F-Wurf-237x300.jpg 237w, https:\/\/gentleguards.com\/wp-content\/uploads\/2020\/06\/AT-F-Wurf-768x974.jpg 768w, https:\/\/gentleguards.com\/wp-content\/uploads\/2020\/06\/AT-F-Wurf.jpg 1143w\" sizes=\"(max-width: 725px) 100vw, 725px\" \/><\/figure><\/div>\n","protected":false},"excerpt":{"rendered":"<p>geb. am 18. Oktober 2018 Ch. Philemon Forever And A Day x Rain and Tears of the Benjy Bunch Leo &amp; Valentina 3 braun-wei\u00dfe H\u00fcndinnen 3 braun-wei\u00dfe R\u00fcden 1 schwarz-wei\u00dfer R\u00fcde \u201eFor Once in My Life\u201c&nbsp;&nbsp;&nbsp;&nbsp;&nbsp;&nbsp;&nbsp;&nbsp;&nbsp;&nbsp;&nbsp;&nbsp;&nbsp;&nbsp;&nbsp;&nbsp;&nbsp;&nbsp;&nbsp;&nbsp;&nbsp; heisst nun Lotta \u201eFor A Heartbeat\u201c&nbsp;&nbsp;&nbsp;&nbsp;&nbsp;&nbsp;&nbsp;&nbsp;&nbsp;&nbsp;&nbsp;&nbsp;&nbsp;&nbsp;&nbsp;&nbsp;&nbsp;&nbsp;&nbsp;&nbsp;&nbsp;&nbsp;&nbsp;&nbsp;&nbsp;&nbsp; heisst nun Fr\u00e4ulein Smilla \u201eFor All Eternity\u201c&nbsp;&nbsp;&nbsp;&nbsp;&nbsp;&nbsp;&nbsp;&nbsp;&nbsp;&nbsp;&nbsp;&nbsp;&nbsp;&nbsp;&nbsp;&nbsp;&nbsp;&nbsp;&nbsp;&nbsp;&nbsp;&nbsp;&nbsp;&nbsp;&nbsp;&nbsp;&nbsp;&nbsp; heisst nun Flynn \u201eFor A Change\u201c&nbsp;&nbsp;&nbsp;&nbsp;&nbsp;&nbsp;&nbsp;&nbsp;&nbsp;&nbsp;&nbsp;&nbsp;&nbsp;&nbsp;&nbsp;&nbsp;&nbsp;&nbsp;&nbsp;&nbsp;&nbsp;&nbsp;&nbsp;&nbsp;&nbsp;&nbsp;&nbsp;&nbsp;&nbsp; &hellip; <\/p>\n<p class=\"link-more\"><a href=\"https:\/\/gentleguards.com\/?page_id=303\" class=\"more-link\"><span class=\"screen-reader-text\">\u201eF-Wurf\u201c<\/span> weiterlesen<\/a><\/p>\n","protected":false},"author":1,"featured_media":0,"parent":263,"menu_order":0,"comment_status":"closed","ping_status":"closed","template":"","meta":[],"_links":{"self":[{"href":"https:\/\/gentleguards.com\/index.php?rest_route=\/wp\/v2\/pages\/303"}],"collection":[{"href":"https:\/\/gentleguards.com\/index.php?rest_route=\/wp\/v2\/pages"}],"about":[{"href":"https:\/\/gentleguards.com\/index.php?rest_route=\/wp\/v2\/types\/page"}],"author":[{"embeddable":true,"href":"https:\/\/gentleguards.com\/index.php?rest_route=\/wp\/v2\/users\/1"}],"replies":[{"embeddable":true,"href":"https:\/\/gentleguards.com\/index.php?rest_route=%2Fwp%2Fv2%2Fcomments&post=303"}],"version-history":[{"count":8,"href":"https:\/\/gentleguards.com\/index.php?rest_route=\/wp\/v2\/pages\/303\/revisions"}],"predecessor-version":[{"id":1110,"href":"https:\/\/gentleguards.com\/index.php?rest_route=\/wp\/v2\/pages\/303\/revisions\/1110"}],"up":[{"embeddable":true,"href":"https:\/\/gentleguards.com\/index.php?rest_route=\/wp\/v2\/pages\/263"}],"wp:attachment":[{"href":"https:\/\/gentleguards.com\/index.php?rest_route=%2Fwp%2Fv2%2Fmedia&parent=303"}],"curies":[{"name":"wp","href":"https:\/\/api.w.org\/{rel}","templated":true}]}}