{"id":300,"date":"2019-10-12T21:06:28","date_gmt":"2019-10-12T21:06:28","guid":{"rendered":"http:\/\/testpage.gentleguards.com\/?page_id=300"},"modified":"2025-01-29T12:08:01","modified_gmt":"2025-01-29T12:08:01","slug":"d-wurf","status":"publish","type":"page","link":"https:\/\/gentleguards.com\/?page_id=300","title":{"rendered":"D-Wurf"},"content":{"rendered":"\n<p class=\"has-text-align-center\">geb. am 26. April 2016<\/p>\n\n\n\n<h2 class=\"has-text-align-center\">Ch. Nobility One Mr. Harry Brown x Rain and Tears of the Benjy Bunch<\/h2>\n\n\n\n<div class=\"wp-block-image is-style-default\"><figure class=\"aligncenter size-large is-resized\"><img loading=\"lazy\" src=\"http:\/\/testpage.gentleguards.com\/wp-content\/uploads\/2020\/06\/image-28.png\" alt=\"\" class=\"wp-image-436\" width=\"460\" height=\"400\"\/><\/figure><\/div>\n\n\n\n<h2 class=\"has-text-align-center\">Harry &amp; Valentina<\/h2>\n\n\n\n<p class=\"has-text-align-center\">2&nbsp; schwarz-wei\u00dfe R\u00fcden<\/p>\n\n\n\n<p class=\"has-text-align-center\">2 braun-wei\u00dfe R\u00fcden<\/p>\n\n\n\n<p class=\"has-text-align-center\">2 blau-wei\u00dfe R\u00fcden&nbsp;&nbsp;<\/p>\n\n\n\n<p class=\"has-text-align-center\">1 schwarz-wei\u00dfe H\u00fcndin<\/p>\n\n\n\n<p class=\"has-text-align-center\">ein blau wei\u00dfer R\u00fcde wurde leider tod geboren<\/p>\n\n\n\n<p class=\"has-text-align-center\">                   \u201eDoes in Comfort\u201c\u00a0\u00a0\u00a0\u00a0\u00a0\u00a0\u00a0\u00a0\u00a0\u00a0\u00a0\u00a0 hei\u00dft nun Harry     +2024<\/p>\n\n\n\n<p class=\"has-text-align-center\">\u201eDoes in Passion\u201c&nbsp;&nbsp;&nbsp;&nbsp;&nbsp;&nbsp;&nbsp;&nbsp;&nbsp;&nbsp;&nbsp;&nbsp;&nbsp;&nbsp; hei\u00dft nun Diego<\/p>\n\n\n\n<p class=\"has-text-align-center\">\u201eDoes in Emotion\u201c&nbsp;&nbsp;&nbsp;&nbsp;&nbsp;&nbsp;&nbsp;&nbsp;&nbsp;&nbsp;&nbsp;&nbsp; hei\u00dft nun Kalle<\/p>\n\n\n\n<p class=\"has-text-align-center\">\u201eDoes in Pride\u201c&nbsp;&nbsp;&nbsp;&nbsp;&nbsp;&nbsp;&nbsp;&nbsp;&nbsp;&nbsp;&nbsp;&nbsp;&nbsp;&nbsp;&nbsp;&nbsp;&nbsp; hei\u00dft nun Duncan<\/p>\n\n\n\n<p class=\"has-text-align-center\">\u201eDoes in Trust\u201c&nbsp;&nbsp;&nbsp;&nbsp;&nbsp;&nbsp;&nbsp;&nbsp;&nbsp;&nbsp;&nbsp;&nbsp;&nbsp;&nbsp;&nbsp;&nbsp;&nbsp; hei\u00dft nun Bruno<\/p>\n\n\n\n<p class=\"has-text-align-center\">                   \u201eDoes in Care\u201c&nbsp;&nbsp;&nbsp;&nbsp;&nbsp;&nbsp;&nbsp;&nbsp;&nbsp;&nbsp;&nbsp;&nbsp;&nbsp;&nbsp;&nbsp;&nbsp;&nbsp;&nbsp; hei\u00dft nun Emmi     + 2023<\/p>\n\n\n\n<figure class=\"wp-block-image size-large is-resized is-style-default\"><img loading=\"lazy\" src=\"http:\/\/testpage.gentleguards.com\/wp-content\/uploads\/2020\/06\/298A5168.jpg\" alt=\"\" class=\"wp-image-410\" width=\"761\" height=\"508\" srcset=\"https:\/\/gentleguards.com\/wp-content\/uploads\/2020\/06\/298A5168.jpg 602w, https:\/\/gentleguards.com\/wp-content\/uploads\/2020\/06\/298A5168-300x200.jpg 300w\" sizes=\"(max-width: 706px) 89vw, (max-width: 767px) 82vw, 740px\" \/><\/figure>\n\n\n\n<h3 class=\"has-text-align-center\">Bruno, Emmi, Kalle, Harry, Diego, Duncan<\/h3>\n\n\n\n<h2 class=\"has-text-align-center\">Ahnentafel:  IK 0,00   AVK 100 %<\/h2>\n\n\n\n<div class=\"wp-block-image is-style-default\"><figure class=\"aligncenter size-large is-resized\"><img loading=\"lazy\" src=\"http:\/\/testpage.gentleguards.com\/wp-content\/uploads\/2020\/06\/AT-D-Wurf-793x1024.jpg\" alt=\"\" class=\"wp-image-399\" width=\"743\" height=\"959\" srcset=\"https:\/\/gentleguards.com\/wp-content\/uploads\/2020\/06\/AT-D-Wurf-793x1024.jpg 793w, https:\/\/gentleguards.com\/wp-content\/uploads\/2020\/06\/AT-D-Wurf-232x300.jpg 232w, https:\/\/gentleguards.com\/wp-content\/uploads\/2020\/06\/AT-D-Wurf-768x991.jpg 768w, https:\/\/gentleguards.com\/wp-content\/uploads\/2020\/06\/AT-D-Wurf.jpg 1146w\" sizes=\"(max-width: 706px) 89vw, (max-width: 767px) 82vw, 740px\" \/><\/figure><\/div>\n","protected":false},"excerpt":{"rendered":"<p>geb. am 26. April 2016 Ch. Nobility One Mr. Harry Brown x Rain and Tears of the Benjy Bunch Harry &amp; Valentina 2&nbsp; schwarz-wei\u00dfe R\u00fcden 2 braun-wei\u00dfe R\u00fcden 2 blau-wei\u00dfe R\u00fcden&nbsp;&nbsp; 1 schwarz-wei\u00dfe H\u00fcndin ein blau wei\u00dfer R\u00fcde wurde leider tod geboren \u201eDoes in Comfort\u201c\u00a0\u00a0\u00a0\u00a0\u00a0\u00a0\u00a0\u00a0\u00a0\u00a0\u00a0\u00a0 hei\u00dft nun Harry +2024 \u201eDoes in Passion\u201c&nbsp;&nbsp;&nbsp;&nbsp;&nbsp;&nbsp;&nbsp;&nbsp;&nbsp;&nbsp;&nbsp;&nbsp;&nbsp;&nbsp; hei\u00dft nun Diego &hellip; <\/p>\n<p class=\"link-more\"><a href=\"https:\/\/gentleguards.com\/?page_id=300\" class=\"more-link\"><span class=\"screen-reader-text\">\u201eD-Wurf\u201c<\/span> weiterlesen<\/a><\/p>\n","protected":false},"author":1,"featured_media":0,"parent":263,"menu_order":0,"comment_status":"closed","ping_status":"closed","template":"","meta":[],"_links":{"self":[{"href":"https:\/\/gentleguards.com\/index.php?rest_route=\/wp\/v2\/pages\/300"}],"collection":[{"href":"https:\/\/gentleguards.com\/index.php?rest_route=\/wp\/v2\/pages"}],"about":[{"href":"https:\/\/gentleguards.com\/index.php?rest_route=\/wp\/v2\/types\/page"}],"author":[{"embeddable":true,"href":"https:\/\/gentleguards.com\/index.php?rest_route=\/wp\/v2\/users\/1"}],"replies":[{"embeddable":true,"href":"https:\/\/gentleguards.com\/index.php?rest_route=%2Fwp%2Fv2%2Fcomments&post=300"}],"version-history":[{"count":15,"href":"https:\/\/gentleguards.com\/index.php?rest_route=\/wp\/v2\/pages\/300\/revisions"}],"predecessor-version":[{"id":2445,"href":"https:\/\/gentleguards.com\/index.php?rest_route=\/wp\/v2\/pages\/300\/revisions\/2445"}],"up":[{"embeddable":true,"href":"https:\/\/gentleguards.com\/index.php?rest_route=\/wp\/v2\/pages\/263"}],"wp:attachment":[{"href":"https:\/\/gentleguards.com\/index.php?rest_route=%2Fwp%2Fv2%2Fmedia&parent=300"}],"curies":[{"name":"wp","href":"https:\/\/api.w.org\/{rel}","templated":true}]}}