{"id":294,"date":"2019-10-12T21:05:16","date_gmt":"2019-10-12T21:05:16","guid":{"rendered":"http:\/\/testpage.gentleguards.com\/?page_id=294"},"modified":"2025-06-10T11:50:42","modified_gmt":"2025-06-10T11:50:42","slug":"a-wurf","status":"publish","type":"page","link":"https:\/\/gentleguards.com\/?page_id=294","title":{"rendered":"A-Wurf"},"content":{"rendered":"\n<p class=\"has-text-align-center\">geb. am 25. September 2010<\/p>\n\n\n\n<h2 class=\"has-text-align-center\">Purzel von den Waldgeistern  x   Dainty D\u00f6rte The Groovy Beauty<\/h2>\n\n\n\n<div class=\"wp-block-image is-style-default\"><figure class=\"aligncenter size-large is-resized\"><img loading=\"lazy\" src=\"http:\/\/testpage.gentleguards.com\/wp-content\/uploads\/2019\/10\/1DoerteBarny.jpg\" alt=\"\" class=\"wp-image-156\" width=\"537\" height=\"522\" srcset=\"https:\/\/gentleguards.com\/wp-content\/uploads\/2019\/10\/1DoerteBarny.jpg 896w, https:\/\/gentleguards.com\/wp-content\/uploads\/2019\/10\/1DoerteBarny-300x292.jpg 300w, https:\/\/gentleguards.com\/wp-content\/uploads\/2019\/10\/1DoerteBarny-768x747.jpg 768w\" sizes=\"(max-width: 537px) 100vw, 537px\" \/><\/figure><\/div>\n\n\n\n<h2 class=\"has-text-align-center\">D\u00f6rte &amp; Barny<\/h2>\n\n\n\n<p class=\"has-text-align-center\">2 braune R\u00fcden<\/p>\n\n\n\n<p class=\"has-text-align-center\">4 braune H\u00fcndinnen<\/p>\n\n\n\n<p class=\"has-text-align-center\">2 schwarze H\u00fcndinnen<\/p>\n\n\n\n<p><\/p>\n\n\n\n<p><\/p>\n\n\n\n<p class=\"has-text-align-center\">                                    As hungry as a bear&nbsp;&nbsp; hei\u00dft nun&nbsp;&nbsp;&nbsp;&nbsp;&nbsp;&nbsp;&nbsp;&nbsp;&nbsp;&nbsp;&nbsp;&nbsp;&nbsp; \u201eARON\u201c&nbsp;&nbsp; +2020 &nbsp;&nbsp;&nbsp;&nbsp;&nbsp;&nbsp;&nbsp;&nbsp;&nbsp;&nbsp;&nbsp;&nbsp;&nbsp;&nbsp;&nbsp;&nbsp;&nbsp;&nbsp;<\/p>\n\n\n\n<p class=\"has-text-align-center\">     As happy as a sandboy&nbsp;&nbsp; hei\u00dft nun&nbsp;&nbsp;&nbsp;&nbsp;&nbsp;&nbsp;&nbsp;&nbsp; \u201eMONTY\u201c<\/p>\n\n\n\n<p class=\"has-text-align-center\">                   As light as straw&nbsp;&nbsp;&nbsp; hei\u00dft nun&nbsp;&nbsp;&nbsp;&nbsp;&nbsp;&nbsp;&nbsp;&nbsp;&nbsp;&nbsp;&nbsp;&nbsp;&nbsp;&nbsp;&nbsp;&nbsp;&nbsp;   \u201eLAINEE\u201c  +2020<\/p>\n\n\n\n<p class=\"has-text-align-center\">As mad as a hatter&nbsp;&nbsp;&nbsp; hei\u00dft nun&nbsp;&nbsp;&nbsp;&nbsp;&nbsp;&nbsp;&nbsp;&nbsp;&nbsp;&nbsp;&nbsp;&nbsp;&nbsp;&nbsp; \u201eABBY\u201c<\/p>\n\n\n\n<p class=\"has-text-align-center\">                As fit as a fiddle&nbsp;&nbsp;&nbsp; hei\u00dft nun&nbsp;&nbsp;&nbsp;&nbsp;&nbsp;&nbsp;&nbsp;&nbsp;&nbsp;&nbsp;&nbsp;&nbsp;&nbsp;&nbsp;&nbsp;&nbsp;&nbsp;&nbsp; \u201eHAILEY\u201c   +2021<\/p>\n\n\n\n<p class=\"has-text-align-center\">                 As bold as brass&nbsp;&nbsp; hei\u00dft nun&nbsp;&nbsp;&nbsp;&nbsp;&nbsp;&nbsp;&nbsp;&nbsp;&nbsp;&nbsp;&nbsp;&nbsp;&nbsp;&nbsp;&nbsp;&nbsp;&nbsp;&nbsp;&nbsp; \u201eMAGGY\u201c   +2021<\/p>\n\n\n\n<p class=\"has-text-align-center\">                 As pretty as a picture&nbsp;&nbsp; hei\u00dft nun&nbsp;&nbsp;&nbsp;&nbsp;&nbsp;&nbsp;&nbsp;&nbsp;&nbsp;&nbsp; \u201eLOTTA\u201c   +2022<\/p>\n\n\n\n<p class=\"has-text-align-center\">                     As silent as midnight\u00a0\u00a0 hei\u00dft nun\u00a0\u00a0\u00a0\u00a0\u00a0\u00a0\u00a0\u00a0 \u00a0\u00a0 \u201eHERMINE\u201c  +2025<\/p>\n\n\n\n<div class=\"wp-block-image is-style-default\"><figure class=\"aligncenter size-large\"><img loading=\"lazy\" width=\"608\" height=\"359\" src=\"http:\/\/testpage.gentleguards.com\/wp-content\/uploads\/2020\/06\/gruppenfoto2.jpg\" alt=\"\" class=\"wp-image-407\" srcset=\"https:\/\/gentleguards.com\/wp-content\/uploads\/2020\/06\/gruppenfoto2.jpg 608w, https:\/\/gentleguards.com\/wp-content\/uploads\/2020\/06\/gruppenfoto2-300x177.jpg 300w\" sizes=\"(max-width: 608px) 100vw, 608px\" \/><\/figure><\/div>\n\n\n\n<p class=\"has-text-align-center\">Lainnee,Aron, Lotta ,Hermine,Hailey,Abby, Monty,Maggy<\/p>\n\n\n\n<p class=\"has-text-align-center\"><\/p>\n\n\n\n<h2 class=\"has-text-align-center\">Ahnentafel: IK 0,00  AVK 100%<\/h2>\n\n\n\n<div class=\"wp-block-image is-style-default\"><figure class=\"aligncenter size-large\"><img loading=\"lazy\" width=\"856\" height=\"1024\" src=\"http:\/\/testpage.gentleguards.com\/wp-content\/uploads\/2020\/06\/AT-A-Wurf-856x1024.jpg\" alt=\"\" class=\"wp-image-396\" srcset=\"https:\/\/gentleguards.com\/wp-content\/uploads\/2020\/06\/AT-A-Wurf-856x1024.jpg 856w, https:\/\/gentleguards.com\/wp-content\/uploads\/2020\/06\/AT-A-Wurf-251x300.jpg 251w, https:\/\/gentleguards.com\/wp-content\/uploads\/2020\/06\/AT-A-Wurf-768x919.jpg 768w, https:\/\/gentleguards.com\/wp-content\/uploads\/2020\/06\/AT-A-Wurf.jpg 1146w\" sizes=\"(max-width: 767px) 89vw, (max-width: 1000px) 54vw, (max-width: 1071px) 543px, 580px\" \/><\/figure><\/div>\n","protected":false},"excerpt":{"rendered":"<p>geb. am 25. September 2010 Purzel von den Waldgeistern x Dainty D\u00f6rte The Groovy Beauty D\u00f6rte &amp; Barny 2 braune R\u00fcden 4 braune H\u00fcndinnen 2 schwarze H\u00fcndinnen As hungry as a bear&nbsp;&nbsp; hei\u00dft nun&nbsp;&nbsp;&nbsp;&nbsp;&nbsp;&nbsp;&nbsp;&nbsp;&nbsp;&nbsp;&nbsp;&nbsp;&nbsp; \u201eARON\u201c&nbsp;&nbsp; +2020 &nbsp;&nbsp;&nbsp;&nbsp;&nbsp;&nbsp;&nbsp;&nbsp;&nbsp;&nbsp;&nbsp;&nbsp;&nbsp;&nbsp;&nbsp;&nbsp;&nbsp;&nbsp; As happy as a sandboy&nbsp;&nbsp; hei\u00dft nun&nbsp;&nbsp;&nbsp;&nbsp;&nbsp;&nbsp;&nbsp;&nbsp; \u201eMONTY\u201c As light as straw&nbsp;&nbsp;&nbsp; hei\u00dft nun&nbsp;&nbsp;&nbsp;&nbsp;&nbsp;&nbsp;&nbsp;&nbsp;&nbsp;&nbsp;&nbsp;&nbsp;&nbsp;&nbsp;&nbsp;&nbsp;&nbsp; \u201eLAINEE\u201c +2020 As mad &hellip; <\/p>\n<p class=\"link-more\"><a href=\"https:\/\/gentleguards.com\/?page_id=294\" class=\"more-link\"><span class=\"screen-reader-text\">\u201eA-Wurf\u201c<\/span> weiterlesen<\/a><\/p>\n","protected":false},"author":1,"featured_media":0,"parent":263,"menu_order":0,"comment_status":"closed","ping_status":"closed","template":"","meta":[],"_links":{"self":[{"href":"https:\/\/gentleguards.com\/index.php?rest_route=\/wp\/v2\/pages\/294"}],"collection":[{"href":"https:\/\/gentleguards.com\/index.php?rest_route=\/wp\/v2\/pages"}],"about":[{"href":"https:\/\/gentleguards.com\/index.php?rest_route=\/wp\/v2\/types\/page"}],"author":[{"embeddable":true,"href":"https:\/\/gentleguards.com\/index.php?rest_route=\/wp\/v2\/users\/1"}],"replies":[{"embeddable":true,"href":"https:\/\/gentleguards.com\/index.php?rest_route=%2Fwp%2Fv2%2Fcomments&post=294"}],"version-history":[{"count":21,"href":"https:\/\/gentleguards.com\/index.php?rest_route=\/wp\/v2\/pages\/294\/revisions"}],"predecessor-version":[{"id":2537,"href":"https:\/\/gentleguards.com\/index.php?rest_route=\/wp\/v2\/pages\/294\/revisions\/2537"}],"up":[{"embeddable":true,"href":"https:\/\/gentleguards.com\/index.php?rest_route=\/wp\/v2\/pages\/263"}],"wp:attachment":[{"href":"https:\/\/gentleguards.com\/index.php?rest_route=%2Fwp%2Fv2%2Fmedia&parent=294"}],"curies":[{"name":"wp","href":"https:\/\/api.w.org\/{rel}","templated":true}]}}