{"id":292,"date":"2019-10-12T21:04:15","date_gmt":"2019-10-12T21:04:15","guid":{"rendered":"http:\/\/testpage.gentleguards.com\/?page_id=292"},"modified":"2024-08-29T10:01:09","modified_gmt":"2024-08-29T10:01:09","slug":"emmi","status":"publish","type":"page","link":"https:\/\/gentleguards.com\/?page_id=292","title":{"rendered":"&#8222;Emmi&#8220;"},"content":{"rendered":"\n<div class=\"wp-block-cover has-custom-content-position is-position-bottom-center\" style=\"min-height:100vh\"><img loading=\"lazy\" width=\"1761\" height=\"2560\" class=\"wp-block-cover__image-background wp-image-348\" alt=\"\" src=\"http:\/\/testpage.gentleguards.com\/wp-content\/uploads\/2020\/06\/IMG_3414-1-scaled.jpg\" data-object-fit=\"cover\" srcset=\"https:\/\/gentleguards.com\/wp-content\/uploads\/2020\/06\/IMG_3414-1-scaled.jpg 1761w, https:\/\/gentleguards.com\/wp-content\/uploads\/2020\/06\/IMG_3414-1-206x300.jpg 206w, https:\/\/gentleguards.com\/wp-content\/uploads\/2020\/06\/IMG_3414-1-705x1024.jpg 705w, https:\/\/gentleguards.com\/wp-content\/uploads\/2020\/06\/IMG_3414-1-768x1116.jpg 768w, https:\/\/gentleguards.com\/wp-content\/uploads\/2020\/06\/IMG_3414-1-1057x1536.jpg 1057w, https:\/\/gentleguards.com\/wp-content\/uploads\/2020\/06\/IMG_3414-1-1409x2048.jpg 1409w\" sizes=\"(max-width: 767px) 89vw, (max-width: 1000px) 54vw, (max-width: 1071px) 543px, 580px\" \/><div class=\"wp-block-cover__inner-container\">\n<h2>Gentle Guards Does In Care<\/h2>\n\n\n\n<h2>*26.04.2016 &#8211; +09.05.2023<\/h2>\n<\/div><\/div>\n\n\n\n<h2 class=\"has-text-align-center\">Ch. Nobility Mr. One Harry Brown  x   Rain and Tears of the Benjy Bunch<\/h2>\n\n\n\n<p class=\"has-text-align-center\">Emmi (unsere Emma Elfriede) hat am 26.04.2016&nbsp;um 3.54 Uhr , <\/p>\n\n\n\n<p class=\"has-text-align-center\">hier in Bergkamen, zusammen mit ihren 5 Br\u00fcdern,<\/p>\n\n\n\n<p class=\"has-text-align-center\">dem D-Wurf , das Licht der Welt erblickt<\/p>\n\n\n\n<p class=\"has-text-align-center\">Sie durfte hier in ihrer Geburtsst\u00e4tte bleiben.<\/p>\n\n\n\n<p class=\"has-text-align-center\">Sie war kurzum gesagt, einfach zu lieb f\u00fcr diese Welt , Fremden gegen\u00fcber zur\u00fcckhaltend aber trotzdem sehr selbstbewusst und unendlich neugierig.<\/p>\n\n\n\n<p class=\"has-text-align-center\">Sie hatte einen gesunden Appetit und schwamm sehr sehr gerne . Sie mochte alles was es so an Hundesportarten gibt. Sie machte alles mit gro\u00dfer Freude mit.<\/p>\n\n\n\n<p class=\"has-text-align-center\">Wie eigentlich alle unsere Hunde, hatte sie eine tolle Fellfarbe und Struktur  und es reichte v\u00f6llig aus , sie 1mal im Monat zu b\u00fcrsten. Obwohl dann immer noch  kein Filz zu finden war.<\/p>\n\n\n\n<p class=\"has-text-align-center\">Emmi ist Mama unseres H-Wurfes und I-Wurfes.<\/p>\n\n\n\n<p class=\"has-text-align-center\">Im H-Wurf ist im Juni 2022 bei einem Welpen eine Autoimmunkrankheit (SLO) aufgetreten, aus diesem Grund geno\u00df unsere Emmi jetzt bei uns, nun vorzeitig ihren Ruhestand.<\/p>\n\n\n\n<p class=\"has-text-align-center\">Diesen allerdings nicht sehr lange. Im Mai 2023 erkrankte sie nach einem Urlaub in Sachsen Anhalt an Babesiose.<\/p>\n\n\n\n<p>Als die Diagnose vom Labor kam, war sie bereits verstorben. Es ging so furchtbar schnell.<\/p>\n\n\n\n<p class=\"has-text-align-center\">Wir werden sie nie, nie vergessen, unsere kleine Emmi. <\/p>\n\n\n\n<div class=\"wp-block-image is-style-default\"><figure class=\"aligncenter size-large\"><img loading=\"lazy\" width=\"558\" height=\"993\" src=\"http:\/\/testpage.gentleguards.com\/wp-content\/uploads\/2019\/10\/20180910_175003.jpg\" alt=\"\" class=\"wp-image-171\" srcset=\"https:\/\/gentleguards.com\/wp-content\/uploads\/2019\/10\/20180910_175003.jpg 558w, https:\/\/gentleguards.com\/wp-content\/uploads\/2019\/10\/20180910_175003-169x300.jpg 169w\" sizes=\"(max-width: 558px) 100vw, 558px\" \/><\/figure><\/div>\n\n\n\n<h2 class=\"has-text-align-center\">Zuchtrelevante Daten<\/h2>\n\n\n\n<p class=\"has-text-align-center\">Gr\u00f6\u00dfe: 54 cm<\/p>\n\n\n\n<p class=\"has-text-align-center\">Farbe: schwarz-wei\u00df<\/p>\n\n\n\n<p class=\"has-text-align-center\">Augenuntersuchungen:  CEA N\/N (genetisch frei),  <\/p>\n\n\n\n<p class=\"has-text-align-center\"> PRA  prcd    N\/N  (genetisch frei)<\/p>\n\n\n\n<p class=\"has-text-align-center\">Katarakt frei 17.08.2021<\/p>\n\n\n\n<p class=\"has-text-align-center\">HD: A (frei)<\/p>\n\n\n\n<p class=\"has-text-align-center\">Haplotypen :   1 \/1     (DLA Analyse)<\/p>\n\n\n\n<p class=\"has-text-align-center\">Schilddr\u00fcse ohne Befund im Mai 2018\/ April 2022\/<\/p>\n\n\n\n<p><\/p>\n\n\n\n<h2 class=\"has-text-align-center\">Ahnentafel<\/h2>\n\n\n\n<h2 class=\"has-text-align-center\"> IK 0,00  AVK 100 %<\/h2>\n\n\n\n<figure class=\"wp-block-image size-large is-style-default\"><img loading=\"lazy\" width=\"723\" height=\"1024\" src=\"http:\/\/testpage.gentleguards.com\/wp-content\/uploads\/2020\/06\/AT-Emmi-JPG-723x1024.jpg\" alt=\"\" class=\"wp-image-403\" srcset=\"https:\/\/gentleguards.com\/wp-content\/uploads\/2020\/06\/AT-Emmi-JPG-723x1024.jpg 723w, https:\/\/gentleguards.com\/wp-content\/uploads\/2020\/06\/AT-Emmi-JPG-212x300.jpg 212w, https:\/\/gentleguards.com\/wp-content\/uploads\/2020\/06\/AT-Emmi-JPG-768x1087.jpg 768w, https:\/\/gentleguards.com\/wp-content\/uploads\/2020\/06\/AT-Emmi-JPG-1085x1536.jpg 1085w, https:\/\/gentleguards.com\/wp-content\/uploads\/2020\/06\/AT-Emmi-JPG.jpg 1239w\" sizes=\"(max-width: 723px) 100vw, 723px\" \/><\/figure>\n\n\n\n<div class=\"wp-block-image is-style-default\"><figure class=\"aligncenter size-large\"><img loading=\"lazy\" width=\"206\" height=\"222\" src=\"http:\/\/testpage.gentleguards.com\/wp-content\/uploads\/2019\/10\/Logo_DNA_profile_reg_JPG_-_engels_01.jpg\" alt=\"\" class=\"wp-image-173\"\/><\/figure><\/div>\n\n\n\n<h2 class=\"has-text-align-center\">Austellungsergebnisse<\/h2>\n\n\n\n<p class=\"has-text-align-center\">CACIB Tulln&nbsp;&nbsp;&nbsp;&nbsp;&nbsp;&nbsp;&nbsp;&nbsp;&nbsp;&nbsp;&nbsp;&nbsp;&nbsp;&nbsp;&nbsp;&nbsp;&nbsp;&nbsp;&nbsp;&nbsp;&nbsp;&nbsp;&nbsp;&nbsp;&nbsp;&nbsp;&nbsp;&nbsp;&nbsp;&nbsp; SG 3<\/p>\n\n\n\n<p class=\"has-text-align-center\">CACIB Lingen&nbsp;&nbsp;&nbsp;&nbsp;&nbsp;&nbsp;&nbsp;&nbsp;&nbsp;&nbsp;&nbsp;&nbsp;&nbsp;&nbsp;&nbsp;&nbsp;&nbsp;&nbsp;&nbsp;&nbsp;&nbsp;&nbsp;&nbsp;&nbsp;&nbsp;&nbsp;&nbsp;&nbsp;&nbsp;&nbsp; V 2<\/p>\n\n\n\n<p class=\"has-text-align-center\">CACIB Dortmund&nbsp;&nbsp;&nbsp;&nbsp;&nbsp;&nbsp;&nbsp;&nbsp;&nbsp;&nbsp;&nbsp;&nbsp;&nbsp;&nbsp;&nbsp;&nbsp;&nbsp;&nbsp;&nbsp;&nbsp;&nbsp;&nbsp;&nbsp;&nbsp; V 4<\/p>\n\n\n\n<h2 class=\"has-text-align-center\">Galerie<\/h2>\n\n\n\n<figure class=\"wp-block-gallery columns-1 is-cropped\"><ul class=\"blocks-gallery-grid\"><li class=\"blocks-gallery-item\"><figure><img loading=\"lazy\" width=\"756\" height=\"1024\" src=\"http:\/\/testpage.gentleguards.com\/wp-content\/uploads\/2019\/10\/baby-4-oben-756x1024.jpg\" alt=\"\" data-id=\"102\" data-link=\"http:\/\/testpage.gentleguards.com\/?attachment_id=102\" class=\"wp-image-102\" srcset=\"https:\/\/gentleguards.com\/wp-content\/uploads\/2019\/10\/baby-4-oben-756x1024.jpg 756w, https:\/\/gentleguards.com\/wp-content\/uploads\/2019\/10\/baby-4-oben-221x300.jpg 221w, https:\/\/gentleguards.com\/wp-content\/uploads\/2019\/10\/baby-4-oben-768x1040.jpg 768w\" sizes=\"(max-width: 706px) 89vw, (max-width: 767px) 82vw, 740px\" \/><\/figure><\/li><li class=\"blocks-gallery-item\"><figure><img loading=\"lazy\" width=\"590\" height=\"669\" src=\"http:\/\/testpage.gentleguards.com\/wp-content\/uploads\/2019\/10\/emmi-Kopie.jpg\" alt=\"\" data-id=\"100\" data-link=\"http:\/\/testpage.gentleguards.com\/?attachment_id=100\" class=\"wp-image-100\" srcset=\"https:\/\/gentleguards.com\/wp-content\/uploads\/2019\/10\/emmi-Kopie.jpg 590w, https:\/\/gentleguards.com\/wp-content\/uploads\/2019\/10\/emmi-Kopie-265x300.jpg 265w\" sizes=\"(max-width: 590px) 100vw, 590px\" \/><\/figure><\/li><li class=\"blocks-gallery-item\"><figure><img loading=\"lazy\" width=\"734\" height=\"1024\" src=\"http:\/\/testpage.gentleguards.com\/wp-content\/uploads\/2019\/10\/DSC0530-734x1024.jpg\" alt=\"\" data-id=\"98\" data-link=\"http:\/\/testpage.gentleguards.com\/?attachment_id=98\" class=\"wp-image-98\" srcset=\"https:\/\/gentleguards.com\/wp-content\/uploads\/2019\/10\/DSC0530-734x1024.jpg 734w, https:\/\/gentleguards.com\/wp-content\/uploads\/2019\/10\/DSC0530-215x300.jpg 215w, https:\/\/gentleguards.com\/wp-content\/uploads\/2019\/10\/DSC0530-768x1071.jpg 768w\" sizes=\"(max-width: 734px) 100vw, 734px\" \/><\/figure><\/li><li class=\"blocks-gallery-item\"><figure><img loading=\"lazy\" width=\"392\" height=\"261\" src=\"http:\/\/testpage.gentleguards.com\/wp-content\/uploads\/2020\/06\/image-37.png\" alt=\"\" data-id=\"445\" data-link=\"http:\/\/testpage.gentleguards.com\/?attachment_id=445\" class=\"wp-image-445\" srcset=\"https:\/\/gentleguards.com\/wp-content\/uploads\/2020\/06\/image-37.png 392w, https:\/\/gentleguards.com\/wp-content\/uploads\/2020\/06\/image-37-300x200.png 300w\" sizes=\"(max-width: 392px) 100vw, 392px\" \/><\/figure><\/li><li class=\"blocks-gallery-item\"><figure><img loading=\"lazy\" width=\"1024\" height=\"683\" src=\"http:\/\/testpage.gentleguards.com\/wp-content\/uploads\/2019\/10\/Emmistock-1024x683.jpg\" alt=\"\" data-id=\"175\" data-link=\"http:\/\/testpage.gentleguards.com\/?attachment_id=175\" class=\"wp-image-175\" srcset=\"https:\/\/gentleguards.com\/wp-content\/uploads\/2019\/10\/Emmistock-1024x683.jpg 1024w, https:\/\/gentleguards.com\/wp-content\/uploads\/2019\/10\/Emmistock-300x200.jpg 300w, https:\/\/gentleguards.com\/wp-content\/uploads\/2019\/10\/Emmistock-768x512.jpg 768w\" sizes=\"(max-width: 767px) 89vw, (max-width: 1000px) 54vw, (max-width: 1071px) 543px, 580px\" \/><\/figure><\/li><li class=\"blocks-gallery-item\"><figure><img loading=\"lazy\" width=\"439\" height=\"847\" src=\"http:\/\/testpage.gentleguards.com\/wp-content\/uploads\/2019\/10\/20190906_100934.jpg\" alt=\"\" data-id=\"187\" data-link=\"http:\/\/testpage.gentleguards.com\/?attachment_id=187\" class=\"wp-image-187\" srcset=\"https:\/\/gentleguards.com\/wp-content\/uploads\/2019\/10\/20190906_100934.jpg 439w, https:\/\/gentleguards.com\/wp-content\/uploads\/2019\/10\/20190906_100934-155x300.jpg 155w\" sizes=\"(max-width: 439px) 100vw, 439px\" \/><\/figure><\/li><li class=\"blocks-gallery-item\"><figure><img loading=\"lazy\" width=\"558\" height=\"993\" src=\"http:\/\/testpage.gentleguards.com\/wp-content\/uploads\/2019\/10\/20180910_175003.jpg\" alt=\"\" data-id=\"171\" data-link=\"http:\/\/testpage.gentleguards.com\/?attachment_id=171\" class=\"wp-image-171\" srcset=\"https:\/\/gentleguards.com\/wp-content\/uploads\/2019\/10\/20180910_175003.jpg 558w, https:\/\/gentleguards.com\/wp-content\/uploads\/2019\/10\/20180910_175003-169x300.jpg 169w\" sizes=\"(max-width: 558px) 100vw, 558px\" \/><\/figure><\/li><li class=\"blocks-gallery-item\"><figure><img loading=\"lazy\" width=\"1024\" height=\"683\" src=\"http:\/\/testpage.gentleguards.com\/wp-content\/uploads\/2019\/10\/2F0A3256-2-1024x683.jpg\" alt=\"\" data-id=\"94\" data-link=\"http:\/\/testpage.gentleguards.com\/?attachment_id=94\" class=\"wp-image-94\" srcset=\"https:\/\/gentleguards.com\/wp-content\/uploads\/2019\/10\/2F0A3256-2-1024x683.jpg 1024w, https:\/\/gentleguards.com\/wp-content\/uploads\/2019\/10\/2F0A3256-2-300x200.jpg 300w, https:\/\/gentleguards.com\/wp-content\/uploads\/2019\/10\/2F0A3256-2-768x512.jpg 768w\" sizes=\"(max-width: 767px) 89vw, (max-width: 1000px) 54vw, (max-width: 1071px) 543px, 580px\" \/><\/figure><\/li><li class=\"blocks-gallery-item\"><figure><img loading=\"lazy\" width=\"705\" height=\"1024\" src=\"http:\/\/testpage.gentleguards.com\/wp-content\/uploads\/2019\/10\/IMG_3414-705x1024.jpg\" alt=\"\" data-id=\"76\" data-link=\"http:\/\/testpage.gentleguards.com\/?attachment_id=76\" class=\"wp-image-76\" srcset=\"https:\/\/gentleguards.com\/wp-content\/uploads\/2019\/10\/IMG_3414-705x1024.jpg 705w, https:\/\/gentleguards.com\/wp-content\/uploads\/2019\/10\/IMG_3414-206x300.jpg 206w, https:\/\/gentleguards.com\/wp-content\/uploads\/2019\/10\/IMG_3414-768x1116.jpg 768w\" sizes=\"(max-width: 705px) 100vw, 705px\" \/><\/figure><\/li><li class=\"blocks-gallery-item\"><figure><img loading=\"lazy\" width=\"1024\" height=\"882\" src=\"http:\/\/testpage.gentleguards.com\/wp-content\/uploads\/2019\/10\/IMG_2303-1024x882.jpg\" alt=\"\" data-id=\"201\" data-link=\"http:\/\/testpage.gentleguards.com\/?attachment_id=201\" class=\"wp-image-201\" srcset=\"https:\/\/gentleguards.com\/wp-content\/uploads\/2019\/10\/IMG_2303-1024x882.jpg 1024w, https:\/\/gentleguards.com\/wp-content\/uploads\/2019\/10\/IMG_2303-300x258.jpg 300w, https:\/\/gentleguards.com\/wp-content\/uploads\/2019\/10\/IMG_2303-768x661.jpg 768w\" sizes=\"(max-width: 767px) 89vw, (max-width: 1000px) 54vw, (max-width: 1071px) 543px, 580px\" \/><\/figure><\/li><li class=\"blocks-gallery-item\"><figure><img loading=\"lazy\" width=\"1024\" height=\"1024\" src=\"http:\/\/testpage.gentleguards.com\/wp-content\/uploads\/2019\/10\/FB_IMG_1534761323647-1024x1024.jpg\" alt=\"\" data-id=\"199\" data-link=\"http:\/\/testpage.gentleguards.com\/?attachment_id=199\" class=\"wp-image-199\" srcset=\"https:\/\/gentleguards.com\/wp-content\/uploads\/2019\/10\/FB_IMG_1534761323647-1024x1024.jpg 1024w, https:\/\/gentleguards.com\/wp-content\/uploads\/2019\/10\/FB_IMG_1534761323647-150x150.jpg 150w, https:\/\/gentleguards.com\/wp-content\/uploads\/2019\/10\/FB_IMG_1534761323647-300x300.jpg 300w, https:\/\/gentleguards.com\/wp-content\/uploads\/2019\/10\/FB_IMG_1534761323647-768x768.jpg 768w, https:\/\/gentleguards.com\/wp-content\/uploads\/2019\/10\/FB_IMG_1534761323647-100x100.jpg 100w, https:\/\/gentleguards.com\/wp-content\/uploads\/2019\/10\/FB_IMG_1534761323647.jpg 1127w\" sizes=\"(max-width: 767px) 89vw, (max-width: 1000px) 54vw, (max-width: 1071px) 543px, 580px\" \/><\/figure><\/li><li class=\"blocks-gallery-item\"><figure><img loading=\"lazy\" width=\"1024\" height=\"838\" src=\"http:\/\/gentleguards.com\/wp-content\/uploads\/2021\/01\/Emmi-45-Jahre-1-1024x838.jpeg\" alt=\"\" data-id=\"1053\" data-link=\"http:\/\/gentleguards.com\/?attachment_id=1053\" class=\"wp-image-1053\" srcset=\"https:\/\/gentleguards.com\/wp-content\/uploads\/2021\/01\/Emmi-45-Jahre-1-1024x838.jpeg 1024w, https:\/\/gentleguards.com\/wp-content\/uploads\/2021\/01\/Emmi-45-Jahre-1-300x246.jpeg 300w, https:\/\/gentleguards.com\/wp-content\/uploads\/2021\/01\/Emmi-45-Jahre-1-768x629.jpeg 768w, https:\/\/gentleguards.com\/wp-content\/uploads\/2021\/01\/Emmi-45-Jahre-1-1536x1257.jpeg 1536w, https:\/\/gentleguards.com\/wp-content\/uploads\/2021\/01\/Emmi-45-Jahre-1-2048x1676.jpeg 2048w\" sizes=\"(max-width: 767px) 89vw, (max-width: 1000px) 54vw, (max-width: 1071px) 543px, 580px\" \/><\/figure><\/li><li class=\"blocks-gallery-item\"><figure><img loading=\"lazy\" width=\"1024\" height=\"683\" src=\"http:\/\/gentleguards.com\/wp-content\/uploads\/2021\/01\/emmi-kopf-1-1024x683.jpg\" alt=\"\" data-id=\"1054\" data-link=\"http:\/\/gentleguards.com\/?attachment_id=1054\" class=\"wp-image-1054\" srcset=\"https:\/\/gentleguards.com\/wp-content\/uploads\/2021\/01\/emmi-kopf-1-1024x683.jpg 1024w, https:\/\/gentleguards.com\/wp-content\/uploads\/2021\/01\/emmi-kopf-1-300x200.jpg 300w, https:\/\/gentleguards.com\/wp-content\/uploads\/2021\/01\/emmi-kopf-1-768x512.jpg 768w, https:\/\/gentleguards.com\/wp-content\/uploads\/2021\/01\/emmi-kopf-1-2048x1365.jpg 2048w\" sizes=\"(max-width: 767px) 89vw, (max-width: 1000px) 54vw, (max-width: 1071px) 543px, 580px\" \/><\/figure><\/li><li class=\"blocks-gallery-item\"><figure><img loading=\"lazy\" width=\"683\" height=\"1024\" src=\"http:\/\/gentleguards.com\/wp-content\/uploads\/2022\/08\/1660245940682-683x1024.jpeg\" alt=\"\" data-id=\"1854\" data-full-url=\"http:\/\/gentleguards.com\/wp-content\/uploads\/2022\/08\/1660245940682-scaled.jpeg\" data-link=\"http:\/\/gentleguards.com\/?attachment_id=1854\" class=\"wp-image-1854\" srcset=\"https:\/\/gentleguards.com\/wp-content\/uploads\/2022\/08\/1660245940682-683x1024.jpeg 683w, https:\/\/gentleguards.com\/wp-content\/uploads\/2022\/08\/1660245940682-200x300.jpeg 200w, https:\/\/gentleguards.com\/wp-content\/uploads\/2022\/08\/1660245940682-768x1152.jpeg 768w, https:\/\/gentleguards.com\/wp-content\/uploads\/2022\/08\/1660245940682-1024x1536.jpeg 1024w, https:\/\/gentleguards.com\/wp-content\/uploads\/2022\/08\/1660245940682-1365x2048.jpeg 1365w, https:\/\/gentleguards.com\/wp-content\/uploads\/2022\/08\/1660245940682-scaled.jpeg 1707w\" sizes=\"(max-width: 683px) 100vw, 683px\" \/><\/figure><\/li><\/ul><\/figure>\n","protected":false},"excerpt":{"rendered":"<p>Ch. Nobility Mr. One Harry Brown x Rain and Tears of the Benjy Bunch Emmi (unsere Emma Elfriede) hat am 26.04.2016&nbsp;um 3.54 Uhr , hier in Bergkamen, zusammen mit ihren 5 Br\u00fcdern, dem D-Wurf , das Licht der Welt erblickt Sie durfte hier in ihrer Geburtsst\u00e4tte bleiben. Sie war kurzum gesagt, einfach zu lieb f\u00fcr &hellip; <\/p>\n<p class=\"link-more\"><a href=\"https:\/\/gentleguards.com\/?page_id=292\" class=\"more-link\"><span class=\"screen-reader-text\">\u201e&#8222;Emmi&#8220;\u201c<\/span> weiterlesen<\/a><\/p>\n","protected":false},"author":1,"featured_media":0,"parent":287,"menu_order":0,"comment_status":"closed","ping_status":"closed","template":"","meta":[],"_links":{"self":[{"href":"https:\/\/gentleguards.com\/index.php?rest_route=\/wp\/v2\/pages\/292"}],"collection":[{"href":"https:\/\/gentleguards.com\/index.php?rest_route=\/wp\/v2\/pages"}],"about":[{"href":"https:\/\/gentleguards.com\/index.php?rest_route=\/wp\/v2\/types\/page"}],"author":[{"embeddable":true,"href":"https:\/\/gentleguards.com\/index.php?rest_route=\/wp\/v2\/users\/1"}],"replies":[{"embeddable":true,"href":"https:\/\/gentleguards.com\/index.php?rest_route=%2Fwp%2Fv2%2Fcomments&post=292"}],"version-history":[{"count":24,"href":"https:\/\/gentleguards.com\/index.php?rest_route=\/wp\/v2\/pages\/292\/revisions"}],"predecessor-version":[{"id":2374,"href":"https:\/\/gentleguards.com\/index.php?rest_route=\/wp\/v2\/pages\/292\/revisions\/2374"}],"up":[{"embeddable":true,"href":"https:\/\/gentleguards.com\/index.php?rest_route=\/wp\/v2\/pages\/287"}],"wp:attachment":[{"href":"https:\/\/gentleguards.com\/index.php?rest_route=%2Fwp%2Fv2%2Fmedia&parent=292"}],"curies":[{"name":"wp","href":"https:\/\/api.w.org\/{rel}","templated":true}]}}