{"id":287,"date":"2019-10-12T21:01:20","date_gmt":"2019-10-12T21:01:20","guid":{"rendered":"http:\/\/testpage.gentleguards.com\/?page_id=287"},"modified":"2025-01-15T15:15:03","modified_gmt":"2025-01-15T15:15:03","slug":"maedels-2","status":"publish","type":"page","link":"https:\/\/gentleguards.com\/?page_id=287","title":{"rendered":"Unsere M\u00e4dels"},"content":{"rendered":"\n<p class=\"has-text-align-center\">Bei unseren Hunden, versuchen wir so gut es geht , auf Chemie und Giftstoffe zu verzichten .<\/p>\n\n\n\n<p class=\"has-text-align-center\">Wir f\u00fcttern roh, Impfungen und Wurmkuren nur bei Bedarf. Wir behandeln wenn notwendig erstmal hom\u00f6opatisch. Das betrifft auch die Zeckenabwehr , dort max. Halsb\u00e4nder und keine Spot ons oder gar Tabletten..<\/p>\n\n\n\n<p class=\"has-text-align-center\">Und das aus einem guten Grund :&nbsp;&nbsp; Spermien und Eizellen und nat\u00fcrlich auch die Gesundheit unserer Hunde werden somit nicht unn\u00f6tig gef\u00e4hrdet.&nbsp;<\/p>\n\n\n\n<p class=\"has-text-align-center\">Da sich in den letzten Jahren die Autoimmunkrankheiten h\u00e4ufen, bestehen wir bei einer Verpaarung zus\u00e4tzlich zu allen anderen Gesundheitsuntersuchungen, zwingend auf einen Abgleich der Haplotypen beider Elterntiere. Unsere Hunde die in der Zucht stehen, sind bereits alle ausgewertet. Diese DLA Analyse zeigt die genetische Vielfalt auf dem Chromosom 12, das f\u00fcr die Autoimmunkrankheiten zust\u00e4ndig ist. Je h\u00f6her die Genvielfalt in diesem Bereich ist , desto geringer das Risiko ,das der Welpe ,der aus dieser Verpaarung hervorgeht , an einer solchen erkrankt.<\/p>\n\n\n\n<p class=\"has-text-align-center\">Gesunde Eltern = Gesunde Welpen<\/p>\n\n\n\n<div class=\"wp-block-columns has-white-background-color has-text-color has-background\" style=\"color:#0071a1\">\n<div class=\"wp-block-column\">\n<h2 class=\"has-normal-font-size\">D\u00f6rte<\/h2>\n\n\n\n<div class=\"wp-block-image is-style-default\"><figure class=\"aligncenter size-full\"><a href=\"http:\/\/gentleguards.com\/?page_id=235\"><img loading=\"lazy\" width=\"997\" height=\"1000\" src=\"http:\/\/gentleguards.com\/wp-content\/uploads\/2025\/01\/doerte.jpeg\" alt=\"\" class=\"wp-image-2436\" srcset=\"https:\/\/gentleguards.com\/wp-content\/uploads\/2025\/01\/doerte.jpeg 997w, https:\/\/gentleguards.com\/wp-content\/uploads\/2025\/01\/doerte-300x300.jpeg 300w, https:\/\/gentleguards.com\/wp-content\/uploads\/2025\/01\/doerte-150x150.jpeg 150w, https:\/\/gentleguards.com\/wp-content\/uploads\/2025\/01\/doerte-768x770.jpeg 768w, https:\/\/gentleguards.com\/wp-content\/uploads\/2025\/01\/doerte-100x100.jpeg 100w\" sizes=\"(max-width: 767px) 89vw, (max-width: 1000px) 54vw, (max-width: 1071px) 543px, 580px\" \/><\/a><figcaption><strong>Dainty D\u00f6rte The Groovy Beauty<\/strong><\/figcaption><\/figure><\/div>\n<\/div>\n\n\n\n<div class=\"wp-block-column\">\n<h2 class=\"has-normal-font-size\">Valentina<\/h2>\n\n\n\n<figure class=\"wp-block-image size-large\"><a href=\"http:\/\/gentleguards.com\/?page_id=285\"><img loading=\"lazy\" width=\"1022\" height=\"1024\" src=\"http:\/\/gentleguards.com\/wp-content\/uploads\/2025\/01\/nnini-1022x1024.jpeg\" alt=\"\" class=\"wp-image-2437\" srcset=\"https:\/\/gentleguards.com\/wp-content\/uploads\/2025\/01\/nnini-1022x1024.jpeg 1022w, https:\/\/gentleguards.com\/wp-content\/uploads\/2025\/01\/nnini-300x300.jpeg 300w, https:\/\/gentleguards.com\/wp-content\/uploads\/2025\/01\/nnini-150x150.jpeg 150w, https:\/\/gentleguards.com\/wp-content\/uploads\/2025\/01\/nnini-768x769.jpeg 768w, https:\/\/gentleguards.com\/wp-content\/uploads\/2025\/01\/nnini-1533x1536.jpeg 1533w, https:\/\/gentleguards.com\/wp-content\/uploads\/2025\/01\/nnini-2045x2048.jpeg 2045w, https:\/\/gentleguards.com\/wp-content\/uploads\/2025\/01\/nnini-100x100.jpeg 100w\" sizes=\"(max-width: 767px) 89vw, (max-width: 1000px) 54vw, (max-width: 1071px) 543px, 580px\" \/><\/a><figcaption><strong>Rain and Tears of the Benjy Bunch<\/strong><\/figcaption><\/figure>\n<\/div>\n\n\n\n<div class=\"wp-block-column\">\n<h2 class=\"has-normal-font-size\">Emmi<\/h2>\n\n\n\n<figure class=\"wp-block-image size-full\"><a href=\"http:\/\/gentleguards.com\/?page_id=292\"><img loading=\"lazy\" width=\"1000\" height=\"1007\" src=\"http:\/\/gentleguards.com\/wp-content\/uploads\/2025\/01\/emmi.jpeg\" alt=\"\" class=\"wp-image-2438\" srcset=\"https:\/\/gentleguards.com\/wp-content\/uploads\/2025\/01\/emmi.jpeg 1000w, https:\/\/gentleguards.com\/wp-content\/uploads\/2025\/01\/emmi-298x300.jpeg 298w, https:\/\/gentleguards.com\/wp-content\/uploads\/2025\/01\/emmi-150x150.jpeg 150w, https:\/\/gentleguards.com\/wp-content\/uploads\/2025\/01\/emmi-768x773.jpeg 768w, https:\/\/gentleguards.com\/wp-content\/uploads\/2025\/01\/emmi-100x100.jpeg 100w\" sizes=\"(max-width: 767px) 89vw, (max-width: 1000px) 54vw, (max-width: 1071px) 543px, 580px\" \/><\/a><figcaption><strong>Gentle Guards Does in Care<\/strong><\/figcaption><\/figure>\n<\/div>\n\n\n\n<div class=\"wp-block-column\">\n<h2 class=\"has-normal-font-size\">Judith<\/h2>\n\n\n\n<figure class=\"wp-block-image size-full\"><a href=\"http:\/\/gentleguards.com\/?page_id=369\"><img loading=\"lazy\" width=\"998\" height=\"999\" src=\"http:\/\/gentleguards.com\/wp-content\/uploads\/2025\/01\/Judith1-1.jpg\" alt=\"\" class=\"wp-image-2435\" srcset=\"https:\/\/gentleguards.com\/wp-content\/uploads\/2025\/01\/Judith1-1.jpg 998w, https:\/\/gentleguards.com\/wp-content\/uploads\/2025\/01\/Judith1-1-300x300.jpg 300w, https:\/\/gentleguards.com\/wp-content\/uploads\/2025\/01\/Judith1-1-150x150.jpg 150w, https:\/\/gentleguards.com\/wp-content\/uploads\/2025\/01\/Judith1-1-768x769.jpg 768w, https:\/\/gentleguards.com\/wp-content\/uploads\/2025\/01\/Judith1-1-100x100.jpg 100w\" sizes=\"(max-width: 767px) 89vw, (max-width: 1000px) 54vw, (max-width: 1071px) 543px, 580px\" \/><\/a><figcaption><strong>Gentle Guards Guess <\/strong><br>W<strong>ho&#8217;s Guinnea Gauzy<\/strong><\/figcaption><\/figure>\n\n\n\n<p><\/p>\n<\/div>\n\n\n\n<div class=\"wp-block-column\">\n<h2 class=\"has-normal-font-size\">Anita<\/h2>\n\n\n\n<figure class=\"wp-block-image size-full\"><a href=\"http:\/\/gentleguards.com\/?page_id=2346\"><img loading=\"lazy\" width=\"662\" height=\"667\" src=\"http:\/\/gentleguards.com\/wp-content\/uploads\/2025\/01\/anita.jpg\" alt=\"\" class=\"wp-image-2439\" srcset=\"https:\/\/gentleguards.com\/wp-content\/uploads\/2025\/01\/anita.jpg 662w, https:\/\/gentleguards.com\/wp-content\/uploads\/2025\/01\/anita-298x300.jpg 298w, https:\/\/gentleguards.com\/wp-content\/uploads\/2025\/01\/anita-150x150.jpg 150w, https:\/\/gentleguards.com\/wp-content\/uploads\/2025\/01\/anita-100x100.jpg 100w\" sizes=\"(max-width: 662px) 100vw, 662px\" \/><\/a><figcaption><strong>V\u00e4sterskog En Unik Elise f\u00f6r Gentle Guards<\/strong><\/figcaption><\/figure>\n<\/div>\n<\/div>\n\n\n\n<p><\/p>\n","protected":false},"excerpt":{"rendered":"<p>Bei unseren Hunden, versuchen wir so gut es geht , auf Chemie und Giftstoffe zu verzichten . Wir f\u00fcttern roh, Impfungen und Wurmkuren nur bei Bedarf. Wir behandeln wenn notwendig erstmal hom\u00f6opatisch. Das betrifft auch die Zeckenabwehr , dort max. Halsb\u00e4nder und keine Spot ons oder gar Tabletten.. Und das aus einem guten Grund :&nbsp;&nbsp; &hellip; <\/p>\n<p class=\"link-more\"><a href=\"https:\/\/gentleguards.com\/?page_id=287\" class=\"more-link\"><span class=\"screen-reader-text\">\u201eUnsere M\u00e4dels\u201c<\/span> weiterlesen<\/a><\/p>\n","protected":false},"author":1,"featured_media":0,"parent":0,"menu_order":0,"comment_status":"closed","ping_status":"closed","template":"","meta":[],"_links":{"self":[{"href":"https:\/\/gentleguards.com\/index.php?rest_route=\/wp\/v2\/pages\/287"}],"collection":[{"href":"https:\/\/gentleguards.com\/index.php?rest_route=\/wp\/v2\/pages"}],"about":[{"href":"https:\/\/gentleguards.com\/index.php?rest_route=\/wp\/v2\/types\/page"}],"author":[{"embeddable":true,"href":"https:\/\/gentleguards.com\/index.php?rest_route=\/wp\/v2\/users\/1"}],"replies":[{"embeddable":true,"href":"https:\/\/gentleguards.com\/index.php?rest_route=%2Fwp%2Fv2%2Fcomments&post=287"}],"version-history":[{"count":26,"href":"https:\/\/gentleguards.com\/index.php?rest_route=\/wp\/v2\/pages\/287\/revisions"}],"predecessor-version":[{"id":2440,"href":"https:\/\/gentleguards.com\/index.php?rest_route=\/wp\/v2\/pages\/287\/revisions\/2440"}],"wp:attachment":[{"href":"https:\/\/gentleguards.com\/index.php?rest_route=%2Fwp%2Fv2%2Fmedia&parent=287"}],"curies":[{"name":"wp","href":"https:\/\/api.w.org\/{rel}","templated":true}]}}