{"id":285,"date":"2019-10-12T21:01:20","date_gmt":"2019-10-12T21:01:20","guid":{"rendered":"http:\/\/testpage.gentleguards.com\/?page_id=285"},"modified":"2022-08-04T14:45:05","modified_gmt":"2022-08-04T14:45:05","slug":"valentina-3","status":"publish","type":"page","link":"https:\/\/gentleguards.com\/?page_id=285","title":{"rendered":"&#8222;Valentina&#8220;"},"content":{"rendered":"\n<div class=\"wp-block-cover has-custom-content-position is-position-bottom-center\" style=\"min-height:100vh\"><img loading=\"lazy\" width=\"1024\" height=\"1024\" class=\"wp-block-cover__image-background wp-image-119\" alt=\"\" src=\"http:\/\/testpage.gentleguards.com\/wp-content\/uploads\/2019\/10\/kopf-1024x1024.jpg\" style=\"object-position:48% 71%\" data-object-fit=\"cover\" data-object-position=\"48% 71%\" srcset=\"https:\/\/gentleguards.com\/wp-content\/uploads\/2019\/10\/kopf-1024x1024.jpg 1024w, https:\/\/gentleguards.com\/wp-content\/uploads\/2019\/10\/kopf-150x150.jpg 150w, https:\/\/gentleguards.com\/wp-content\/uploads\/2019\/10\/kopf-300x300.jpg 300w, https:\/\/gentleguards.com\/wp-content\/uploads\/2019\/10\/kopf-768x767.jpg 768w, https:\/\/gentleguards.com\/wp-content\/uploads\/2019\/10\/kopf-100x100.jpg 100w, https:\/\/gentleguards.com\/wp-content\/uploads\/2019\/10\/kopf.jpg 1358w\" sizes=\"(max-width: 767px) 89vw, (max-width: 1000px) 54vw, (max-width: 1071px) 543px, 580px\" \/><div class=\"wp-block-cover__inner-container\">\n<p class=\"has-text-align-center has-large-font-size\">Rain and Tears of the Benjy Bunch<\/p>\n<\/div><\/div>\n\n\n\n<h2 class=\"has-text-align-center\">Amazing Balu The Lovable Nature x Next Generation of the Benjy Bunch<\/h2>\n\n\n\n<p class=\"has-text-align-center\">Valentina hat am 13.03. 2012 in Maastricht, bei Fam. Goossens, mit ihren 7 Wurfgeschwistern, das Licht der Welt erblickt.<\/p>\n\n\n\n<p class=\"has-text-align-center\">Mit knapp 9 Wochen zog sie bei uns ein.<\/p>\n\n\n\n<p class=\"has-text-align-center\">Sie ist ein sehr bellfreudiges , aber sehr ausgeglichenes M\u00e4del, das ausgiebige Kuscheleinheiten liebt.<\/p>\n\n\n\n<p class=\"has-text-align-center\">H\u00fcpfen, Springen und Toben , genauso wie viele laute Menschen, sind nicht so ihres.<\/p>\n\n\n\n<p class=\"has-text-align-center\">Sie arbeitet lieber , in Form von apportieren und Mantrailing.<\/p>\n\n\n\n<p class=\"has-text-align-center\">Sie hat tolles Fell, eine sehr intensive blaue Fellfarbe und sehr sehr gutes Pigment.<\/p>\n\n\n\n<p class=\"has-text-align-center\">Sie hat viel  kr\u00e4ftiges Deckhaar , das sich prima pflegen l\u00e4sst .  Wenig Unterwolle , die kaum filzt . Alle 6 Wochen b\u00fcrsten, reicht bei ihr v\u00f6llig aus.<\/p>\n\n\n\n<p class=\"has-text-align-center\">Valentina ist Mama unseres D,E,F und G- Wurfes und genie\u00dft seit letztem Jahr , ihren Ruhestand bei Oma und Opa in Schwerte . Sie ist dort Prinzessin und kommt ganz oft zu Besuch zu uns.<\/p>\n\n\n\n<div class=\"wp-block-image is-style-default\"><figure class=\"aligncenter size-large\"><img loading=\"lazy\" width=\"880\" height=\"871\" src=\"http:\/\/testpage.gentleguards.com\/wp-content\/uploads\/2019\/10\/FB_IMG_1552517160459.jpg\" alt=\"\" class=\"wp-image-192\" srcset=\"https:\/\/gentleguards.com\/wp-content\/uploads\/2019\/10\/FB_IMG_1552517160459.jpg 880w, https:\/\/gentleguards.com\/wp-content\/uploads\/2019\/10\/FB_IMG_1552517160459-300x297.jpg 300w, https:\/\/gentleguards.com\/wp-content\/uploads\/2019\/10\/FB_IMG_1552517160459-768x760.jpg 768w, https:\/\/gentleguards.com\/wp-content\/uploads\/2019\/10\/FB_IMG_1552517160459-100x100.jpg 100w\" sizes=\"(max-width: 767px) 89vw, (max-width: 1000px) 54vw, (max-width: 1071px) 543px, 580px\" \/><\/figure><\/div>\n\n\n\n<h2 class=\"has-text-align-center\">Zuchtrelevante Daten<\/h2>\n\n\n\n<p class=\"has-text-align-center\">Gr\u00f6\u00dfe: 53 cm<\/p>\n\n\n\n<p class=\"has-text-align-center\">Farbe:  blau-wei\u00df<\/p>\n\n\n\n<p class=\"has-text-align-center\">HD: A (frei)<\/p>\n\n\n\n<p class=\"has-text-align-center\">Augenuntersuchungen:  CEA  N\/N (genetisch frei) , PRA N\/N (genetisch frei), <\/p>\n\n\n\n<p class=\"has-text-align-center\"> Kataract frei 20.12. 2013<\/p>\n\n\n\n<p class=\"has-text-align-center\">Kataract frei  11.02.2019<\/p>\n\n\n\n<p class=\"has-text-align-center\">Haplotypen:   4\/1  (DLA Analyse)<\/p>\n\n\n\n<p><\/p>\n\n\n\n<h2 class=\"has-text-align-center\">Ahnentafel<\/h2>\n\n\n\n<h2 class=\"has-text-align-center\"> IK 0,00  AVK  100%<\/h2>\n\n\n\n<div class=\"wp-block-image is-style-default\"><figure class=\"aligncenter size-large\"><img loading=\"lazy\" width=\"659\" height=\"843\" src=\"http:\/\/testpage.gentleguards.com\/wp-content\/uploads\/2020\/06\/Valentina.png\" alt=\"\" class=\"wp-image-578\" srcset=\"https:\/\/gentleguards.com\/wp-content\/uploads\/2020\/06\/Valentina.png 659w, https:\/\/gentleguards.com\/wp-content\/uploads\/2020\/06\/Valentina-235x300.png 235w\" sizes=\"(max-width: 659px) 100vw, 659px\" \/><\/figure><\/div>\n\n\n\n<div class=\"wp-block-image is-style-default\"><figure class=\"aligncenter size-large\"><img loading=\"lazy\" width=\"206\" height=\"222\" src=\"http:\/\/testpage.gentleguards.com\/wp-content\/uploads\/2019\/10\/Logo_DNA_profile_reg_JPG_-_engels_01.jpg\" alt=\"\" class=\"wp-image-173\"\/><\/figure><\/div>\n\n\n\n<h2 class=\"has-text-align-center\">Erfolge<\/h2>\n\n\n\n<p class=\"has-text-align-center\">&nbsp;Gelsenkirchen&nbsp;&nbsp;&nbsp; Puppyclass&nbsp;&nbsp;&nbsp;&nbsp;&nbsp;&nbsp;&nbsp;&nbsp;&nbsp;&nbsp;&nbsp;&nbsp;&nbsp;&nbsp; VV1<\/p>\n\n\n\n<p class=\"has-text-align-center\">&nbsp;&nbsp;&nbsp;&nbsp; Bergheim&nbsp;&nbsp;&nbsp;&nbsp;&nbsp;&nbsp;&nbsp;&nbsp;&nbsp;&nbsp; Puppyclass&nbsp;&nbsp;&nbsp;&nbsp;&nbsp;&nbsp;&nbsp;&nbsp;&nbsp;&nbsp;&nbsp;&nbsp;&nbsp;&nbsp; VV2<\/p>\n\n\n\n<p class=\"has-text-align-center\">&nbsp;&nbsp;&nbsp;&nbsp; Beckum&nbsp;&nbsp;&nbsp;&nbsp;&nbsp;&nbsp;&nbsp;&nbsp;&nbsp;&nbsp;&nbsp;&nbsp;&nbsp; Puppyclass&nbsp;&nbsp;&nbsp;&nbsp;&nbsp;&nbsp;&nbsp;&nbsp;&nbsp;&nbsp;&nbsp;&nbsp;&nbsp;&nbsp; VV2<\/p>\n\n\n\n<p class=\"has-text-align-center\">&nbsp;&nbsp;&nbsp;&nbsp; Verl&nbsp;&nbsp;&nbsp;&nbsp;&nbsp;&nbsp;&nbsp;&nbsp;&nbsp;&nbsp;&nbsp;&nbsp;&nbsp;&nbsp;&nbsp;&nbsp;&nbsp;&nbsp; Zwischenklasse&nbsp;&nbsp;&nbsp;&nbsp;&nbsp;&nbsp;&nbsp;&nbsp; V4<\/p>\n\n\n\n<p class=\"has-text-align-center\">&nbsp;&nbsp;&nbsp;&nbsp; Siegen&nbsp;&nbsp;&nbsp;&nbsp;&nbsp;&nbsp;&nbsp;&nbsp;&nbsp;&nbsp;&nbsp;&nbsp;&nbsp;&nbsp; Zwischenklasse&nbsp;&nbsp;&nbsp;&nbsp;&nbsp;&nbsp;&nbsp;&nbsp; V2<\/p>\n\n\n\n<h2 class=\"has-text-align-center\">Galerie<\/h2>\n\n\n\n<figure class=\"wp-block-gallery columns-1 is-cropped\"><ul class=\"blocks-gallery-grid\"><li class=\"blocks-gallery-item\"><figure><img loading=\"lazy\" width=\"800\" height=\"533\" src=\"http:\/\/testpage.gentleguards.com\/wp-content\/uploads\/2019\/10\/IMG_9555.jpg\" alt=\"\" data-id=\"141\" data-link=\"http:\/\/testpage.gentleguards.com\/?attachment_id=141\" class=\"wp-image-141\" srcset=\"https:\/\/gentleguards.com\/wp-content\/uploads\/2019\/10\/IMG_9555.jpg 800w, https:\/\/gentleguards.com\/wp-content\/uploads\/2019\/10\/IMG_9555-300x200.jpg 300w, https:\/\/gentleguards.com\/wp-content\/uploads\/2019\/10\/IMG_9555-768x512.jpg 768w\" sizes=\"(max-width: 767px) 89vw, (max-width: 1000px) 54vw, (max-width: 1071px) 543px, 580px\" \/><\/figure><\/li><li class=\"blocks-gallery-item\"><figure><img loading=\"lazy\" width=\"800\" height=\"449\" src=\"http:\/\/testpage.gentleguards.com\/wp-content\/uploads\/2019\/10\/IMG_9748.jpeg\" alt=\"\" data-id=\"139\" data-link=\"http:\/\/testpage.gentleguards.com\/?attachment_id=139\" class=\"wp-image-139\" srcset=\"https:\/\/gentleguards.com\/wp-content\/uploads\/2019\/10\/IMG_9748.jpeg 800w, https:\/\/gentleguards.com\/wp-content\/uploads\/2019\/10\/IMG_9748-300x168.jpeg 300w, https:\/\/gentleguards.com\/wp-content\/uploads\/2019\/10\/IMG_9748-768x431.jpeg 768w\" sizes=\"(max-width: 767px) 89vw, (max-width: 1000px) 54vw, (max-width: 1071px) 543px, 580px\" \/><\/figure><\/li><li class=\"blocks-gallery-item\"><figure><img loading=\"lazy\" width=\"800\" height=\"533\" src=\"http:\/\/testpage.gentleguards.com\/wp-content\/uploads\/2019\/10\/IMG_0636.jpg\" alt=\"\" data-id=\"135\" data-link=\"http:\/\/testpage.gentleguards.com\/?attachment_id=135\" class=\"wp-image-135\" srcset=\"https:\/\/gentleguards.com\/wp-content\/uploads\/2019\/10\/IMG_0636.jpg 800w, https:\/\/gentleguards.com\/wp-content\/uploads\/2019\/10\/IMG_0636-300x200.jpg 300w, https:\/\/gentleguards.com\/wp-content\/uploads\/2019\/10\/IMG_0636-768x512.jpg 768w\" sizes=\"(max-width: 767px) 89vw, (max-width: 1000px) 54vw, (max-width: 1071px) 543px, 580px\" \/><\/figure><\/li><li class=\"blocks-gallery-item\"><figure><img loading=\"lazy\" width=\"800\" height=\"533\" src=\"http:\/\/testpage.gentleguards.com\/wp-content\/uploads\/2019\/10\/IMG_2743.jpg\" alt=\"\" data-id=\"136\" data-link=\"http:\/\/testpage.gentleguards.com\/?attachment_id=136\" class=\"wp-image-136\" srcset=\"https:\/\/gentleguards.com\/wp-content\/uploads\/2019\/10\/IMG_2743.jpg 800w, https:\/\/gentleguards.com\/wp-content\/uploads\/2019\/10\/IMG_2743-300x200.jpg 300w, https:\/\/gentleguards.com\/wp-content\/uploads\/2019\/10\/IMG_2743-768x512.jpg 768w\" sizes=\"(max-width: 767px) 89vw, (max-width: 1000px) 54vw, (max-width: 1071px) 543px, 580px\" \/><\/figure><\/li><li class=\"blocks-gallery-item\"><figure><img loading=\"lazy\" width=\"768\" height=\"1024\" src=\"http:\/\/testpage.gentleguards.com\/wp-content\/uploads\/2019\/10\/IMG_0289-768x1024.jpeg\" alt=\"\" data-id=\"124\" data-link=\"http:\/\/testpage.gentleguards.com\/?attachment_id=124\" class=\"wp-image-124\" srcset=\"https:\/\/gentleguards.com\/wp-content\/uploads\/2019\/10\/IMG_0289-768x1024.jpeg 768w, https:\/\/gentleguards.com\/wp-content\/uploads\/2019\/10\/IMG_0289-225x300.jpeg 225w\" sizes=\"(max-width: 767px) 89vw, (max-width: 1000px) 54vw, (max-width: 1071px) 543px, 580px\" \/><\/figure><\/li><li class=\"blocks-gallery-item\"><figure><img loading=\"lazy\" width=\"914\" height=\"1024\" src=\"http:\/\/testpage.gentleguards.com\/wp-content\/uploads\/2019\/10\/tien5-914x1024.jpg\" alt=\"\" data-id=\"127\" data-link=\"http:\/\/testpage.gentleguards.com\/?attachment_id=127\" class=\"wp-image-127\" srcset=\"https:\/\/gentleguards.com\/wp-content\/uploads\/2019\/10\/tien5-914x1024.jpg 914w, https:\/\/gentleguards.com\/wp-content\/uploads\/2019\/10\/tien5-268x300.jpg 268w, https:\/\/gentleguards.com\/wp-content\/uploads\/2019\/10\/tien5-768x860.jpg 768w\" sizes=\"(max-width: 767px) 89vw, (max-width: 1000px) 54vw, (max-width: 1071px) 543px, 580px\" \/><\/figure><\/li><li class=\"blocks-gallery-item\"><figure><img loading=\"lazy\" width=\"1024\" height=\"674\" src=\"http:\/\/testpage.gentleguards.com\/wp-content\/uploads\/2019\/10\/UNADJUSTEDNONRAW_thumb_33b1-1024x674.jpg\" alt=\"\" data-id=\"74\" data-link=\"http:\/\/testpage.gentleguards.com\/?attachment_id=74\" class=\"wp-image-74\" srcset=\"https:\/\/gentleguards.com\/wp-content\/uploads\/2019\/10\/UNADJUSTEDNONRAW_thumb_33b1.jpg 1024w, https:\/\/gentleguards.com\/wp-content\/uploads\/2019\/10\/UNADJUSTEDNONRAW_thumb_33b1-300x197.jpg 300w, https:\/\/gentleguards.com\/wp-content\/uploads\/2019\/10\/UNADJUSTEDNONRAW_thumb_33b1-768x506.jpg 768w\" sizes=\"(max-width: 767px) 89vw, (max-width: 1000px) 54vw, (max-width: 1071px) 543px, 580px\" \/><\/figure><\/li><li class=\"blocks-gallery-item\"><figure><img loading=\"lazy\" width=\"958\" height=\"1024\" src=\"http:\/\/testpage.gentleguards.com\/wp-content\/uploads\/2019\/10\/valentina-958x1024.jpg\" alt=\"\" data-id=\"95\" data-link=\"http:\/\/testpage.gentleguards.com\/?attachment_id=95\" class=\"wp-image-95\" srcset=\"https:\/\/gentleguards.com\/wp-content\/uploads\/2019\/10\/valentina-958x1024.jpg 958w, https:\/\/gentleguards.com\/wp-content\/uploads\/2019\/10\/valentina-281x300.jpg 281w, https:\/\/gentleguards.com\/wp-content\/uploads\/2019\/10\/valentina-768x821.jpg 768w\" sizes=\"(max-width: 767px) 89vw, (max-width: 1000px) 54vw, (max-width: 1071px) 543px, 580px\" \/><\/figure><\/li><li class=\"blocks-gallery-item\"><figure><img loading=\"lazy\" width=\"640\" height=\"427\" src=\"http:\/\/testpage.gentleguards.com\/wp-content\/uploads\/2019\/10\/10384219_609399465830794_2347104873197571116_n.jpg\" alt=\"\" data-id=\"106\" data-link=\"http:\/\/testpage.gentleguards.com\/?attachment_id=106\" class=\"wp-image-106\" srcset=\"https:\/\/gentleguards.com\/wp-content\/uploads\/2019\/10\/10384219_609399465830794_2347104873197571116_n.jpg 640w, https:\/\/gentleguards.com\/wp-content\/uploads\/2019\/10\/10384219_609399465830794_2347104873197571116_n-300x200.jpg 300w\" sizes=\"(max-width: 640px) 100vw, 640px\" \/><\/figure><\/li><li class=\"blocks-gallery-item\"><figure><img loading=\"lazy\" width=\"1024\" height=\"701\" src=\"http:\/\/testpage.gentleguards.com\/wp-content\/uploads\/2019\/10\/IMG_6466-1024x701.jpg\" alt=\"\" data-id=\"116\" data-link=\"http:\/\/testpage.gentleguards.com\/?attachment_id=116\" class=\"wp-image-116\" srcset=\"https:\/\/gentleguards.com\/wp-content\/uploads\/2019\/10\/IMG_6466-1024x701.jpg 1024w, https:\/\/gentleguards.com\/wp-content\/uploads\/2019\/10\/IMG_6466-300x205.jpg 300w, https:\/\/gentleguards.com\/wp-content\/uploads\/2019\/10\/IMG_6466-768x526.jpg 768w\" sizes=\"(max-width: 767px) 89vw, (max-width: 1000px) 54vw, (max-width: 1071px) 543px, 580px\" \/><\/figure><\/li><li class=\"blocks-gallery-item\"><figure><img loading=\"lazy\" width=\"1024\" height=\"574\" src=\"http:\/\/testpage.gentleguards.com\/wp-content\/uploads\/2019\/10\/DSC_0155-1024x574.jpeg\" alt=\"\" data-id=\"117\" data-link=\"http:\/\/testpage.gentleguards.com\/?attachment_id=117\" class=\"wp-image-117\" srcset=\"https:\/\/gentleguards.com\/wp-content\/uploads\/2019\/10\/DSC_0155-1024x574.jpeg 1024w, https:\/\/gentleguards.com\/wp-content\/uploads\/2019\/10\/DSC_0155-300x168.jpeg 300w, https:\/\/gentleguards.com\/wp-content\/uploads\/2019\/10\/DSC_0155-768x431.jpeg 768w, https:\/\/gentleguards.com\/wp-content\/uploads\/2019\/10\/DSC_0155.jpeg 1079w\" sizes=\"(max-width: 767px) 89vw, (max-width: 1000px) 54vw, (max-width: 1071px) 543px, 580px\" \/><\/figure><\/li><li class=\"blocks-gallery-item\"><figure><img loading=\"lazy\" width=\"1024\" height=\"576\" src=\"http:\/\/testpage.gentleguards.com\/wp-content\/uploads\/2019\/10\/20180417_114115-1024x576.jpg\" alt=\"\" data-id=\"168\" data-link=\"http:\/\/testpage.gentleguards.com\/?attachment_id=168\" class=\"wp-image-168\" srcset=\"https:\/\/gentleguards.com\/wp-content\/uploads\/2019\/10\/20180417_114115-1024x576.jpg 1024w, https:\/\/gentleguards.com\/wp-content\/uploads\/2019\/10\/20180417_114115-300x169.jpg 300w, https:\/\/gentleguards.com\/wp-content\/uploads\/2019\/10\/20180417_114115-768x432.jpg 768w\" sizes=\"(max-width: 767px) 89vw, (max-width: 1000px) 54vw, (max-width: 1071px) 543px, 580px\" \/><\/figure><\/li><li class=\"blocks-gallery-item\"><figure><img loading=\"lazy\" width=\"849\" height=\"1024\" src=\"http:\/\/testpage.gentleguards.com\/wp-content\/uploads\/2019\/10\/tienmag2-849x1024.jpg\" alt=\"\" data-id=\"180\" data-link=\"http:\/\/testpage.gentleguards.com\/?attachment_id=180\" class=\"wp-image-180\" srcset=\"https:\/\/gentleguards.com\/wp-content\/uploads\/2019\/10\/tienmag2-849x1024.jpg 849w, https:\/\/gentleguards.com\/wp-content\/uploads\/2019\/10\/tienmag2-249x300.jpg 249w, https:\/\/gentleguards.com\/wp-content\/uploads\/2019\/10\/tienmag2-768x927.jpg 768w\" sizes=\"(max-width: 767px) 89vw, (max-width: 1000px) 54vw, (max-width: 1071px) 543px, 580px\" \/><\/figure><\/li><li class=\"blocks-gallery-item\"><figure><img loading=\"lazy\" width=\"769\" height=\"1024\" src=\"http:\/\/testpage.gentleguards.com\/wp-content\/uploads\/2019\/10\/IMG-20190309-WA0005-769x1024.jpg\" alt=\"\" data-id=\"196\" data-link=\"http:\/\/testpage.gentleguards.com\/?attachment_id=196\" class=\"wp-image-196\" srcset=\"https:\/\/gentleguards.com\/wp-content\/uploads\/2019\/10\/IMG-20190309-WA0005-769x1024.jpg 769w, https:\/\/gentleguards.com\/wp-content\/uploads\/2019\/10\/IMG-20190309-WA0005-225x300.jpg 225w, https:\/\/gentleguards.com\/wp-content\/uploads\/2019\/10\/IMG-20190309-WA0005-768x1023.jpg 768w, https:\/\/gentleguards.com\/wp-content\/uploads\/2019\/10\/IMG-20190309-WA0005.jpg 1201w\" sizes=\"(max-width: 767px) 89vw, (max-width: 1000px) 54vw, (max-width: 1071px) 543px, 580px\" \/><\/figure><\/li><li class=\"blocks-gallery-item\"><figure><img loading=\"lazy\" width=\"1024\" height=\"645\" src=\"http:\/\/gentleguards.com\/wp-content\/uploads\/2021\/01\/valentina-bank-1-1024x645.jpg\" alt=\"\" data-id=\"1057\" data-full-url=\"http:\/\/gentleguards.com\/wp-content\/uploads\/2021\/01\/valentina-bank-1-scaled.jpg\" data-link=\"http:\/\/gentleguards.com\/?attachment_id=1057\" class=\"wp-image-1057\" srcset=\"https:\/\/gentleguards.com\/wp-content\/uploads\/2021\/01\/valentina-bank-1-1024x645.jpg 1024w, https:\/\/gentleguards.com\/wp-content\/uploads\/2021\/01\/valentina-bank-1-300x189.jpg 300w, https:\/\/gentleguards.com\/wp-content\/uploads\/2021\/01\/valentina-bank-1-768x484.jpg 768w, https:\/\/gentleguards.com\/wp-content\/uploads\/2021\/01\/valentina-bank-1-2048x1289.jpg 2048w\" sizes=\"(max-width: 767px) 89vw, (max-width: 1000px) 54vw, (max-width: 1071px) 543px, 580px\" \/><\/figure><\/li><\/ul><\/figure>\n","protected":false},"excerpt":{"rendered":"<p>Amazing Balu The Lovable Nature x Next Generation of the Benjy Bunch Valentina hat am 13.03. 2012 in Maastricht, bei Fam. Goossens, mit ihren 7 Wurfgeschwistern, das Licht der Welt erblickt. Mit knapp 9 Wochen zog sie bei uns ein. Sie ist ein sehr bellfreudiges , aber sehr ausgeglichenes M\u00e4del, das ausgiebige Kuscheleinheiten liebt. H\u00fcpfen, &hellip; <\/p>\n<p class=\"link-more\"><a href=\"https:\/\/gentleguards.com\/?page_id=285\" class=\"more-link\"><span class=\"screen-reader-text\">\u201e&#8222;Valentina&#8220;\u201c<\/span> weiterlesen<\/a><\/p>\n","protected":false},"author":1,"featured_media":0,"parent":287,"menu_order":0,"comment_status":"closed","ping_status":"closed","template":"","meta":[],"_links":{"self":[{"href":"https:\/\/gentleguards.com\/index.php?rest_route=\/wp\/v2\/pages\/285"}],"collection":[{"href":"https:\/\/gentleguards.com\/index.php?rest_route=\/wp\/v2\/pages"}],"about":[{"href":"https:\/\/gentleguards.com\/index.php?rest_route=\/wp\/v2\/types\/page"}],"author":[{"embeddable":true,"href":"https:\/\/gentleguards.com\/index.php?rest_route=\/wp\/v2\/users\/1"}],"replies":[{"embeddable":true,"href":"https:\/\/gentleguards.com\/index.php?rest_route=%2Fwp%2Fv2%2Fcomments&post=285"}],"version-history":[{"count":17,"href":"https:\/\/gentleguards.com\/index.php?rest_route=\/wp\/v2\/pages\/285\/revisions"}],"predecessor-version":[{"id":1776,"href":"https:\/\/gentleguards.com\/index.php?rest_route=\/wp\/v2\/pages\/285\/revisions\/1776"}],"up":[{"embeddable":true,"href":"https:\/\/gentleguards.com\/index.php?rest_route=\/wp\/v2\/pages\/287"}],"wp:attachment":[{"href":"https:\/\/gentleguards.com\/index.php?rest_route=%2Fwp%2Fv2%2Fmedia&parent=285"}],"curies":[{"name":"wp","href":"https:\/\/api.w.org\/{rel}","templated":true}]}}