{"id":263,"date":"2019-10-12T20:41:32","date_gmt":"2019-10-12T20:41:32","guid":{"rendered":"http:\/\/testpage.gentleguards.com\/?page_id=263"},"modified":"2025-05-27T08:30:26","modified_gmt":"2025-05-27T08:30:26","slug":"wuerfe","status":"publish","type":"page","link":"https:\/\/gentleguards.com\/?page_id=263","title":{"rendered":"W\u00fcrfe"},"content":{"rendered":"\n<p>Unsere Welpen sind bei uns fest in den Alltag integriert und lernen alle Dinge, so gut es geht kennen. <\/p>\n\n\n\n<p>Sie werden artgerecht roh gef\u00fcttert, aber auch schon an Trockenfutter gew\u00f6hnt. <\/p>\n\n\n\n<p>Sie werden nicht unn\u00f6tig mit Chemie und Giftstoffen vollgepumpt ,sondern<\/p>\n\n\n\n<p>&#8230;&#8230; werden nur nach Kotprobe, bei Bedarf entwurmt.<\/p>\n\n\n\n<p>&#8230;&#8230; bekommen nur die Impfungen die notwendig sind (Staupe und Parvovirose).<\/p>\n\n\n\n<p>&#8230;&#8230; werden gechipt und auch sofort von &#8222;UNS&#8220; bei TASSO registriert.<\/p>\n\n\n\n<p>&#8230;&#8230;. erhalten einen &#8222;EU&#8220; Impfausweis  und eine VDH- Ahnentafel.<\/p>\n\n\n\n<p>Zus\u00e4tzlich bekommt jeder Welpe eine &#8222;sehrgute&#8220; Sozialisierung .<\/p>\n\n\n\n<p>Ab der 6. Woche gibt es T\u00c4GLICH Ausfl\u00fcge in die nahe Umgebung ,ins Einkaufszentrum, zum Barfusspfad, auf den Bauernhof, Autofahrten zu Freunden und Bekannten u.s.w. zus\u00e4tzlich  jeden Nachmittag eine kleine Runde an der Leine, damit der Stra\u00dfenverkehr schon zur entspannten Gewohnheit wird ,bis die Kleinen ausziehen. <\/p>\n\n\n\n<p>Sie bekommen nat\u00fcrlich auch eine tolle Erstlingsausstattung und viel, viel Liebe mit auf den Weg.<\/p>\n\n\n\n<figure class=\"wp-block-image size-large is-style-default\"><img loading=\"lazy\" width=\"324\" height=\"302\" src=\"http:\/\/testpage.gentleguards.com\/wp-content\/uploads\/2020\/06\/image-86.png\" alt=\"\" class=\"wp-image-561\" srcset=\"https:\/\/gentleguards.com\/wp-content\/uploads\/2020\/06\/image-86.png 324w, https:\/\/gentleguards.com\/wp-content\/uploads\/2020\/06\/image-86-300x280.png 300w\" sizes=\"(max-width: 324px) 100vw, 324px\" \/><\/figure>\n\n\n\n<h2>A- Wurf    25. 09. 2010   <\/h2>\n\n\n\n<p>Purzel von den Waldgeistern x Dainty D\u00f6rte The Groovy Beauty<\/p>\n\n\n\n<h2>B- Wurf     17. 02. 2012<\/h2>\n\n\n\n<p>Proudly Passion of the Benjy Bunch x Dainty D\u00f6rte The Groovy Beauty<\/p>\n\n\n\n<h2>C- Wurf     08. 05. 2013<\/h2>\n\n\n\n<p>Proudly Passion of the Benjy Bunch x Dainty D\u00f6rte The Groovy Beauty<\/p>\n\n\n\n<h2>D- Wurf     26 . 04. 2016<\/h2>\n\n\n\n<p>Ch. Nobility Mr. One Harry Brown  x  Rain and Tears of the Benjy Bunch<\/p>\n\n\n\n<h2>E- Wurf      14. 07. 2017<\/h2>\n\n\n\n<p>Gentle Guards Be Mr. Button x  Rain and Tears of the Benjy Bunch<\/p>\n\n\n\n<h2>F- Wurf      18. 10. 2018<\/h2>\n\n\n\n<p>Ch. Philemon Forever And A Day   x   Rain and Tears of the Benjy Bunch<\/p>\n\n\n\n<h2>G- Wurf     27. 01.  2020<\/h2>\n\n\n\n<p>Nessiebluebell Blair Fawn x  Rain and Tears of the Benjy Bunch<\/p>\n\n\n\n<h2>H-Wurf       30. 11. 2020<\/h2>\n\n\n\n<p>Nessiebluebell Blair Fawn x Gentle Guards Does In Care<\/p>\n\n\n\n<h2>I-Wurf         13.06.2022<\/h2>\n\n\n\n<p>Tolkiens Dream Mardil x Gentle Guards Does In Care<\/p>\n\n\n\n<h2>J-Wurf        25.05.2025<\/h2>\n\n\n\n<p>V\u00e4sterskog Black Pontus x Gentle Guards Guess Who&#8217;s Guinnea Gauzy<\/p>\n","protected":false},"excerpt":{"rendered":"<p>Unsere Welpen sind bei uns fest in den Alltag integriert und lernen alle Dinge, so gut es geht kennen. Sie werden artgerecht roh gef\u00fcttert, aber auch schon an Trockenfutter gew\u00f6hnt. Sie werden nicht unn\u00f6tig mit Chemie und Giftstoffen vollgepumpt ,sondern &#8230;&#8230; werden nur nach Kotprobe, bei Bedarf entwurmt. &#8230;&#8230; bekommen nur die Impfungen die notwendig &hellip; <\/p>\n<p class=\"link-more\"><a href=\"https:\/\/gentleguards.com\/?page_id=263\" class=\"more-link\"><span class=\"screen-reader-text\">\u201eW\u00fcrfe\u201c<\/span> weiterlesen<\/a><\/p>\n","protected":false},"author":1,"featured_media":0,"parent":0,"menu_order":0,"comment_status":"closed","ping_status":"closed","template":"","meta":[],"_links":{"self":[{"href":"https:\/\/gentleguards.com\/index.php?rest_route=\/wp\/v2\/pages\/263"}],"collection":[{"href":"https:\/\/gentleguards.com\/index.php?rest_route=\/wp\/v2\/pages"}],"about":[{"href":"https:\/\/gentleguards.com\/index.php?rest_route=\/wp\/v2\/types\/page"}],"author":[{"embeddable":true,"href":"https:\/\/gentleguards.com\/index.php?rest_route=\/wp\/v2\/users\/1"}],"replies":[{"embeddable":true,"href":"https:\/\/gentleguards.com\/index.php?rest_route=%2Fwp%2Fv2%2Fcomments&post=263"}],"version-history":[{"count":12,"href":"https:\/\/gentleguards.com\/index.php?rest_route=\/wp\/v2\/pages\/263\/revisions"}],"predecessor-version":[{"id":2496,"href":"https:\/\/gentleguards.com\/index.php?rest_route=\/wp\/v2\/pages\/263\/revisions\/2496"}],"wp:attachment":[{"href":"https:\/\/gentleguards.com\/index.php?rest_route=%2Fwp%2Fv2%2Fmedia&parent=263"}],"curies":[{"name":"wp","href":"https:\/\/api.w.org\/{rel}","templated":true}]}}