{"id":2490,"date":"2025-05-27T08:26:21","date_gmt":"2025-05-27T08:26:21","guid":{"rendered":"http:\/\/gentleguards.com\/?page_id=2490"},"modified":"2025-08-04T10:52:10","modified_gmt":"2025-08-04T10:52:10","slug":"j-wurf","status":"publish","type":"page","link":"https:\/\/gentleguards.com\/?page_id=2490","title":{"rendered":"J-Wurf"},"content":{"rendered":"\n<p class=\"has-text-align-center\">geboren am 25. Mai 2025<\/p>\n\n\n\n<h2 class=\"has-text-align-center\">V\u00e4sterskog Black Pontus x Gentle Guards Guess Who&#8217;s Guinnea Gauzy<\/h2>\n\n\n\n<figure class=\"wp-block-gallery columns-2 is-cropped\"><ul class=\"blocks-gallery-grid\"><li class=\"blocks-gallery-item\"><figure><img loading=\"lazy\" width=\"553\" height=\"1024\" src=\"http:\/\/gentleguards.com\/wp-content\/uploads\/2025\/08\/1000080893-1-553x1024.jpg\" alt=\"\" data-id=\"2674\" data-link=\"http:\/\/gentleguards.com\/?attachment_id=2674\" class=\"wp-image-2674\" srcset=\"https:\/\/gentleguards.com\/wp-content\/uploads\/2025\/08\/1000080893-1-553x1024.jpg 553w, https:\/\/gentleguards.com\/wp-content\/uploads\/2025\/08\/1000080893-1-162x300.jpg 162w, https:\/\/gentleguards.com\/wp-content\/uploads\/2025\/08\/1000080893-1.jpg 601w\" sizes=\"(max-width: 553px) 100vw, 553px\" \/><\/figure><\/li><li class=\"blocks-gallery-item\"><figure><img loading=\"lazy\" width=\"709\" height=\"1024\" src=\"http:\/\/gentleguards.com\/wp-content\/uploads\/2025\/08\/1000059293-709x1024.jpg\" alt=\"\" data-id=\"2675\" data-full-url=\"http:\/\/gentleguards.com\/wp-content\/uploads\/2025\/08\/1000059293.jpg\" data-link=\"http:\/\/gentleguards.com\/?attachment_id=2675\" class=\"wp-image-2675\" srcset=\"https:\/\/gentleguards.com\/wp-content\/uploads\/2025\/08\/1000059293-709x1024.jpg 709w, https:\/\/gentleguards.com\/wp-content\/uploads\/2025\/08\/1000059293-208x300.jpg 208w, https:\/\/gentleguards.com\/wp-content\/uploads\/2025\/08\/1000059293-768x1109.jpg 768w, https:\/\/gentleguards.com\/wp-content\/uploads\/2025\/08\/1000059293-1063x1536.jpg 1063w, https:\/\/gentleguards.com\/wp-content\/uploads\/2025\/08\/1000059293-1418x2048.jpg 1418w, https:\/\/gentleguards.com\/wp-content\/uploads\/2025\/08\/1000059293.jpg 1458w\" sizes=\"(max-width: 709px) 100vw, 709px\" \/><\/figure><\/li><\/ul><\/figure>\n\n\n\n<h2 class=\"has-text-align-center\">Pontus und Judith<\/h2>\n\n\n\n<p class=\"has-text-align-center\">1 schwarze H\u00fcndin <\/p>\n\n\n\n<p class=\"has-text-align-center\">1 braune H\u00fcndin<\/p>\n\n\n\n<p class=\"has-text-align-center\">1 brauner und 1 schwarzer R\u00fcde sind leider tot auf die Welt gekommen.<\/p>\n\n\n\n<p><\/p>\n\n\n\n<p class=\"has-text-align-center\">&#8222;Gentle Guards Ju Can Call Me Jezzica&#8220;  heisst  <\/p>\n\n\n\n<p class=\"has-text-align-center\">nun JAZZ<\/p>\n\n\n\n<p class=\"has-text-align-center\">&#8222;Gentle Guards Ju Can Call Me Myrte&#8220; heisst<\/p>\n\n\n\n<p class=\"has-text-align-center\">nun MATILDA<\/p>\n\n\n\n<figure class=\"wp-block-image size-large\"><img loading=\"lazy\" width=\"1024\" height=\"753\" src=\"http:\/\/gentleguards.com\/wp-content\/uploads\/2025\/08\/1000082656-1024x753.jpg\" alt=\"\" class=\"wp-image-2676\" srcset=\"https:\/\/gentleguards.com\/wp-content\/uploads\/2025\/08\/1000082656-1024x753.jpg 1024w, https:\/\/gentleguards.com\/wp-content\/uploads\/2025\/08\/1000082656-300x221.jpg 300w, https:\/\/gentleguards.com\/wp-content\/uploads\/2025\/08\/1000082656-768x565.jpg 768w, https:\/\/gentleguards.com\/wp-content\/uploads\/2025\/08\/1000082656-1536x1130.jpg 1536w, https:\/\/gentleguards.com\/wp-content\/uploads\/2025\/08\/1000082656-2048x1506.jpg 2048w\" sizes=\"(max-width: 767px) 89vw, (max-width: 1000px) 54vw, (max-width: 1071px) 543px, 580px\" \/><\/figure>\n\n\n\n<p class=\"has-text-align-center\">Jazz und Matilda<\/p>\n\n\n\n<h2 class=\"has-text-align-center\">Ahnentafel:  IK 0,00 AVK 100% (5Generationen)<\/h2>\n\n\n\n<p class=\"has-text-align-center\">Der IK \u00fcber 12 Generationen liegt bei 8,63<\/p>\n\n\n\n<p class=\"has-text-align-center\">beide haben die gr\u00f6\u00dftm\u00f6gliche genetische Vielfalt im DLA Bereich<\/p>\n\n\n\n<figure class=\"wp-block-image size-full is-resized\"><img loading=\"lazy\" src=\"http:\/\/gentleguards.com\/wp-content\/uploads\/2025\/08\/JWurf-Ahnentafel-.png\" alt=\"\" class=\"wp-image-2677\" width=\"628\" height=\"1098\" srcset=\"https:\/\/gentleguards.com\/wp-content\/uploads\/2025\/08\/JWurf-Ahnentafel-.png 323w, https:\/\/gentleguards.com\/wp-content\/uploads\/2025\/08\/JWurf-Ahnentafel--172x300.png 172w\" sizes=\"(max-width: 628px) 100vw, 628px\" \/><\/figure>\n\n\n\n<p><\/p>\n\n\n\n<p><\/p>\n","protected":false},"excerpt":{"rendered":"<p>geboren am 25. Mai 2025 V\u00e4sterskog Black Pontus x Gentle Guards Guess Who&#8217;s Guinnea Gauzy Pontus und Judith 1 schwarze H\u00fcndin 1 braune H\u00fcndin 1 brauner und 1 schwarzer R\u00fcde sind leider tot auf die Welt gekommen. &#8222;Gentle Guards Ju Can Call Me Jezzica&#8220; heisst nun JAZZ &#8222;Gentle Guards Ju Can Call Me Myrte&#8220; heisst &hellip; <\/p>\n<p class=\"link-more\"><a href=\"https:\/\/gentleguards.com\/?page_id=2490\" class=\"more-link\"><span class=\"screen-reader-text\">\u201eJ-Wurf\u201c<\/span> weiterlesen<\/a><\/p>\n","protected":false},"author":1,"featured_media":0,"parent":0,"menu_order":0,"comment_status":"closed","ping_status":"closed","template":"","meta":[],"_links":{"self":[{"href":"https:\/\/gentleguards.com\/index.php?rest_route=\/wp\/v2\/pages\/2490"}],"collection":[{"href":"https:\/\/gentleguards.com\/index.php?rest_route=\/wp\/v2\/pages"}],"about":[{"href":"https:\/\/gentleguards.com\/index.php?rest_route=\/wp\/v2\/types\/page"}],"author":[{"embeddable":true,"href":"https:\/\/gentleguards.com\/index.php?rest_route=\/wp\/v2\/users\/1"}],"replies":[{"embeddable":true,"href":"https:\/\/gentleguards.com\/index.php?rest_route=%2Fwp%2Fv2%2Fcomments&post=2490"}],"version-history":[{"count":4,"href":"https:\/\/gentleguards.com\/index.php?rest_route=\/wp\/v2\/pages\/2490\/revisions"}],"predecessor-version":[{"id":2678,"href":"https:\/\/gentleguards.com\/index.php?rest_route=\/wp\/v2\/pages\/2490\/revisions\/2678"}],"wp:attachment":[{"href":"https:\/\/gentleguards.com\/index.php?rest_route=%2Fwp%2Fv2%2Fmedia&parent=2490"}],"curies":[{"name":"wp","href":"https:\/\/api.w.org\/{rel}","templated":true}]}}