{"id":1628,"date":"2022-06-26T19:10:15","date_gmt":"2022-06-26T19:10:15","guid":{"rendered":"http:\/\/gentleguards.com\/?page_id=1628"},"modified":"2022-08-02T10:03:37","modified_gmt":"2022-08-02T10:03:37","slug":"i-wurf","status":"publish","type":"page","link":"https:\/\/gentleguards.com\/?page_id=1628","title":{"rendered":"I-Wurf"},"content":{"rendered":"\n<p class=\"has-text-align-center\">geboren am 13.06.2022<\/p>\n\n\n\n<h2 class=\"has-text-align-center\">             Tolkiens Dream Mardil              x           Gentle Guards Does In Care<\/h2>\n\n\n\n<p class=\"has-text-align-center has-small-font-size\">Die Welpen aus dieser Verpaarung sind alle  CEA N\/N, PRA prcd N\/N, und DLA heterozygoth ( siehe im Men\u00fc &#8222;Haplotypen&#8220;)<\/p>\n\n\n\n<div class=\"wp-block-image\"><figure class=\"aligncenter size-full\"><img loading=\"lazy\" width=\"563\" height=\"487\" src=\"http:\/\/gentleguards.com\/wp-content\/uploads\/2022\/06\/Emmi-und-Thorin-ohne-schrift.jpeg\" alt=\"\" class=\"wp-image-1633\" srcset=\"https:\/\/gentleguards.com\/wp-content\/uploads\/2022\/06\/Emmi-und-Thorin-ohne-schrift.jpeg 563w, https:\/\/gentleguards.com\/wp-content\/uploads\/2022\/06\/Emmi-und-Thorin-ohne-schrift-300x260.jpeg 300w\" sizes=\"(max-width: 563px) 100vw, 563px\" \/><\/figure><\/div>\n\n\n\n<h2 class=\"has-text-align-center\">Thorin und Emmi<\/h2>\n\n\n\n<p class=\"has-text-align-center\">2  schwarz-wei\u00dfe H\u00fcndinnen<\/p>\n\n\n\n<p class=\"has-text-align-center\">1  braun -wei\u00dfe H\u00fcndin<\/p>\n\n\n\n<p class=\"has-text-align-center\">&#8222;Inspired By Gwenhwyfar&#8220;      hei\u00dft nun Ginny<\/p>\n\n\n\n<p class=\"has-text-align-center\">&#8222;Inspired By Inessa&#8220;                          hei\u00dft nun Inessa<\/p>\n\n\n\n<p class=\"has-text-align-center\">&#8220; Inspired By Ilvy&#8220;                    hei\u00dft nun Lia<\/p>\n\n\n\n<figure class=\"wp-block-image size-large\"><img loading=\"lazy\" width=\"1024\" height=\"655\" src=\"http:\/\/gentleguards.com\/wp-content\/uploads\/2022\/07\/1659279257856-2-1024x655.jpeg\" alt=\"\" class=\"wp-image-1747\" srcset=\"https:\/\/gentleguards.com\/wp-content\/uploads\/2022\/07\/1659279257856-2-1024x655.jpeg 1024w, https:\/\/gentleguards.com\/wp-content\/uploads\/2022\/07\/1659279257856-2-300x192.jpeg 300w, https:\/\/gentleguards.com\/wp-content\/uploads\/2022\/07\/1659279257856-2-768x491.jpeg 768w, https:\/\/gentleguards.com\/wp-content\/uploads\/2022\/07\/1659279257856-2-1536x983.jpeg 1536w, https:\/\/gentleguards.com\/wp-content\/uploads\/2022\/07\/1659279257856-2-2048x1311.jpeg 2048w\" sizes=\"(max-width: 767px) 89vw, (max-width: 1000px) 54vw, (max-width: 1071px) 543px, 580px\" \/><\/figure>\n\n\n\n<p class=\"has-text-align-center\">Ginny, Inessa und Lia<\/p>\n\n\n\n<h2 class=\"has-text-align-center\">Ahnentafel :  IK :  0,00   AVK  100 %<\/h2>\n\n\n\n<div class=\"wp-block-image\"><figure class=\"aligncenter size-large\"><img loading=\"lazy\" width=\"804\" height=\"1024\" src=\"http:\/\/gentleguards.com\/wp-content\/uploads\/2022\/06\/Ahnentafel-I-Wurf-jpg-804x1024.jpg\" alt=\"\" class=\"wp-image-1634\" srcset=\"https:\/\/gentleguards.com\/wp-content\/uploads\/2022\/06\/Ahnentafel-I-Wurf-jpg-804x1024.jpg 804w, https:\/\/gentleguards.com\/wp-content\/uploads\/2022\/06\/Ahnentafel-I-Wurf-jpg-236x300.jpg 236w, https:\/\/gentleguards.com\/wp-content\/uploads\/2022\/06\/Ahnentafel-I-Wurf-jpg-768x978.jpg 768w, https:\/\/gentleguards.com\/wp-content\/uploads\/2022\/06\/Ahnentafel-I-Wurf-jpg.jpg 1160w\" sizes=\"(max-width: 767px) 89vw, (max-width: 1000px) 54vw, (max-width: 1071px) 543px, 580px\" \/><\/figure><\/div>\n","protected":false},"excerpt":{"rendered":"<p>geboren am 13.06.2022 Tolkiens Dream Mardil x Gentle Guards Does In Care Die Welpen aus dieser Verpaarung sind alle CEA N\/N, PRA prcd N\/N, und DLA heterozygoth ( siehe im Men\u00fc &#8222;Haplotypen&#8220;) Thorin und Emmi 2 schwarz-wei\u00dfe H\u00fcndinnen 1 braun -wei\u00dfe H\u00fcndin &#8222;Inspired By Gwenhwyfar&#8220; hei\u00dft nun Ginny &#8222;Inspired By Inessa&#8220; hei\u00dft nun Inessa &#8220; &hellip; <\/p>\n<p class=\"link-more\"><a href=\"https:\/\/gentleguards.com\/?page_id=1628\" class=\"more-link\"><span class=\"screen-reader-text\">\u201eI-Wurf\u201c<\/span> weiterlesen<\/a><\/p>\n","protected":false},"author":1,"featured_media":0,"parent":263,"menu_order":0,"comment_status":"closed","ping_status":"closed","template":"","meta":[],"_links":{"self":[{"href":"https:\/\/gentleguards.com\/index.php?rest_route=\/wp\/v2\/pages\/1628"}],"collection":[{"href":"https:\/\/gentleguards.com\/index.php?rest_route=\/wp\/v2\/pages"}],"about":[{"href":"https:\/\/gentleguards.com\/index.php?rest_route=\/wp\/v2\/types\/page"}],"author":[{"embeddable":true,"href":"https:\/\/gentleguards.com\/index.php?rest_route=\/wp\/v2\/users\/1"}],"replies":[{"embeddable":true,"href":"https:\/\/gentleguards.com\/index.php?rest_route=%2Fwp%2Fv2%2Fcomments&post=1628"}],"version-history":[{"count":9,"href":"https:\/\/gentleguards.com\/index.php?rest_route=\/wp\/v2\/pages\/1628\/revisions"}],"predecessor-version":[{"id":1760,"href":"https:\/\/gentleguards.com\/index.php?rest_route=\/wp\/v2\/pages\/1628\/revisions\/1760"}],"up":[{"embeddable":true,"href":"https:\/\/gentleguards.com\/index.php?rest_route=\/wp\/v2\/pages\/263"}],"wp:attachment":[{"href":"https:\/\/gentleguards.com\/index.php?rest_route=%2Fwp%2Fv2%2Fmedia&parent=1628"}],"curies":[{"name":"wp","href":"https:\/\/api.w.org\/{rel}","templated":true}]}}