{"id":1018,"date":"2021-01-14T19:18:31","date_gmt":"2021-01-14T19:18:31","guid":{"rendered":"http:\/\/gentleguards.com\/?page_id=1018"},"modified":"2026-01-29T13:57:29","modified_gmt":"2026-01-29T13:57:29","slug":"termine-2","status":"publish","type":"page","link":"https:\/\/gentleguards.com\/?page_id=1018","title":{"rendered":"Termine"},"content":{"rendered":"\n<h2 class=\"has-text-align-center\">29.11.2025<\/h2>\n\n\n\n<h2 class=\"has-text-align-center\">Bilder von der G-Geburtstags Krimiwanderung am 25.01.2026<\/h2>\n\n\n\n<p class=\"has-text-align-center\"><\/p>\n\n\n\n<figure class=\"wp-block-gallery columns-0 is-cropped\"><ul class=\"blocks-gallery-grid\"><li class=\"blocks-gallery-item\"><figure><img loading=\"lazy\" width=\"683\" height=\"1024\" src=\"http:\/\/gentleguards.com\/wp-content\/uploads\/2026\/01\/IMG_0458-683x1024.jpg\" alt=\"\" data-id=\"2756\" data-link=\"http:\/\/gentleguards.com\/?attachment_id=2756\" class=\"wp-image-2756\" srcset=\"https:\/\/gentleguards.com\/wp-content\/uploads\/2026\/01\/IMG_0458-683x1024.jpg 683w, https:\/\/gentleguards.com\/wp-content\/uploads\/2026\/01\/IMG_0458-200x300.jpg 200w, https:\/\/gentleguards.com\/wp-content\/uploads\/2026\/01\/IMG_0458-768x1152.jpg 768w, https:\/\/gentleguards.com\/wp-content\/uploads\/2026\/01\/IMG_0458-1024x1536.jpg 1024w, https:\/\/gentleguards.com\/wp-content\/uploads\/2026\/01\/IMG_0458-1365x2048.jpg 1365w, https:\/\/gentleguards.com\/wp-content\/uploads\/2026\/01\/IMG_0458-scaled.jpg 1707w\" sizes=\"(max-width: 683px) 100vw, 683px\" \/><\/figure><\/li><li class=\"blocks-gallery-item\"><figure><img loading=\"lazy\" width=\"683\" height=\"1024\" src=\"http:\/\/gentleguards.com\/wp-content\/uploads\/2026\/01\/IMG_0460-683x1024.jpg\" alt=\"\" data-id=\"2757\" data-link=\"http:\/\/gentleguards.com\/?attachment_id=2757\" class=\"wp-image-2757\" srcset=\"https:\/\/gentleguards.com\/wp-content\/uploads\/2026\/01\/IMG_0460-683x1024.jpg 683w, https:\/\/gentleguards.com\/wp-content\/uploads\/2026\/01\/IMG_0460-200x300.jpg 200w, https:\/\/gentleguards.com\/wp-content\/uploads\/2026\/01\/IMG_0460-768x1152.jpg 768w, https:\/\/gentleguards.com\/wp-content\/uploads\/2026\/01\/IMG_0460-1024x1536.jpg 1024w, https:\/\/gentleguards.com\/wp-content\/uploads\/2026\/01\/IMG_0460-1365x2048.jpg 1365w, https:\/\/gentleguards.com\/wp-content\/uploads\/2026\/01\/IMG_0460-scaled.jpg 1707w\" sizes=\"(max-width: 683px) 100vw, 683px\" \/><\/figure><\/li><li class=\"blocks-gallery-item\"><figure><img loading=\"lazy\" width=\"683\" height=\"1024\" src=\"http:\/\/gentleguards.com\/wp-content\/uploads\/2026\/01\/IMG_0469-683x1024.jpg\" alt=\"\" data-id=\"2758\" data-link=\"http:\/\/gentleguards.com\/?attachment_id=2758\" class=\"wp-image-2758\" srcset=\"https:\/\/gentleguards.com\/wp-content\/uploads\/2026\/01\/IMG_0469-683x1024.jpg 683w, https:\/\/gentleguards.com\/wp-content\/uploads\/2026\/01\/IMG_0469-200x300.jpg 200w, https:\/\/gentleguards.com\/wp-content\/uploads\/2026\/01\/IMG_0469-768x1152.jpg 768w, https:\/\/gentleguards.com\/wp-content\/uploads\/2026\/01\/IMG_0469-1024x1536.jpg 1024w, https:\/\/gentleguards.com\/wp-content\/uploads\/2026\/01\/IMG_0469-1365x2048.jpg 1365w, https:\/\/gentleguards.com\/wp-content\/uploads\/2026\/01\/IMG_0469-scaled.jpg 1707w\" sizes=\"(max-width: 683px) 100vw, 683px\" \/><\/figure><\/li><li class=\"blocks-gallery-item\"><figure><img loading=\"lazy\" width=\"683\" height=\"1024\" src=\"http:\/\/gentleguards.com\/wp-content\/uploads\/2026\/01\/IMG_0479-683x1024.jpg\" alt=\"\" data-id=\"2759\" data-link=\"http:\/\/gentleguards.com\/?attachment_id=2759\" class=\"wp-image-2759\" srcset=\"https:\/\/gentleguards.com\/wp-content\/uploads\/2026\/01\/IMG_0479-683x1024.jpg 683w, https:\/\/gentleguards.com\/wp-content\/uploads\/2026\/01\/IMG_0479-200x300.jpg 200w, https:\/\/gentleguards.com\/wp-content\/uploads\/2026\/01\/IMG_0479-768x1152.jpg 768w, https:\/\/gentleguards.com\/wp-content\/uploads\/2026\/01\/IMG_0479-1024x1536.jpg 1024w, https:\/\/gentleguards.com\/wp-content\/uploads\/2026\/01\/IMG_0479-1365x2048.jpg 1365w, https:\/\/gentleguards.com\/wp-content\/uploads\/2026\/01\/IMG_0479-scaled.jpg 1707w\" sizes=\"(max-width: 683px) 100vw, 683px\" \/><\/figure><\/li><li class=\"blocks-gallery-item\"><figure><img loading=\"lazy\" width=\"683\" height=\"1024\" src=\"http:\/\/gentleguards.com\/wp-content\/uploads\/2026\/01\/IMG_0471-1-683x1024.jpg\" alt=\"\" data-id=\"2761\" data-link=\"http:\/\/gentleguards.com\/?attachment_id=2761\" class=\"wp-image-2761\" srcset=\"https:\/\/gentleguards.com\/wp-content\/uploads\/2026\/01\/IMG_0471-1-683x1024.jpg 683w, https:\/\/gentleguards.com\/wp-content\/uploads\/2026\/01\/IMG_0471-1-200x300.jpg 200w, https:\/\/gentleguards.com\/wp-content\/uploads\/2026\/01\/IMG_0471-1-768x1152.jpg 768w, https:\/\/gentleguards.com\/wp-content\/uploads\/2026\/01\/IMG_0471-1-1024x1536.jpg 1024w, https:\/\/gentleguards.com\/wp-content\/uploads\/2026\/01\/IMG_0471-1-1365x2048.jpg 1365w, https:\/\/gentleguards.com\/wp-content\/uploads\/2026\/01\/IMG_0471-1-scaled.jpg 1707w\" sizes=\"(max-width: 683px) 100vw, 683px\" \/><\/figure><\/li><li class=\"blocks-gallery-item\"><figure><img loading=\"lazy\" width=\"683\" height=\"1024\" src=\"http:\/\/gentleguards.com\/wp-content\/uploads\/2026\/01\/IMG_0484-683x1024.jpg\" alt=\"\" data-id=\"2762\" data-link=\"http:\/\/gentleguards.com\/?attachment_id=2762\" class=\"wp-image-2762\" srcset=\"https:\/\/gentleguards.com\/wp-content\/uploads\/2026\/01\/IMG_0484-683x1024.jpg 683w, https:\/\/gentleguards.com\/wp-content\/uploads\/2026\/01\/IMG_0484-200x300.jpg 200w, https:\/\/gentleguards.com\/wp-content\/uploads\/2026\/01\/IMG_0484-768x1152.jpg 768w, https:\/\/gentleguards.com\/wp-content\/uploads\/2026\/01\/IMG_0484-1024x1536.jpg 1024w, https:\/\/gentleguards.com\/wp-content\/uploads\/2026\/01\/IMG_0484-1365x2048.jpg 1365w, https:\/\/gentleguards.com\/wp-content\/uploads\/2026\/01\/IMG_0484-scaled.jpg 1707w\" sizes=\"(max-width: 683px) 100vw, 683px\" \/><\/figure><\/li><li class=\"blocks-gallery-item\"><figure><img loading=\"lazy\" width=\"683\" height=\"1024\" src=\"http:\/\/gentleguards.com\/wp-content\/uploads\/2026\/01\/IMG_0491-1-683x1024.jpg\" alt=\"\" data-id=\"2764\" data-link=\"http:\/\/gentleguards.com\/?attachment_id=2764\" class=\"wp-image-2764\" srcset=\"https:\/\/gentleguards.com\/wp-content\/uploads\/2026\/01\/IMG_0491-1-683x1024.jpg 683w, https:\/\/gentleguards.com\/wp-content\/uploads\/2026\/01\/IMG_0491-1-200x300.jpg 200w, https:\/\/gentleguards.com\/wp-content\/uploads\/2026\/01\/IMG_0491-1-768x1152.jpg 768w, https:\/\/gentleguards.com\/wp-content\/uploads\/2026\/01\/IMG_0491-1-1024x1536.jpg 1024w, https:\/\/gentleguards.com\/wp-content\/uploads\/2026\/01\/IMG_0491-1-1365x2048.jpg 1365w, https:\/\/gentleguards.com\/wp-content\/uploads\/2026\/01\/IMG_0491-1-scaled.jpg 1707w\" sizes=\"(max-width: 683px) 100vw, 683px\" \/><\/figure><\/li><li class=\"blocks-gallery-item\"><figure><img loading=\"lazy\" width=\"683\" height=\"1024\" src=\"http:\/\/gentleguards.com\/wp-content\/uploads\/2026\/01\/IMG_0499-683x1024.jpg\" alt=\"\" data-id=\"2765\" data-link=\"http:\/\/gentleguards.com\/?attachment_id=2765\" class=\"wp-image-2765\" srcset=\"https:\/\/gentleguards.com\/wp-content\/uploads\/2026\/01\/IMG_0499-683x1024.jpg 683w, https:\/\/gentleguards.com\/wp-content\/uploads\/2026\/01\/IMG_0499-200x300.jpg 200w, https:\/\/gentleguards.com\/wp-content\/uploads\/2026\/01\/IMG_0499-768x1152.jpg 768w, https:\/\/gentleguards.com\/wp-content\/uploads\/2026\/01\/IMG_0499-1024x1536.jpg 1024w, https:\/\/gentleguards.com\/wp-content\/uploads\/2026\/01\/IMG_0499-1365x2048.jpg 1365w, https:\/\/gentleguards.com\/wp-content\/uploads\/2026\/01\/IMG_0499-scaled.jpg 1707w\" sizes=\"(max-width: 683px) 100vw, 683px\" \/><\/figure><\/li><li class=\"blocks-gallery-item\"><figure><img loading=\"lazy\" width=\"683\" height=\"1024\" src=\"http:\/\/gentleguards.com\/wp-content\/uploads\/2026\/01\/IMG_0507-683x1024.jpg\" alt=\"\" data-id=\"2766\" data-link=\"http:\/\/gentleguards.com\/?attachment_id=2766\" class=\"wp-image-2766\" srcset=\"https:\/\/gentleguards.com\/wp-content\/uploads\/2026\/01\/IMG_0507-683x1024.jpg 683w, https:\/\/gentleguards.com\/wp-content\/uploads\/2026\/01\/IMG_0507-200x300.jpg 200w, https:\/\/gentleguards.com\/wp-content\/uploads\/2026\/01\/IMG_0507-768x1152.jpg 768w, https:\/\/gentleguards.com\/wp-content\/uploads\/2026\/01\/IMG_0507-1024x1536.jpg 1024w, https:\/\/gentleguards.com\/wp-content\/uploads\/2026\/01\/IMG_0507-1365x2048.jpg 1365w, https:\/\/gentleguards.com\/wp-content\/uploads\/2026\/01\/IMG_0507-scaled.jpg 1707w\" sizes=\"(max-width: 683px) 100vw, 683px\" \/><\/figure><\/li><li class=\"blocks-gallery-item\"><figure><img loading=\"lazy\" width=\"1024\" height=\"683\" src=\"http:\/\/gentleguards.com\/wp-content\/uploads\/2026\/01\/IMG_0513-1024x683.jpg\" alt=\"\" data-id=\"2767\" data-link=\"http:\/\/gentleguards.com\/?attachment_id=2767\" class=\"wp-image-2767\" srcset=\"https:\/\/gentleguards.com\/wp-content\/uploads\/2026\/01\/IMG_0513-1024x683.jpg 1024w, https:\/\/gentleguards.com\/wp-content\/uploads\/2026\/01\/IMG_0513-300x200.jpg 300w, https:\/\/gentleguards.com\/wp-content\/uploads\/2026\/01\/IMG_0513-768x512.jpg 768w, https:\/\/gentleguards.com\/wp-content\/uploads\/2026\/01\/IMG_0513-1536x1024.jpg 1536w, https:\/\/gentleguards.com\/wp-content\/uploads\/2026\/01\/IMG_0513-2048x1365.jpg 2048w\" sizes=\"(max-width: 767px) 89vw, (max-width: 1000px) 54vw, (max-width: 1071px) 543px, 580px\" \/><\/figure><\/li><li class=\"blocks-gallery-item\"><figure><img loading=\"lazy\" width=\"1024\" height=\"683\" src=\"http:\/\/gentleguards.com\/wp-content\/uploads\/2026\/01\/IMG_0516-1024x683.jpg\" alt=\"\" data-id=\"2768\" data-link=\"http:\/\/gentleguards.com\/?attachment_id=2768\" class=\"wp-image-2768\" srcset=\"https:\/\/gentleguards.com\/wp-content\/uploads\/2026\/01\/IMG_0516-1024x683.jpg 1024w, https:\/\/gentleguards.com\/wp-content\/uploads\/2026\/01\/IMG_0516-300x200.jpg 300w, https:\/\/gentleguards.com\/wp-content\/uploads\/2026\/01\/IMG_0516-768x512.jpg 768w, https:\/\/gentleguards.com\/wp-content\/uploads\/2026\/01\/IMG_0516-1536x1024.jpg 1536w, https:\/\/gentleguards.com\/wp-content\/uploads\/2026\/01\/IMG_0516-2048x1365.jpg 2048w\" sizes=\"(max-width: 767px) 89vw, (max-width: 1000px) 54vw, (max-width: 1071px) 543px, 580px\" \/><\/figure><\/li><li class=\"blocks-gallery-item\"><figure><img loading=\"lazy\" width=\"1024\" height=\"683\" src=\"http:\/\/gentleguards.com\/wp-content\/uploads\/2026\/01\/IMG_0518-1024x683.jpg\" alt=\"\" data-id=\"2769\" data-link=\"http:\/\/gentleguards.com\/?attachment_id=2769\" class=\"wp-image-2769\" srcset=\"https:\/\/gentleguards.com\/wp-content\/uploads\/2026\/01\/IMG_0518-1024x683.jpg 1024w, https:\/\/gentleguards.com\/wp-content\/uploads\/2026\/01\/IMG_0518-300x200.jpg 300w, https:\/\/gentleguards.com\/wp-content\/uploads\/2026\/01\/IMG_0518-768x512.jpg 768w, https:\/\/gentleguards.com\/wp-content\/uploads\/2026\/01\/IMG_0518-1536x1024.jpg 1536w, https:\/\/gentleguards.com\/wp-content\/uploads\/2026\/01\/IMG_0518-2048x1365.jpg 2048w\" sizes=\"(max-width: 767px) 89vw, (max-width: 1000px) 54vw, (max-width: 1071px) 543px, 580px\" \/><\/figure><\/li><li class=\"blocks-gallery-item\"><figure><img loading=\"lazy\" width=\"683\" height=\"1024\" src=\"http:\/\/gentleguards.com\/wp-content\/uploads\/2026\/01\/IMG_0523-683x1024.jpg\" alt=\"\" data-id=\"2770\" data-link=\"http:\/\/gentleguards.com\/?attachment_id=2770\" class=\"wp-image-2770\" srcset=\"https:\/\/gentleguards.com\/wp-content\/uploads\/2026\/01\/IMG_0523-683x1024.jpg 683w, https:\/\/gentleguards.com\/wp-content\/uploads\/2026\/01\/IMG_0523-200x300.jpg 200w, https:\/\/gentleguards.com\/wp-content\/uploads\/2026\/01\/IMG_0523-768x1152.jpg 768w, https:\/\/gentleguards.com\/wp-content\/uploads\/2026\/01\/IMG_0523-1024x1536.jpg 1024w, https:\/\/gentleguards.com\/wp-content\/uploads\/2026\/01\/IMG_0523-1365x2048.jpg 1365w, https:\/\/gentleguards.com\/wp-content\/uploads\/2026\/01\/IMG_0523-scaled.jpg 1707w\" sizes=\"(max-width: 683px) 100vw, 683px\" \/><\/figure><\/li><li class=\"blocks-gallery-item\"><figure><img loading=\"lazy\" width=\"683\" height=\"1024\" src=\"http:\/\/gentleguards.com\/wp-content\/uploads\/2026\/01\/IMG_0533-683x1024.jpg\" alt=\"\" data-id=\"2771\" data-link=\"http:\/\/gentleguards.com\/?attachment_id=2771\" class=\"wp-image-2771\" srcset=\"https:\/\/gentleguards.com\/wp-content\/uploads\/2026\/01\/IMG_0533-683x1024.jpg 683w, https:\/\/gentleguards.com\/wp-content\/uploads\/2026\/01\/IMG_0533-200x300.jpg 200w, https:\/\/gentleguards.com\/wp-content\/uploads\/2026\/01\/IMG_0533-768x1152.jpg 768w, https:\/\/gentleguards.com\/wp-content\/uploads\/2026\/01\/IMG_0533-1024x1536.jpg 1024w, https:\/\/gentleguards.com\/wp-content\/uploads\/2026\/01\/IMG_0533-1365x2048.jpg 1365w, https:\/\/gentleguards.com\/wp-content\/uploads\/2026\/01\/IMG_0533-scaled.jpg 1707w\" sizes=\"(max-width: 683px) 100vw, 683px\" \/><\/figure><\/li><li class=\"blocks-gallery-item\"><figure><img loading=\"lazy\" width=\"683\" height=\"1024\" src=\"http:\/\/gentleguards.com\/wp-content\/uploads\/2026\/01\/IMG_0534-683x1024.jpg\" alt=\"\" data-id=\"2772\" data-link=\"http:\/\/gentleguards.com\/?attachment_id=2772\" class=\"wp-image-2772\" srcset=\"https:\/\/gentleguards.com\/wp-content\/uploads\/2026\/01\/IMG_0534-683x1024.jpg 683w, https:\/\/gentleguards.com\/wp-content\/uploads\/2026\/01\/IMG_0534-200x300.jpg 200w, https:\/\/gentleguards.com\/wp-content\/uploads\/2026\/01\/IMG_0534-768x1152.jpg 768w, https:\/\/gentleguards.com\/wp-content\/uploads\/2026\/01\/IMG_0534-1024x1536.jpg 1024w, https:\/\/gentleguards.com\/wp-content\/uploads\/2026\/01\/IMG_0534-1365x2048.jpg 1365w, https:\/\/gentleguards.com\/wp-content\/uploads\/2026\/01\/IMG_0534-scaled.jpg 1707w\" sizes=\"(max-width: 683px) 100vw, 683px\" \/><\/figure><\/li><li class=\"blocks-gallery-item\"><figure><img loading=\"lazy\" width=\"1024\" height=\"683\" src=\"http:\/\/gentleguards.com\/wp-content\/uploads\/2026\/01\/IMG_0540-1024x683.jpg\" alt=\"\" data-id=\"2773\" data-full-url=\"http:\/\/gentleguards.com\/wp-content\/uploads\/2026\/01\/IMG_0540-scaled.jpg\" data-link=\"http:\/\/gentleguards.com\/?attachment_id=2773\" class=\"wp-image-2773\" srcset=\"https:\/\/gentleguards.com\/wp-content\/uploads\/2026\/01\/IMG_0540-1024x683.jpg 1024w, https:\/\/gentleguards.com\/wp-content\/uploads\/2026\/01\/IMG_0540-300x200.jpg 300w, https:\/\/gentleguards.com\/wp-content\/uploads\/2026\/01\/IMG_0540-768x512.jpg 768w, https:\/\/gentleguards.com\/wp-content\/uploads\/2026\/01\/IMG_0540-1536x1024.jpg 1536w, https:\/\/gentleguards.com\/wp-content\/uploads\/2026\/01\/IMG_0540-2048x1365.jpg 2048w\" sizes=\"(max-width: 767px) 89vw, (max-width: 1000px) 54vw, (max-width: 1071px) 543px, 580px\" \/><\/figure><\/li><\/ul><\/figure>\n\n\n\n<p>.<\/p>\n\n\n\n<h2 class=\"has-text-align-center\">F\u00fcr alle Treffen gilt:<\/h2>\n\n\n\n<p class=\"has-text-align-center\">Wir haben aus der Vergangenheit gelernt und damit unsere Treffen \u00fcberhaupt stattfinden k\u00f6nnen, bitten wir euch, nur mit gesunden, gut sozialvertr\u00e4glichen und Haftpflichtversicherten Hunden teilzunehmen.<\/p>\n\n\n\n<p class=\"has-text-align-center\">Bei einigen unserer Treffen  kommen Unkosten auf, oder die Teilnehmerzahl ist begrenzt. <\/p>\n\n\n\n<p class=\"has-text-align-center\">Deswegen schreiben wir es direkt hinter den Termin. <\/p>\n\n\n\n<p class=\"has-text-align-center\">Anmeldungen per Mail\/ telefonisch\/Whattsapp\/Messenger direkt bei uns. <\/p>\n\n\n\n<p class=\"has-text-align-center\">Wir freuen uns auf euch.<\/p>\n\n\n\n<p class=\"has-text-align-center\">Unsere Treffen sind privat und keine Veranstaltungen. Im Schadensfall ist  jeder f\u00fcr sich und seinen Hund  selbst verantwortlich.<\/p>\n","protected":false},"excerpt":{"rendered":"<p>29.11.2025 Bilder von der G-Geburtstags Krimiwanderung am 25.01.2026 . F\u00fcr alle Treffen gilt: Wir haben aus der Vergangenheit gelernt und damit unsere Treffen \u00fcberhaupt stattfinden k\u00f6nnen, bitten wir euch, nur mit gesunden, gut sozialvertr\u00e4glichen und Haftpflichtversicherten Hunden teilzunehmen. Bei einigen unserer Treffen kommen Unkosten auf, oder die Teilnehmerzahl ist begrenzt. Deswegen schreiben wir es direkt &hellip; <\/p>\n<p class=\"link-more\"><a href=\"https:\/\/gentleguards.com\/?page_id=1018\" class=\"more-link\"><span class=\"screen-reader-text\">\u201eTermine\u201c<\/span> weiterlesen<\/a><\/p>\n","protected":false},"author":1,"featured_media":0,"parent":0,"menu_order":0,"comment_status":"closed","ping_status":"closed","template":"","meta":[],"_links":{"self":[{"href":"https:\/\/gentleguards.com\/index.php?rest_route=\/wp\/v2\/pages\/1018"}],"collection":[{"href":"https:\/\/gentleguards.com\/index.php?rest_route=\/wp\/v2\/pages"}],"about":[{"href":"https:\/\/gentleguards.com\/index.php?rest_route=\/wp\/v2\/types\/page"}],"author":[{"embeddable":true,"href":"https:\/\/gentleguards.com\/index.php?rest_route=\/wp\/v2\/users\/1"}],"replies":[{"embeddable":true,"href":"https:\/\/gentleguards.com\/index.php?rest_route=%2Fwp%2Fv2%2Fcomments&post=1018"}],"version-history":[{"count":35,"href":"https:\/\/gentleguards.com\/index.php?rest_route=\/wp\/v2\/pages\/1018\/revisions"}],"predecessor-version":[{"id":2774,"href":"https:\/\/gentleguards.com\/index.php?rest_route=\/wp\/v2\/pages\/1018\/revisions\/2774"}],"wp:attachment":[{"href":"https:\/\/gentleguards.com\/index.php?rest_route=%2Fwp%2Fv2%2Fmedia&parent=1018"}],"curies":[{"name":"wp","href":"https:\/\/api.w.org\/{rel}","templated":true}]}}