{"id":911,"date":"2020-12-08T10:38:57","date_gmt":"2020-12-08T10:38:57","guid":{"rendered":"http:\/\/gentleguards.com\/?page_id=911"},"modified":"2021-02-10T20:14:32","modified_gmt":"2021-02-10T20:14:32","slug":"h-wurf","status":"publish","type":"page","link":"http:\/\/gentleguards.com\/?page_id=911","title":{"rendered":"H-Wurf"},"content":{"rendered":"\n<p class=\"has-text-align-center\">geb. 30. November 2020<\/p>\n\n\n\n<h2 class=\"has-text-align-center\">Nessiebluebell Blair Fawn x Gentle Guards Does In Care <\/h2>\n\n\n\n<div class=\"wp-block-image\"><figure class=\"aligncenter size-large is-resized\"><img loading=\"lazy\" src=\"http:\/\/gentleguards.com\/wp-content\/uploads\/2020\/12\/EmmiFinn-1-922x1024.jpg\" alt=\"\" class=\"wp-image-914\" width=\"553\" height=\"614\" srcset=\"http:\/\/gentleguards.com\/wp-content\/uploads\/2020\/12\/EmmiFinn-1-922x1024.jpg 922w, http:\/\/gentleguards.com\/wp-content\/uploads\/2020\/12\/EmmiFinn-1-270x300.jpg 270w, http:\/\/gentleguards.com\/wp-content\/uploads\/2020\/12\/EmmiFinn-1-768x853.jpg 768w, http:\/\/gentleguards.com\/wp-content\/uploads\/2020\/12\/EmmiFinn-1-1383x1536.jpg 1383w, http:\/\/gentleguards.com\/wp-content\/uploads\/2020\/12\/EmmiFinn-1-1843x2048.jpg 1843w\" sizes=\"(max-width: 553px) 100vw, 553px\" \/><\/figure><\/div>\n\n\n\n<h2 class=\"has-text-align-center\">Finn und  Emmi<\/h2>\n\n\n\n<p class=\"has-text-align-center\">2 fawn -wei\u00dfe H\u00fcndinnen<\/p>\n\n\n\n<p class=\"has-text-align-center\">1 blau wei\u00dfe H\u00fcndin <\/p>\n\n\n\n<p class=\"has-text-align-center\">1 schwarz-wei\u00dfe H\u00fcndin<\/p>\n\n\n\n<p class=\"has-text-align-center\">1 fawn-wei\u00dfer R\u00fcde<\/p>\n\n\n\n<p class=\"has-text-align-center\">1 blau-wei\u00dfer R\u00fcde<\/p>\n\n\n\n<p class=\"has-text-align-center\">1 schwarz -wei\u00dfer R\u00fcde<\/p>\n\n\n\n<p class=\"has-text-align-center\">die kleine schwarz-wei\u00dfe H\u00fcndin verstarb leider nach 3 Tagen<\/p>\n\n\n\n<p><\/p>\n\n\n\n<p class=\"has-text-align-center\">&#8222;Gentle Guards Hugh Have A Break&#8220;           hei\u00dft nun GIANNI<\/p>\n\n\n\n<p class=\"has-text-align-center\">&#8222;Gentle Guards Howard Have A Good Ride&#8220;         hei\u00dft nun BALU<\/p>\n\n\n\n<p class=\"has-text-align-center\">&#8222;Gentle Guards Homer Have A Try&#8220;         hei\u00dft nun HOMER<\/p>\n\n\n\n<p class=\"has-text-align-center\">&#8222;Gentle Guards Heloise Have A Seat&#8220;    hei\u00dft nun LUCY<\/p>\n\n\n\n<p class=\"has-text-align-center\">&#8222;Gentle Guards Holly Have A Heart&#8220;      hei\u00dft nun EMILY<\/p>\n\n\n\n<p class=\"has-text-align-center\">&#8222;Gentle Guards Halo Have A Dream&#8220;     hei\u00dft nun  JOSIE<\/p>\n\n\n\n<div class=\"wp-block-image\"><figure class=\"aligncenter size-large\"><img loading=\"lazy\" width=\"1024\" height=\"602\" src=\"http:\/\/gentleguards.com\/wp-content\/uploads\/2021\/01\/H-Bankbild-3-1024x602.jpeg\" alt=\"\" class=\"wp-image-1067\" srcset=\"http:\/\/gentleguards.com\/wp-content\/uploads\/2021\/01\/H-Bankbild-3-1024x602.jpeg 1024w, http:\/\/gentleguards.com\/wp-content\/uploads\/2021\/01\/H-Bankbild-3-300x176.jpeg 300w, http:\/\/gentleguards.com\/wp-content\/uploads\/2021\/01\/H-Bankbild-3-768x451.jpeg 768w, http:\/\/gentleguards.com\/wp-content\/uploads\/2021\/01\/H-Bankbild-3-2048x1204.jpeg 2048w\" sizes=\"(max-width: 767px) 89vw, (max-width: 1000px) 54vw, (max-width: 1071px) 543px, 580px\" \/><\/figure><\/div>\n\n\n\n<h3 class=\"has-text-align-center\"> Gianni, Balu, Homer, Emily, Josie, Lucy                 <\/h3>\n\n\n\n<h2 class=\"has-text-align-center\"> Ahnentafel:   IK  0,00     AVK  100 % <\/h2>\n\n\n\n<div class=\"wp-block-image\"><figure class=\"aligncenter size-large\"><img loading=\"lazy\" width=\"814\" height=\"1024\" src=\"http:\/\/gentleguards.com\/wp-content\/uploads\/2021\/01\/AT-H-Wurf-814x1024.jpg\" alt=\"\" class=\"wp-image-999\" srcset=\"http:\/\/gentleguards.com\/wp-content\/uploads\/2021\/01\/AT-H-Wurf-814x1024.jpg 814w, http:\/\/gentleguards.com\/wp-content\/uploads\/2021\/01\/AT-H-Wurf-238x300.jpg 238w, http:\/\/gentleguards.com\/wp-content\/uploads\/2021\/01\/AT-H-Wurf-768x966.jpg 768w, http:\/\/gentleguards.com\/wp-content\/uploads\/2021\/01\/AT-H-Wurf.jpg 1171w\" sizes=\"(max-width: 767px) 89vw, (max-width: 1000px) 54vw, (max-width: 1071px) 543px, 580px\" \/><\/figure><\/div>\n\n\n\n<h2 class=\"has-text-align-center\"><\/h2>\n\n\n\n<p><\/p>\n","protected":false},"excerpt":{"rendered":"<p>geb. 30. November 2020 Nessiebluebell Blair Fawn x Gentle Guards Does In Care Finn und Emmi 2 fawn -wei\u00dfe H\u00fcndinnen 1 blau wei\u00dfe H\u00fcndin 1 schwarz-wei\u00dfe H\u00fcndin 1 fawn-wei\u00dfer R\u00fcde 1 blau-wei\u00dfer R\u00fcde 1 schwarz -wei\u00dfer R\u00fcde die kleine schwarz-wei\u00dfe H\u00fcndin verstarb leider nach 3 Tagen &#8222;Gentle Guards Hugh Have A Break&#8220; hei\u00dft nun GIANNI &hellip; <\/p>\n<p class=\"link-more\"><a href=\"http:\/\/gentleguards.com\/?page_id=911\" class=\"more-link\"><span class=\"screen-reader-text\">\u201eH-Wurf\u201c<\/span> weiterlesen<\/a><\/p>\n","protected":false},"author":1,"featured_media":0,"parent":263,"menu_order":0,"comment_status":"closed","ping_status":"closed","template":"","meta":[],"_links":{"self":[{"href":"http:\/\/gentleguards.com\/index.php?rest_route=\/wp\/v2\/pages\/911"}],"collection":[{"href":"http:\/\/gentleguards.com\/index.php?rest_route=\/wp\/v2\/pages"}],"about":[{"href":"http:\/\/gentleguards.com\/index.php?rest_route=\/wp\/v2\/types\/page"}],"author":[{"embeddable":true,"href":"http:\/\/gentleguards.com\/index.php?rest_route=\/wp\/v2\/users\/1"}],"replies":[{"embeddable":true,"href":"http:\/\/gentleguards.com\/index.php?rest_route=%2Fwp%2Fv2%2Fcomments&post=911"}],"version-history":[{"count":15,"href":"http:\/\/gentleguards.com\/index.php?rest_route=\/wp\/v2\/pages\/911\/revisions"}],"predecessor-version":[{"id":1112,"href":"http:\/\/gentleguards.com\/index.php?rest_route=\/wp\/v2\/pages\/911\/revisions\/1112"}],"up":[{"embeddable":true,"href":"http:\/\/gentleguards.com\/index.php?rest_route=\/wp\/v2\/pages\/263"}],"wp:attachment":[{"href":"http:\/\/gentleguards.com\/index.php?rest_route=%2Fwp%2Fv2%2Fmedia&parent=911"}],"curies":[{"name":"wp","href":"https:\/\/api.w.org\/{rel}","templated":true}]}}