{"id":270,"date":"2019-10-12T20:54:17","date_gmt":"2019-10-12T20:54:17","guid":{"rendered":"http:\/\/testpage.gentleguards.com\/?page_id=270"},"modified":"2026-01-29T14:02:00","modified_gmt":"2026-01-29T14:02:00","slug":"wurfplanung","status":"publish","type":"page","link":"http:\/\/gentleguards.com\/?page_id=270","title":{"rendered":"Wurfplanung"},"content":{"rendered":"\n<h2 class=\"has-text-align-center\">Die n\u00e4chsten Gentle Guards  Welpen <\/h2>\n\n\n\n<h2 class=\"has-text-align-center\">sind f\u00fcr den Sommer\/Herbst  2026 geplant.<\/h2>\n\n\n\n<p class=\"has-text-align-center\"><\/p>\n\n\n\n<p class=\"has-text-align-center\">Es wird der 2. Wurf mit unserer <\/p>\n\n\n\n<p class=\"has-text-align-center\">Judith (Gentle Guards Guess Who&#8217;s Guinness Gauzy )werden.<\/p>\n\n\n\n<p class=\"has-text-align-center\">HD A, ED 0\/0, OCD frei , Katarakt frei, CEA N\/N, PRA prcd N\/N, MDR +\/+ Haplotypen 6\/4<\/p>\n\n\n\n<figure class=\"wp-block-gallery aligncenter columns-1 is-cropped\"><ul class=\"blocks-gallery-grid\"><li class=\"blocks-gallery-item\"><figure><img loading=\"lazy\" width=\"1024\" height=\"1024\" src=\"http:\/\/gentleguards.com\/wp-content\/uploads\/2025\/03\/IMG_20240325_133021_061-1024x1024.jpg\" alt=\"\" data-id=\"2458\" data-full-url=\"http:\/\/gentleguards.com\/wp-content\/uploads\/2025\/03\/IMG_20240325_133021_061.jpg\" data-link=\"http:\/\/gentleguards.com\/?attachment_id=2458\" class=\"wp-image-2458\" srcset=\"http:\/\/gentleguards.com\/wp-content\/uploads\/2025\/03\/IMG_20240325_133021_061-1024x1024.jpg 1024w, http:\/\/gentleguards.com\/wp-content\/uploads\/2025\/03\/IMG_20240325_133021_061-300x300.jpg 300w, http:\/\/gentleguards.com\/wp-content\/uploads\/2025\/03\/IMG_20240325_133021_061-150x150.jpg 150w, http:\/\/gentleguards.com\/wp-content\/uploads\/2025\/03\/IMG_20240325_133021_061-768x768.jpg 768w, http:\/\/gentleguards.com\/wp-content\/uploads\/2025\/03\/IMG_20240325_133021_061-100x100.jpg 100w, http:\/\/gentleguards.com\/wp-content\/uploads\/2025\/03\/IMG_20240325_133021_061.jpg 1373w\" sizes=\"(max-width: 767px) 89vw, (max-width: 1000px) 54vw, (max-width: 1071px) 543px, 580px\" \/><\/figure><\/li><\/ul><\/figure>\n\n\n\n<p class=\"has-text-align-center\">Welchen R\u00fcden wir gew\u00e4hlt haben, wird erstmal noch nicht verraten, bis alles geklappt hat.<\/p>\n\n\n\n<p class=\"has-text-align-center\">Wir haben wieder einen wundersch\u00f6nen sehr pigmentstarken lackschwarzen R\u00fcden f\u00fcr den n\u00e4chsten Wurf gew\u00e4hlt und wenn alles klappt, sind Welpen in allen 4 Farben m\u00f6glich  .<\/p>\n\n\n\n<p class=\"has-text-align-center\"> Im Bereich der DLA Gene werden die Welpen wieder die gr\u00f6\u00dftm\u00f6gliche Genvielfalt haben.<\/p>\n\n\n\n<p><\/p>\n\n\n\n<p class=\"has-text-align-center\">Der geplante Wurf wird einen IK \u00fcber 5 Generationen von 0,00 und einen AVK von 100% haben.<\/p>\n\n\n\n<p class=\"has-text-align-center\"> \u00dcber 12 Generationen liegt der Inzuchtkoeffizient bei 8<\/p>\n\n\n\n<p class=\"has-text-align-center\"><\/p>\n\n\n\n<p class=\"has-text-align-center\"> Bei ernsthaftem Interesse an einem Welpen aus unserer Zucht,<\/p>\n\n\n\n<p class=\"has-text-align-center\">melde dich jetzt schon bei uns, da die Nachfrage  immer sehr sehr gro\u00df ist.<\/p>\n\n\n\n<p class=\"has-text-align-center\"><\/p>\n\n\n\n<p class=\"has-text-align-center\">Wir freuen uns dich kennen zu lernen , vielleicht bei einem&nbsp;&nbsp;&nbsp;&nbsp;&nbsp;<\/p>\n\n\n\n<p class=\"has-text-align-center\">Spaziergang und einer Tasse Kaffee.<\/p>\n\n\n\n<p class=\"has-text-align-center\">Ruf einfach an, wir beissen nicht \ud83d\ude09<\/p>\n\n\n\n<p class=\"has-text-align-center\">0163 6255181   <\/p>\n\n\n\n<h2 class=\"has-text-align-center\"><\/h2>\n\n\n\n<p class=\"has-text-align-center\"><\/p>\n","protected":false},"excerpt":{"rendered":"<p>Die n\u00e4chsten Gentle Guards Welpen sind f\u00fcr den Sommer\/Herbst 2026 geplant. Es wird der 2. Wurf mit unserer Judith (Gentle Guards Guess Who&#8217;s Guinness Gauzy )werden. HD A, ED 0\/0, OCD frei , Katarakt frei, CEA N\/N, PRA prcd N\/N, MDR +\/+ Haplotypen 6\/4 Welchen R\u00fcden wir gew\u00e4hlt haben, wird erstmal noch nicht verraten, bis &hellip; <\/p>\n<p class=\"link-more\"><a href=\"http:\/\/gentleguards.com\/?page_id=270\" class=\"more-link\"><span class=\"screen-reader-text\">\u201eWurfplanung\u201c<\/span> weiterlesen<\/a><\/p>\n","protected":false},"author":1,"featured_media":0,"parent":0,"menu_order":0,"comment_status":"closed","ping_status":"closed","template":"","meta":[],"_links":{"self":[{"href":"http:\/\/gentleguards.com\/index.php?rest_route=\/wp\/v2\/pages\/270"}],"collection":[{"href":"http:\/\/gentleguards.com\/index.php?rest_route=\/wp\/v2\/pages"}],"about":[{"href":"http:\/\/gentleguards.com\/index.php?rest_route=\/wp\/v2\/types\/page"}],"author":[{"embeddable":true,"href":"http:\/\/gentleguards.com\/index.php?rest_route=\/wp\/v2\/users\/1"}],"replies":[{"embeddable":true,"href":"http:\/\/gentleguards.com\/index.php?rest_route=%2Fwp%2Fv2%2Fcomments&post=270"}],"version-history":[{"count":59,"href":"http:\/\/gentleguards.com\/index.php?rest_route=\/wp\/v2\/pages\/270\/revisions"}],"predecessor-version":[{"id":2778,"href":"http:\/\/gentleguards.com\/index.php?rest_route=\/wp\/v2\/pages\/270\/revisions\/2778"}],"wp:attachment":[{"href":"http:\/\/gentleguards.com\/index.php?rest_route=%2Fwp%2Fv2%2Fmedia&parent=270"}],"curies":[{"name":"wp","href":"https:\/\/api.w.org\/{rel}","templated":true}]}}