{"id":261,"date":"2019-10-12T20:40:52","date_gmt":"2019-10-12T20:40:52","guid":{"rendered":"http:\/\/testpage.gentleguards.com\/?page_id=261"},"modified":"2026-02-13T10:27:02","modified_gmt":"2026-02-13T10:27:02","slug":"news","status":"publish","type":"page","link":"http:\/\/gentleguards.com\/?page_id=261","title":{"rendered":"Aktuelles"},"content":{"rendered":"\n<h2 class=\"has-text-align-center\">13.02.2026<\/h2>\n\n\n\n<p class=\"has-text-align-center\">Wallace (Gentle Guards For Your Eyes Only) war zur Katarakt Augenuntersuchung. Alles prima, alles frei ohne Befund.<\/p>\n\n\n\n<h2 class=\"has-text-align-center\">27.01.2026<\/h2>\n\n\n\n<h2 class=\"has-text-align-center\">Happy Birthday zum 6. Geburtstag<\/h2>\n\n\n\n<p class=\"has-text-align-center\">Unser G-Wurf feiert heute seinen 6. Geburtstag<\/p>\n\n\n\n<figure class=\"wp-block-image size-large\"><img loading=\"lazy\" width=\"1024\" height=\"629\" src=\"http:\/\/gentleguards.com\/wp-content\/uploads\/2026\/01\/IMG_8757-1024x629.jpeg\" alt=\"\" class=\"wp-image-2780\" srcset=\"http:\/\/gentleguards.com\/wp-content\/uploads\/2026\/01\/IMG_8757-1024x629.jpeg 1024w, http:\/\/gentleguards.com\/wp-content\/uploads\/2026\/01\/IMG_8757-300x184.jpeg 300w, http:\/\/gentleguards.com\/wp-content\/uploads\/2026\/01\/IMG_8757-768x471.jpeg 768w, http:\/\/gentleguards.com\/wp-content\/uploads\/2026\/01\/IMG_8757-1536x943.jpeg 1536w, http:\/\/gentleguards.com\/wp-content\/uploads\/2026\/01\/IMG_8757-2048x1257.jpeg 2048w\" sizes=\"(max-width: 767px) 89vw, (max-width: 1000px) 54vw, (max-width: 1071px) 543px, 580px\" \/><\/figure>\n\n\n\n<h2 class=\"has-text-align-center\">20.01.2026<\/h2>\n\n\n\n<h2 class=\"has-text-align-center\">Fotos Von unserer Krimiwanderung am 25.1.<\/h2>\n\n\n\n<p class=\"has-text-align-center\">unter Termine<\/p>\n\n\n\n<h2 class=\"has-text-align-center\">Neues von Anita<\/h2>\n\n\n\n<p class=\"has-text-align-center\">Neue Untersuchungsergebnisse HD,ED,OCD  von unserer Anita unter M\u00e4dels  (V\u00e4sterskog En Unik Elise F\u00f6r Gentle Guards)<\/p>\n\n\n\n<p><\/p>\n\n\n\n<p class=\"has-text-align-center\"><\/p>\n\n\n\n<p class=\"has-text-align-center\"><\/p>\n\n\n\n<p class=\"has-text-align-center\"><\/p>\n","protected":false},"excerpt":{"rendered":"<p>13.02.2026 Wallace (Gentle Guards For Your Eyes Only) war zur Katarakt Augenuntersuchung. Alles prima, alles frei ohne Befund. 27.01.2026 Happy Birthday zum 6. Geburtstag Unser G-Wurf feiert heute seinen 6. Geburtstag 20.01.2026 Fotos Von unserer Krimiwanderung am 25.1. unter Termine Neues von Anita Neue Untersuchungsergebnisse HD,ED,OCD von unserer Anita unter M\u00e4dels (V\u00e4sterskog En Unik Elise &hellip; <\/p>\n<p class=\"link-more\"><a href=\"http:\/\/gentleguards.com\/?page_id=261\" class=\"more-link\"><span class=\"screen-reader-text\">\u201eAktuelles\u201c<\/span> weiterlesen<\/a><\/p>\n","protected":false},"author":1,"featured_media":0,"parent":0,"menu_order":0,"comment_status":"closed","ping_status":"closed","template":"","meta":[],"_links":{"self":[{"href":"http:\/\/gentleguards.com\/index.php?rest_route=\/wp\/v2\/pages\/261"}],"collection":[{"href":"http:\/\/gentleguards.com\/index.php?rest_route=\/wp\/v2\/pages"}],"about":[{"href":"http:\/\/gentleguards.com\/index.php?rest_route=\/wp\/v2\/types\/page"}],"author":[{"embeddable":true,"href":"http:\/\/gentleguards.com\/index.php?rest_route=\/wp\/v2\/users\/1"}],"replies":[{"embeddable":true,"href":"http:\/\/gentleguards.com\/index.php?rest_route=%2Fwp%2Fv2%2Fcomments&post=261"}],"version-history":[{"count":111,"href":"http:\/\/gentleguards.com\/index.php?rest_route=\/wp\/v2\/pages\/261\/revisions"}],"predecessor-version":[{"id":2791,"href":"http:\/\/gentleguards.com\/index.php?rest_route=\/wp\/v2\/pages\/261\/revisions\/2791"}],"wp:attachment":[{"href":"http:\/\/gentleguards.com\/index.php?rest_route=%2Fwp%2Fv2%2Fmedia&parent=261"}],"curies":[{"name":"wp","href":"https:\/\/api.w.org\/{rel}","templated":true}]}}