{"id":258,"date":"2019-10-12T20:39:29","date_gmt":"2019-10-12T20:39:29","guid":{"rendered":"http:\/\/testpage.gentleguards.com\/?page_id=258"},"modified":"2025-11-07T18:01:00","modified_gmt":"2025-11-07T18:01:00","slug":"ueber-uns","status":"publish","type":"page","link":"http:\/\/gentleguards.com\/?page_id=258","title":{"rendered":"\u00dcber uns"},"content":{"rendered":"\n<figure class=\"wp-block-image size-large is-resized is-style-default\"><img loading=\"lazy\" src=\"http:\/\/gentleguards.com\/wp-content\/uploads\/2021\/11\/1637246968562-1024x532.jpg\" alt=\"\" class=\"wp-image-1439\" width=\"674\" height=\"350\" srcset=\"http:\/\/gentleguards.com\/wp-content\/uploads\/2021\/11\/1637246968562-1024x532.jpg 1024w, http:\/\/gentleguards.com\/wp-content\/uploads\/2021\/11\/1637246968562-300x156.jpg 300w, http:\/\/gentleguards.com\/wp-content\/uploads\/2021\/11\/1637246968562-768x399.jpg 768w, http:\/\/gentleguards.com\/wp-content\/uploads\/2021\/11\/1637246968562-1536x798.jpg 1536w, http:\/\/gentleguards.com\/wp-content\/uploads\/2021\/11\/1637246968562-2048x1065.jpg 2048w\" sizes=\"(max-width: 674px) 100vw, 674px\" \/><\/figure>\n\n\n\n<p>Ich wohne mit meinem Mann Bernd in  Bergkamen, in direkter Nachbarschaft mit W\u00e4ldern,&nbsp;<\/p>\n\n\n\n<p class=\"has-text-align-center\">Wiesen, Lippeauen und dem Datteln-Hamm Kanal , aber&nbsp;<\/p>\n\n\n\n<p class=\"has-text-align-center\">trotzdem mit einer tollen Verkehrsanbindung an die A1.<\/p>\n\n\n\n<p><\/p>\n\n\n\n<p class=\"has-text-align-center\">Wir lieben lange Spazierg\u00e4nge, wandern gern und m\u00f6gen&nbsp; Campingurlaub.<\/p>\n\n\n\n<p class=\"has-text-align-center\">Nat\u00fcrlich immer mit den Hunden.<\/p>\n\n\n\n<p class=\"has-text-align-center\">Ich liebe es , sie zu besch\u00e4ftigen.&nbsp;<\/p>\n\n\n\n<p class=\"has-text-align-center\">Ich lege besonders viel Wert auf beste Gesundheit und artgerechte Ern\u00e4hrung,<\/p>\n\n\n\n<p class=\"has-text-align-center\"> eine gute Erziehung und k\u00f6rperliche und geistige Auslastung unserer Hunde.&nbsp;<\/p>\n\n\n\n<p>&nbsp;<\/p>\n\n\n\n<p class=\"has-text-align-center\">Damit ich das auch mit bestem Wissen und Gewissen umsetzen kann , besuche ich, nach wie vor,  Seminare&nbsp; und Fortbildungen.<\/p>\n\n\n\n<p><\/p>\n\n\n\n<p class=\"has-text-align-center\">Bevor ich 2008 mit unserer Bearded Collie Zucht begonnen habe,&nbsp;<\/p>\n\n\n\n<p class=\"has-text-align-center\">habe ich beim DVG (VDH) den Trainerschein f\u00fcr&nbsp;Hundeausbildung bekommen.<\/p>\n\n\n\n<p>&nbsp;<\/p>\n\n\n\n<p class=\"has-text-align-center\">Dort wurde ich in folgenden Themen geschult:<\/p>\n\n\n\n<ol><li>Rhetorik und Menschenf\u00fchrung<br><\/li><li>Versicherungsfragen<br><\/li><li>Erste Hilfe am Hund<br><\/li><li>Recht rund um den Hund ( Ordnungsrecht, Zivilrecht, Vereinsrecht)<br><\/li><li>Struktur des Hundewesens<br><\/li><li>Praxis im Hundesport ( theoretisches und praktisches Wissen in der Ausbildung von Hunden) in den Bereichen:&nbsp;&nbsp;&nbsp;&nbsp;&nbsp;&nbsp;&nbsp;&nbsp;&nbsp;&nbsp;&nbsp;&nbsp;&nbsp;&nbsp; Welpenerziehung&nbsp;&nbsp;&nbsp;&nbsp;&nbsp;&nbsp;&nbsp;&nbsp;&nbsp;&nbsp;&nbsp; Agilitiy          Obedience<\/li><\/ol>\n\n\n\n<p><\/p>\n\n\n\n<p class=\"has-text-align-left has-text-color\" style=\"color:#6aa300\">Am 28.6. 2008 erhielt ich den Trainerschein der mich berechtigt Hunde auszubilden.<\/p>\n\n\n\n<p class=\"has-text-align-left\">Am 12.4.2008 begann ich mit der Ausbildung zum Z\u00fcchter \u00fcber den CfBrH (VDH)&nbsp;&nbsp;<\/p>\n\n\n\n<p class=\"has-text-align-center\">Ich besuchte Seminare zu den Themen<\/p>\n\n\n\n<p><\/p>\n\n\n\n<figure class=\"wp-block-table is-style-regular\"><table><tbody><tr><td>12.04.2008<\/td><td>Allgemeine Haltungsbedingungen , Zuchtbestimmungen<\/td><\/tr><tr><td>01.03.2008<\/td><td>Vorbereitung der H\u00fcndin zur Belegung und Versorgung der tragenden H\u00fcndin Geburtsvorgang und Welpenaufzucht<\/td><\/tr><tr><td>26.07.2008<\/td><td>Vorbereitung der H\u00fcndin zur&nbsp;Belegung<br>Tragende H\u00fcndin und Geburt<\/td><\/tr><tr><td>05.10.2008<\/td><td>Genetik, Welpenaufzucht<\/td><\/tr><tr><td>25.10.2008<\/td><td>Inzuchtkoifizient und Ahnenverlustkoifizient<\/td><\/tr><\/tbody><\/table><\/figure>\n\n\n\n<p class=\"has-text-color\" style=\"color:#6aa300\">Am 2.11.2008 bestand ich die Z\u00fcchterpr\u00fcfung und erhielt somit meine Zuchtzulassung<\/p>\n\n\n\n<figure class=\"wp-block-table\"><table><tbody><tr><td>20.11.2010<\/td><td>Haltern<\/td><td>Mehrhundehaltung,  nonverbale Kommunikation<\/td><\/tr><tr><td>01.-.02.10.2011<\/td><td>Wetter<\/td><td>H\u00fcteseminar<\/td><\/tr><tr><td>12.2011<\/td><td>Bergkamen<\/td><td>Verl\u00e4ngerung Trainerschein<\/td><\/tr><tr><td>05.2012<\/td><td>Hamm<\/td><td>Infektionskrankheiten beim Welpen, Impfungen beim Welpen, richtiges Spielen mit Welpen<\/td><\/tr><tr><td>10.2012<\/td><td>Mengede<\/td><td>Erblich bedingte Erkrankungen von Gelenken und Knochen<\/td><\/tr><tr><td>09.02.2014<\/td><td>Dortmund<\/td><td>Welpentest, Verhaltensentwicklung<\/td><\/tr><tr><td>17.-18.05.2014<\/td><td>Uedem<\/td><td>Agilityseminar F\u00fchrungstechniken<\/td><\/tr><tr><td>30.09.2014<\/td><td>Dortmund<\/td><td>Epilepsie, Diabetes, Shunt und andere Erkrankungen- Ursachen, Behandlung und richtige Ern\u00e4hrung<\/td><\/tr><tr><td>08.-09.11.2014<\/td><td>Hamm<\/td><td>H\u00fcteseminar mit Anita Hermes<\/td><\/tr><tr><td>02.12.2014<\/td><td>Dortmund<\/td><td>Stoffwechselerkrankungen<\/td><\/tr><tr><td>30.03.2015<\/td><td>Unna<\/td><td>Kommunikation Hund-Hund<\/td><\/tr><tr><td>25.-26.04.2015<\/td><td>Alpen<\/td><td>Agilityseminar<\/td><\/tr><tr><td>24.07.2015<\/td><td>Beckum<\/td><td>Genetikseminar<\/td><\/tr><tr><td>18.11.2015<\/td><td>Holzwickede<\/td><td>Getreide, Zucker, Salz und Co. Was ist wirklich drin im Futter?<\/td><\/tr><tr><td>20.07.2016<\/td><td>Werne<\/td><td>Trickdogs Seminar<\/td><\/tr><tr><td>08.10.2016<\/td><td>Hamminkeln<\/td><td>Genetik, Epigenetik, DNA Tests in der Hundezucht,    <br>Farbgenetik<\/td><\/tr><tr><td>11.10.2016<\/td><td>Werne<\/td><td>Mantrailing Seminar<\/td><\/tr><tr><td>11.04.2017<\/td><td>Dortmund<\/td><td>Genetik: Erbkrankheiten und ihre Bek\u00e4mpfung<\/td><\/tr><tr><td>06.02.2019<\/td><td>Dortmund<\/td><td>L\u00e4ufigkeit und Zyklus der Zuchth\u00fcndin, der Deckakt<\/td><\/tr><tr><td>30.01.2021<\/td><td>Online<\/td><td>Feragen: Genetische Vielfalt und Diversit\u00e4t in der<br>                    Hundezucht, DLA Analysen<\/td><\/tr><tr><td>06.04.2021<\/td><td>Online<\/td><td>Feragen: Teil 1 Grundlagen der Genetischen Vielfalt <\/td><\/tr><tr><td>13.04.2021<\/td><td>Online<\/td><td>Feragen: Teil 2 Diversit\u00e4t und Genetische Vielfalt &#8222;Aufbau&#8220;<\/td><\/tr><tr><td>01.06.2021<\/td><td>Online<\/td><td>Petinare: Schwergeburten bei der H\u00fcndin,<br>                     Verhalten bei Geburtsstockungen<\/td><\/tr><tr><td>08.07.2021<\/td><td>Online<\/td><td>Digitales Z\u00fcchtertreffen : <br>Andrologie- der Zuchtr\u00fcde (Praxis Dr. Moerke) und besondere Ern\u00e4hrung bei Zuchttieren.<br><\/td><\/tr><tr><td>17.10.2023<\/td><td>Online<\/td><td>1&#215;1 der Z\u00fcchter, Grundlagen der Genetik<\/td><\/tr><tr><td>24.10.2023<\/td><td>Online<\/td><td>Diversit\u00e4t und genetische Vielfalt in der Hundezucht<\/td><\/tr><tr><td>31.10.2023<\/td><td>Online<\/td><td>Mutationen, Segen oder Fluch<\/td><\/tr><tr><td>07.11.2025<\/td><td>Online<\/td><td>Sch\u00fcsslersalze und Salben<\/td><\/tr><tr><td>09.11.2025<\/td><td>Lennestadt<\/td><td>Epigenetik des Hundes-Wie Hunde werden wie sie sind<\/td><\/tr><\/tbody><\/table><\/figure>\n\n\n\n<p>&nbsp;&nbsp;&nbsp;&nbsp;&nbsp;&nbsp;&nbsp;&nbsp;&nbsp;&nbsp;&nbsp;&nbsp;&nbsp;&nbsp;&nbsp;&nbsp;&nbsp;&nbsp;&nbsp;&nbsp;&nbsp;&nbsp;&nbsp;&nbsp;&nbsp;&nbsp;&nbsp;&nbsp;&nbsp;&nbsp;&nbsp;&nbsp;&nbsp;&nbsp; <\/p>\n\n\n\n<p>&nbsp;&nbsp;&nbsp;&nbsp;&nbsp;&nbsp;&nbsp;&nbsp;&nbsp;&nbsp;&nbsp;&nbsp;&nbsp;&nbsp;&nbsp;&nbsp;&nbsp;&nbsp;&nbsp;&nbsp;&nbsp;&nbsp;&nbsp;&nbsp;&nbsp;&nbsp;&nbsp;&nbsp;&nbsp;&nbsp;&nbsp;&nbsp;&nbsp;&nbsp; <\/p>\n\n\n\n<p>&nbsp;&nbsp;&nbsp;&nbsp;&nbsp;&nbsp;&nbsp;&nbsp;&nbsp;&nbsp;&nbsp;&nbsp;&nbsp;&nbsp;&nbsp;&nbsp;&nbsp;&nbsp;&nbsp;&nbsp;&nbsp;&nbsp;&nbsp;&nbsp;&nbsp;&nbsp;&nbsp;&nbsp;&nbsp;&nbsp;&nbsp;&nbsp;&nbsp;<\/p>\n\n\n\n<p>&nbsp;&nbsp;&nbsp;&nbsp;&nbsp;&nbsp;&nbsp;&nbsp;&nbsp;&nbsp;&nbsp;&nbsp;&nbsp;&nbsp;&nbsp;&nbsp;&nbsp;&nbsp;&nbsp;&nbsp;&nbsp;&nbsp;&nbsp;&nbsp;&nbsp;&nbsp;&nbsp;&nbsp;&nbsp;&nbsp;&nbsp;&nbsp;&nbsp;&nbsp; <\/p>\n\n\n\n<p>&nbsp;&nbsp;&nbsp;&nbsp;&nbsp;&nbsp;&nbsp;&nbsp;&nbsp;&nbsp;&nbsp;&nbsp;&nbsp;&nbsp;&nbsp;&nbsp;&nbsp;&nbsp;&nbsp;&nbsp;&nbsp;&nbsp;&nbsp;&nbsp;&nbsp;&nbsp;&nbsp;&nbsp;&nbsp;&nbsp;&nbsp;&nbsp;&nbsp;&nbsp; <\/p>\n\n\n\n<p>&nbsp;&nbsp;&nbsp;&nbsp;&nbsp;&nbsp;&nbsp;&nbsp;&nbsp;&nbsp;&nbsp;&nbsp;&nbsp;&nbsp;&nbsp;&nbsp;&nbsp;&nbsp;&nbsp;&nbsp;&nbsp;&nbsp;&nbsp;&nbsp;&nbsp;&nbsp;&nbsp;&nbsp;&nbsp;&nbsp;&nbsp;&nbsp;&nbsp;&nbsp;&nbsp;&nbsp;&nbsp;&nbsp;&nbsp;&nbsp;&nbsp;&nbsp;&nbsp;&nbsp;&nbsp;&nbsp;&nbsp;&nbsp;&nbsp;&nbsp;&nbsp;&nbsp;&nbsp;&nbsp;&nbsp;&nbsp;&nbsp;&nbsp;&nbsp;&nbsp;&nbsp;&nbsp;&nbsp;&nbsp;&nbsp;&nbsp;&nbsp;<\/p>\n\n\n\n<p>&nbsp;&nbsp;&nbsp;&nbsp;&nbsp;&nbsp;&nbsp;&nbsp;&nbsp;&nbsp;&nbsp;&nbsp;&nbsp;&nbsp;&nbsp;&nbsp;&nbsp;&nbsp;&nbsp;&nbsp;&nbsp;&nbsp;&nbsp;&nbsp;&nbsp;&nbsp;&nbsp;&nbsp;&nbsp;&nbsp;&nbsp;&nbsp;&nbsp;<\/p>\n\n\n\n<p>&nbsp;&nbsp;&nbsp;&nbsp;&nbsp;&nbsp;&nbsp;&nbsp;&nbsp;&nbsp;&nbsp;&nbsp;&nbsp;&nbsp;&nbsp;&nbsp;&nbsp;&nbsp;&nbsp;&nbsp;&nbsp;&nbsp;&nbsp;&nbsp;&nbsp;&nbsp;&nbsp;&nbsp;&nbsp;&nbsp;&nbsp;&nbsp;&nbsp;&nbsp; <\/p>\n\n\n\n<p>&nbsp;&nbsp;&nbsp;&nbsp;&nbsp;&nbsp;&nbsp;&nbsp;&nbsp;&nbsp;&nbsp;&nbsp;&nbsp;&nbsp;&nbsp;&nbsp;&nbsp;&nbsp;&nbsp;&nbsp;&nbsp;&nbsp;&nbsp;&nbsp;&nbsp;&nbsp;&nbsp;&nbsp;&nbsp;&nbsp;&nbsp;&nbsp;&nbsp;&nbsp; &nbsp;<\/p>\n\n\n\n<p>&nbsp;&nbsp;&nbsp;&nbsp;&nbsp;&nbsp;&nbsp;&nbsp;&nbsp;&nbsp;&nbsp;&nbsp;&nbsp;&nbsp;&nbsp;&nbsp;&nbsp;&nbsp;&nbsp;&nbsp;&nbsp;&nbsp;&nbsp;&nbsp;&nbsp;&nbsp;&nbsp;&nbsp;&nbsp;&nbsp;&nbsp;&nbsp;&nbsp;&nbsp;&nbsp;&nbsp; <\/p>\n\n\n\n<p>&nbsp;&nbsp;&nbsp;&nbsp;&nbsp;&nbsp;&nbsp;&nbsp;&nbsp;&nbsp;&nbsp;&nbsp;&nbsp;&nbsp;&nbsp;&nbsp;&nbsp;&nbsp;&nbsp;&nbsp;&nbsp;&nbsp;&nbsp;&nbsp;&nbsp;&nbsp;&nbsp;&nbsp;&nbsp;&nbsp;&nbsp;&nbsp;&nbsp;&nbsp;&nbsp;&nbsp;&nbsp;<\/p>\n","protected":false},"excerpt":{"rendered":"<p>Ich wohne mit meinem Mann Bernd in Bergkamen, in direkter Nachbarschaft mit W\u00e4ldern,&nbsp; Wiesen, Lippeauen und dem Datteln-Hamm Kanal , aber&nbsp; trotzdem mit einer tollen Verkehrsanbindung an die A1. Wir lieben lange Spazierg\u00e4nge, wandern gern und m\u00f6gen&nbsp; Campingurlaub. Nat\u00fcrlich immer mit den Hunden. Ich liebe es , sie zu besch\u00e4ftigen.&nbsp; Ich lege besonders viel Wert &hellip; <\/p>\n<p class=\"link-more\"><a href=\"http:\/\/gentleguards.com\/?page_id=258\" class=\"more-link\"><span class=\"screen-reader-text\">\u201e\u00dcber uns\u201c<\/span> weiterlesen<\/a><\/p>\n","protected":false},"author":1,"featured_media":0,"parent":0,"menu_order":0,"comment_status":"closed","ping_status":"closed","template":"","meta":[],"_links":{"self":[{"href":"http:\/\/gentleguards.com\/index.php?rest_route=\/wp\/v2\/pages\/258"}],"collection":[{"href":"http:\/\/gentleguards.com\/index.php?rest_route=\/wp\/v2\/pages"}],"about":[{"href":"http:\/\/gentleguards.com\/index.php?rest_route=\/wp\/v2\/types\/page"}],"author":[{"embeddable":true,"href":"http:\/\/gentleguards.com\/index.php?rest_route=\/wp\/v2\/users\/1"}],"replies":[{"embeddable":true,"href":"http:\/\/gentleguards.com\/index.php?rest_route=%2Fwp%2Fv2%2Fcomments&post=258"}],"version-history":[{"count":41,"href":"http:\/\/gentleguards.com\/index.php?rest_route=\/wp\/v2\/pages\/258\/revisions"}],"predecessor-version":[{"id":2715,"href":"http:\/\/gentleguards.com\/index.php?rest_route=\/wp\/v2\/pages\/258\/revisions\/2715"}],"wp:attachment":[{"href":"http:\/\/gentleguards.com\/index.php?rest_route=%2Fwp%2Fv2%2Fmedia&parent=258"}],"curies":[{"name":"wp","href":"https:\/\/api.w.org\/{rel}","templated":true}]}}