{"id":235,"date":"2019-10-12T19:14:50","date_gmt":"2019-10-12T19:14:50","guid":{"rendered":"http:\/\/testpage.gentleguards.com\/?page_id=235"},"modified":"2024-08-29T10:00:45","modified_gmt":"2024-08-29T10:00:45","slug":"doerte-2","status":"publish","type":"page","link":"http:\/\/gentleguards.com\/?page_id=235","title":{"rendered":"&#8222;D\u00f6rte&#8220;"},"content":{"rendered":"\n<div class=\"wp-block-cover has-custom-content-position is-position-bottom-center\" style=\"min-height:100vh\"><img loading=\"lazy\" width=\"768\" height=\"1024\" class=\"wp-block-cover__image-background wp-image-194\" alt=\"\" src=\"http:\/\/testpage.gentleguards.com\/wp-content\/uploads\/2019\/10\/IMG-20190309-WA0012-1-768x1024.jpg\" style=\"object-position:48% 4%\" data-object-fit=\"cover\" data-object-position=\"48% 4%\" srcset=\"http:\/\/gentleguards.com\/wp-content\/uploads\/2019\/10\/IMG-20190309-WA0012-1-768x1024.jpg 768w, http:\/\/gentleguards.com\/wp-content\/uploads\/2019\/10\/IMG-20190309-WA0012-1-225x300.jpg 225w, http:\/\/gentleguards.com\/wp-content\/uploads\/2019\/10\/IMG-20190309-WA0012-1.jpg 1200w\" sizes=\"(max-width: 767px) 89vw, (max-width: 1000px) 54vw, (max-width: 1071px) 543px, 580px\" \/><div class=\"wp-block-cover__inner-container\">\n<p class=\"has-text-align-center has-large-font-size\">Dainty  D\u00f6rte The Groovy Beauty *10.11.2005 &#8211; +26.03.2022<\/p>\n<\/div><\/div>\n\n\n\n<h2 class=\"has-text-align-center\">Ch. Philemon Observer   x    Amazing Amy The Groovy Beauty<\/h2>\n\n\n\n<p class=\"has-text-align-center\">D\u00f6rte ist am 10. 11. 2005 um 14.25 Uhr mit 455 g in Oelde in der Zuchtst\u00e4tte &#8222;The Groovy Beauty&#8220; mit ihren 5 Wurfgeschwistern geboren.<\/p>\n\n\n\n<p class=\"has-text-align-center\">D\u00f6rte war in jungen Jahren eine echte Sportskanone, sie hat mit mir viele Sportarten ausprobiert und an allem Spass gefunden.<\/p>\n\n\n\n<p class=\"has-text-align-center\">Ob Obedience, Dogdance oder Agility: wir beiden waren immer ein tolles Team.<\/p>\n\n\n\n<p class=\"has-text-align-center\">Sie war ihrer Zeit immer weit voraus und konnte Dinge &#8222;sehen&#8220;, die niemand ahnte.<\/p>\n\n\n\n<p class=\"has-text-align-center\">Energie konnte sie nur \u00fcber andere erhalten( \u00fcber mich z.b.)<\/p>\n\n\n\n<p class=\"has-text-align-center\">Sie war eine spontane H\u00fcndin, die Abwechslung liebte. Alles was verdaut werden musste, durfte f\u00fcr sie ruhig abwechslungsreich sein. Ihre Umwelt und Umgebung mochte sie besonders, wenn sie immer gleich war. Immer alles zur gleichen Zeit am gleichen Ort, gem\u00e4\u00df dem Motto: und t\u00e4glich gr\u00fc\u00dft das Murmeltier.<\/p>\n\n\n\n<p class=\"has-text-align-center\">Beim wiederholen von Dingen ,war sie gut. Es dauerte zwar immer etwas l\u00e4nger, wenn sie etwas lernen sollte. Damit tat sie sich schwer. Aber sie konnte sehr gut ihren Focus halten und f\u00fcr sie zur Zeit unwichtige Dinge nicht beachten.<br><\/p>\n\n\n\n<p class=\"has-text-align-center\">Richtig gl\u00fccklich war sie auch nur, wenn sie bei Frauchen (mir) war. Sie war sehr ordnungsliebend und liebte es zu helfen, wie aufr\u00e4umen und Sachen aufheben und tragen. Ihr H\u00fcteinstinkt war sehr ausgepr\u00e4gt .<\/p>\n\n\n\n<p class=\"has-text-align-center\">Sie hatte sehr, sehr festes harsches Fell, das sich leicht pflegen lie\u00df.<\/p>\n\n\n\n<p class=\"has-text-align-center\">D\u00f6rte war Mama unseres A , B, und C Wurfes.<\/p>\n\n\n\n<p class=\"has-text-align-center\">Mit fast 17 Jahren verstarb sie ganz pl\u00f6tzlich an einem geplatzten Tumor.  <\/p>\n\n\n\n<p class=\"has-text-align-center\">Ein Traumhund der immer in unserem Herzen sein wird.<\/p>\n\n\n\n<figure class=\"wp-block-image\"><img loading=\"lazy\" width=\"642\" height=\"700\" src=\"http:\/\/testpage.gentleguards.com\/wp-content\/uploads\/2019\/10\/DSC09102.jpg\" alt=\"\" class=\"wp-image-146\" srcset=\"http:\/\/gentleguards.com\/wp-content\/uploads\/2019\/10\/DSC09102.jpg 642w, http:\/\/gentleguards.com\/wp-content\/uploads\/2019\/10\/DSC09102-275x300.jpg 275w\" sizes=\"(max-width: 642px) 100vw, 642px\" \/><\/figure>\n\n\n\n<h2 class=\"has-text-align-center\">Zuchtrelevante Daten<\/h2>\n\n\n\n<p class=\"has-text-align-center\">Farbe:     braun -wei\u00df<\/p>\n\n\n\n<p class=\"has-text-align-center\">Gr\u00f6\u00dfe:    52 cm<\/p>\n\n\n\n<p class=\"has-text-align-center\">Augenuntersuchung:  Cataract frei<\/p>\n\n\n\n<p class=\"has-text-align-center\">H\u00fcfte:    A (frei)<\/p>\n\n\n\n<p><\/p>\n\n\n\n<h2 class=\"has-text-align-center\">Ahnentafel<\/h2>\n\n\n\n<h2 class=\"has-text-align-center\">          IK  0,00        AVK   100%     <\/h2>\n\n\n\n<figure class=\"wp-block-image\"><img loading=\"lazy\" width=\"624\" height=\"1002\" src=\"http:\/\/testpage.gentleguards.com\/wp-content\/uploads\/2019\/10\/shapeimage_3-1.png\" alt=\"\" class=\"wp-image-244\" srcset=\"http:\/\/gentleguards.com\/wp-content\/uploads\/2019\/10\/shapeimage_3-1.png 624w, http:\/\/gentleguards.com\/wp-content\/uploads\/2019\/10\/shapeimage_3-1-187x300.png 187w\" sizes=\"(max-width: 624px) 100vw, 624px\" \/><\/figure>\n\n\n\n<div class=\"wp-block-image\"><figure class=\"aligncenter size-large\"><img loading=\"lazy\" width=\"206\" height=\"222\" src=\"http:\/\/gentleguards.com\/wp-content\/uploads\/2019\/10\/Logo_DNA_profile_reg_JPG_-_engels_01.jpg\" alt=\"\" class=\"wp-image-173\"\/><\/figure><\/div>\n\n\n\n<h2 class=\"has-text-align-center\">Erfolge<\/h2>\n\n\n\n<figure class=\"wp-block-image\"><img loading=\"lazy\" width=\"689\" height=\"227\" src=\"http:\/\/testpage.gentleguards.com\/wp-content\/uploads\/2019\/10\/d.jpg\" alt=\"\" class=\"wp-image-246\" srcset=\"http:\/\/gentleguards.com\/wp-content\/uploads\/2019\/10\/d.jpg 689w, http:\/\/gentleguards.com\/wp-content\/uploads\/2019\/10\/d-300x99.jpg 300w\" sizes=\"(max-width: 689px) 100vw, 689px\" \/><\/figure>\n\n\n\n<figure class=\"wp-block-image\"><img loading=\"lazy\" width=\"681\" height=\"534\" src=\"http:\/\/testpage.gentleguards.com\/wp-content\/uploads\/2019\/10\/1.jpg\" alt=\"\" class=\"wp-image-247\" srcset=\"http:\/\/gentleguards.com\/wp-content\/uploads\/2019\/10\/1.jpg 681w, http:\/\/gentleguards.com\/wp-content\/uploads\/2019\/10\/1-300x235.jpg 300w\" sizes=\"(max-width: 681px) 100vw, 681px\" \/><\/figure>\n\n\n\n<h2 class=\"has-text-align-center\">Galerie<\/h2>\n\n\n\n<figure class=\"wp-block-gallery columns-1 is-cropped\"><ul class=\"blocks-gallery-grid\"><li class=\"blocks-gallery-item\"><figure><img loading=\"lazy\" width=\"496\" height=\"560\" src=\"http:\/\/testpage.gentleguards.com\/wp-content\/uploads\/2019\/10\/img064.jpg\" alt=\"\" data-id=\"160\" data-link=\"http:\/\/testpage.gentleguards.com\/?attachment_id=160\" class=\"wp-image-160\" srcset=\"http:\/\/gentleguards.com\/wp-content\/uploads\/2019\/10\/img064.jpg 496w, http:\/\/gentleguards.com\/wp-content\/uploads\/2019\/10\/img064-266x300.jpg 266w\" sizes=\"(max-width: 496px) 100vw, 496px\" \/><\/figure><\/li><li class=\"blocks-gallery-item\"><figure><img loading=\"lazy\" width=\"464\" height=\"512\" src=\"http:\/\/testpage.gentleguards.com\/wp-content\/uploads\/2019\/10\/img065.jpg\" alt=\"\" data-id=\"161\" data-link=\"http:\/\/testpage.gentleguards.com\/?attachment_id=161\" class=\"wp-image-161\" srcset=\"http:\/\/gentleguards.com\/wp-content\/uploads\/2019\/10\/img065.jpg 464w, http:\/\/gentleguards.com\/wp-content\/uploads\/2019\/10\/img065-272x300.jpg 272w\" sizes=\"(max-width: 464px) 100vw, 464px\" \/><\/figure><\/li><li class=\"blocks-gallery-item\"><figure><img loading=\"lazy\" width=\"1024\" height=\"768\" src=\"http:\/\/testpage.gentleguards.com\/wp-content\/uploads\/2019\/10\/D\u00f6rte_11-1024x768.jpg\" alt=\"\" data-id=\"166\" data-link=\"http:\/\/testpage.gentleguards.com\/?attachment_id=166\" class=\"wp-image-166\" srcset=\"http:\/\/gentleguards.com\/wp-content\/uploads\/2019\/10\/D\u00f6rte_11-1024x768.jpg 1024w, http:\/\/gentleguards.com\/wp-content\/uploads\/2019\/10\/D\u00f6rte_11-300x225.jpg 300w, http:\/\/gentleguards.com\/wp-content\/uploads\/2019\/10\/D\u00f6rte_11-768x576.jpg 768w, http:\/\/gentleguards.com\/wp-content\/uploads\/2019\/10\/D\u00f6rte_11.jpg 2048w\" sizes=\"(max-width: 767px) 89vw, (max-width: 1000px) 54vw, (max-width: 1071px) 543px, 580px\" \/><\/figure><\/li><li class=\"blocks-gallery-item\"><figure><img loading=\"lazy\" width=\"1024\" height=\"768\" src=\"http:\/\/testpage.gentleguards.com\/wp-content\/uploads\/2019\/10\/D\u00f6rte_10-1024x768.jpg\" alt=\"\" data-id=\"165\" data-link=\"http:\/\/testpage.gentleguards.com\/?attachment_id=165\" class=\"wp-image-165\" srcset=\"http:\/\/gentleguards.com\/wp-content\/uploads\/2019\/10\/D\u00f6rte_10-1024x768.jpg 1024w, http:\/\/gentleguards.com\/wp-content\/uploads\/2019\/10\/D\u00f6rte_10-300x225.jpg 300w, http:\/\/gentleguards.com\/wp-content\/uploads\/2019\/10\/D\u00f6rte_10-768x576.jpg 768w, http:\/\/gentleguards.com\/wp-content\/uploads\/2019\/10\/D\u00f6rte_10.jpg 2048w\" sizes=\"(max-width: 767px) 89vw, (max-width: 1000px) 54vw, (max-width: 1071px) 543px, 580px\" \/><\/figure><\/li><li class=\"blocks-gallery-item\"><figure><img loading=\"lazy\" width=\"1024\" height=\"768\" src=\"http:\/\/testpage.gentleguards.com\/wp-content\/uploads\/2019\/10\/RIMG0011_4-1024x768.jpg\" alt=\"\" data-id=\"163\" data-link=\"http:\/\/testpage.gentleguards.com\/?attachment_id=163\" class=\"wp-image-163\" srcset=\"http:\/\/gentleguards.com\/wp-content\/uploads\/2019\/10\/RIMG0011_4-1024x768.jpg 1024w, http:\/\/gentleguards.com\/wp-content\/uploads\/2019\/10\/RIMG0011_4-300x225.jpg 300w, http:\/\/gentleguards.com\/wp-content\/uploads\/2019\/10\/RIMG0011_4-768x576.jpg 768w, http:\/\/gentleguards.com\/wp-content\/uploads\/2019\/10\/RIMG0011_4.jpg 2048w\" sizes=\"(max-width: 767px) 89vw, (max-width: 1000px) 54vw, (max-width: 1071px) 543px, 580px\" \/><\/figure><\/li><li class=\"blocks-gallery-item\"><figure><img loading=\"lazy\" width=\"1024\" height=\"768\" src=\"http:\/\/testpage.gentleguards.com\/wp-content\/uploads\/2019\/10\/RIMG0006-1024x768.jpg\" alt=\"\" data-id=\"164\" data-link=\"http:\/\/testpage.gentleguards.com\/?attachment_id=164\" class=\"wp-image-164\" srcset=\"http:\/\/gentleguards.com\/wp-content\/uploads\/2019\/10\/RIMG0006-1024x768.jpg 1024w, http:\/\/gentleguards.com\/wp-content\/uploads\/2019\/10\/RIMG0006-300x225.jpg 300w, http:\/\/gentleguards.com\/wp-content\/uploads\/2019\/10\/RIMG0006-768x576.jpg 768w, http:\/\/gentleguards.com\/wp-content\/uploads\/2019\/10\/RIMG0006.jpg 2048w\" sizes=\"(max-width: 767px) 89vw, (max-width: 1000px) 54vw, (max-width: 1071px) 543px, 580px\" \/><\/figure><\/li><li class=\"blocks-gallery-item\"><figure><img loading=\"lazy\" width=\"681\" height=\"1024\" src=\"http:\/\/testpage.gentleguards.com\/wp-content\/uploads\/2019\/10\/DSC_0037-681x1024.jpg\" alt=\"\" data-id=\"158\" data-link=\"http:\/\/testpage.gentleguards.com\/?attachment_id=158\" class=\"wp-image-158\" srcset=\"http:\/\/gentleguards.com\/wp-content\/uploads\/2019\/10\/DSC_0037-681x1024.jpg 681w, http:\/\/gentleguards.com\/wp-content\/uploads\/2019\/10\/DSC_0037-199x300.jpg 199w, http:\/\/gentleguards.com\/wp-content\/uploads\/2019\/10\/DSC_0037-768x1155.jpg 768w, http:\/\/gentleguards.com\/wp-content\/uploads\/2019\/10\/DSC_0037.jpg 2000w\" sizes=\"(max-width: 681px) 100vw, 681px\" \/><\/figure><\/li><li class=\"blocks-gallery-item\"><figure><img loading=\"lazy\" width=\"1024\" height=\"681\" src=\"http:\/\/testpage.gentleguards.com\/wp-content\/uploads\/2019\/10\/DSC_2313-1024x681.jpg\" alt=\"\" data-id=\"162\" data-link=\"http:\/\/testpage.gentleguards.com\/?attachment_id=162\" class=\"wp-image-162\" srcset=\"http:\/\/gentleguards.com\/wp-content\/uploads\/2019\/10\/DSC_2313-1024x681.jpg 1024w, http:\/\/gentleguards.com\/wp-content\/uploads\/2019\/10\/DSC_2313-300x199.jpg 300w, http:\/\/gentleguards.com\/wp-content\/uploads\/2019\/10\/DSC_2313-768x511.jpg 768w\" sizes=\"(max-width: 767px) 89vw, (max-width: 1000px) 54vw, (max-width: 1071px) 543px, 580px\" \/><\/figure><\/li><li class=\"blocks-gallery-item\"><figure><img loading=\"lazy\" width=\"1024\" height=\"727\" src=\"http:\/\/testpage.gentleguards.com\/wp-content\/uploads\/2019\/10\/DSC_0170-1024x727.jpg\" alt=\"\" data-id=\"159\" data-link=\"http:\/\/testpage.gentleguards.com\/?attachment_id=159\" class=\"wp-image-159\" srcset=\"http:\/\/gentleguards.com\/wp-content\/uploads\/2019\/10\/DSC_0170-1024x727.jpg 1024w, http:\/\/gentleguards.com\/wp-content\/uploads\/2019\/10\/DSC_0170-300x213.jpg 300w, http:\/\/gentleguards.com\/wp-content\/uploads\/2019\/10\/DSC_0170-768x545.jpg 768w\" sizes=\"(max-width: 767px) 89vw, (max-width: 1000px) 54vw, (max-width: 1071px) 543px, 580px\" \/><\/figure><\/li><li class=\"blocks-gallery-item\"><figure><img loading=\"lazy\" width=\"781\" height=\"1024\" src=\"http:\/\/testpage.gentleguards.com\/wp-content\/uploads\/2019\/10\/d\u00f6rte2-781x1024.jpg\" alt=\"\" data-id=\"128\" data-link=\"http:\/\/testpage.gentleguards.com\/?attachment_id=128\" class=\"wp-image-128\" srcset=\"http:\/\/gentleguards.com\/wp-content\/uploads\/2019\/10\/d\u00f6rte2-781x1024.jpg 781w, http:\/\/gentleguards.com\/wp-content\/uploads\/2019\/10\/d\u00f6rte2-229x300.jpg 229w, http:\/\/gentleguards.com\/wp-content\/uploads\/2019\/10\/d\u00f6rte2-768x1007.jpg 768w\" sizes=\"(max-width: 767px) 89vw, (max-width: 1000px) 54vw, (max-width: 1071px) 543px, 580px\" \/><\/figure><\/li><li class=\"blocks-gallery-item\"><figure><img loading=\"lazy\" width=\"1024\" height=\"576\" src=\"http:\/\/testpage.gentleguards.com\/wp-content\/uploads\/2019\/10\/d\u00f6rtewindneu-1024x576.jpg\" alt=\"\" data-id=\"121\" data-link=\"http:\/\/testpage.gentleguards.com\/?attachment_id=121\" class=\"wp-image-121\" srcset=\"http:\/\/gentleguards.com\/wp-content\/uploads\/2019\/10\/d\u00f6rtewindneu-1024x576.jpg 1024w, http:\/\/gentleguards.com\/wp-content\/uploads\/2019\/10\/d\u00f6rtewindneu-300x169.jpg 300w, http:\/\/gentleguards.com\/wp-content\/uploads\/2019\/10\/d\u00f6rtewindneu-768x432.jpg 768w\" sizes=\"(max-width: 767px) 89vw, (max-width: 1000px) 54vw, (max-width: 1071px) 543px, 580px\" \/><\/figure><\/li><li class=\"blocks-gallery-item\"><figure><img loading=\"lazy\" width=\"854\" height=\"1024\" src=\"http:\/\/testpage.gentleguards.com\/wp-content\/uploads\/2019\/10\/DSC_0030-854x1024.jpg\" alt=\"\" data-id=\"120\" data-link=\"http:\/\/testpage.gentleguards.com\/?attachment_id=120\" class=\"wp-image-120\" srcset=\"http:\/\/gentleguards.com\/wp-content\/uploads\/2019\/10\/DSC_0030-854x1024.jpg 854w, http:\/\/gentleguards.com\/wp-content\/uploads\/2019\/10\/DSC_0030-250x300.jpg 250w, http:\/\/gentleguards.com\/wp-content\/uploads\/2019\/10\/DSC_0030-768x920.jpg 768w\" sizes=\"(max-width: 767px) 89vw, (max-width: 1000px) 54vw, (max-width: 1071px) 543px, 580px\" \/><\/figure><\/li><li class=\"blocks-gallery-item\"><figure><img loading=\"lazy\" width=\"1024\" height=\"683\" src=\"http:\/\/testpage.gentleguards.com\/wp-content\/uploads\/2019\/10\/DSC_0093bearb-1024x683.jpg\" alt=\"\" data-id=\"112\" data-link=\"http:\/\/testpage.gentleguards.com\/?attachment_id=112\" class=\"wp-image-112\" srcset=\"http:\/\/gentleguards.com\/wp-content\/uploads\/2019\/10\/DSC_0093bearb-1024x683.jpg 1024w, http:\/\/gentleguards.com\/wp-content\/uploads\/2019\/10\/DSC_0093bearb-300x200.jpg 300w, http:\/\/gentleguards.com\/wp-content\/uploads\/2019\/10\/DSC_0093bearb-768x512.jpg 768w\" sizes=\"(max-width: 767px) 89vw, (max-width: 1000px) 54vw, (max-width: 1071px) 543px, 580px\" \/><\/figure><\/li><li class=\"blocks-gallery-item\"><figure><img loading=\"lazy\" width=\"1024\" height=\"683\" src=\"http:\/\/testpage.gentleguards.com\/wp-content\/uploads\/2019\/10\/2F0A2257-2-2-1024x683.jpg\" alt=\"\" data-id=\"93\" data-link=\"http:\/\/testpage.gentleguards.com\/?attachment_id=93\" class=\"wp-image-93\" srcset=\"http:\/\/gentleguards.com\/wp-content\/uploads\/2019\/10\/2F0A2257-2-2-1024x683.jpg 1024w, http:\/\/gentleguards.com\/wp-content\/uploads\/2019\/10\/2F0A2257-2-2-300x200.jpg 300w, http:\/\/gentleguards.com\/wp-content\/uploads\/2019\/10\/2F0A2257-2-2-768x512.jpg 768w\" sizes=\"(max-width: 767px) 89vw, (max-width: 1000px) 54vw, (max-width: 1071px) 543px, 580px\" \/><\/figure><\/li><li class=\"blocks-gallery-item\"><figure><img loading=\"lazy\" width=\"1024\" height=\"683\" src=\"http:\/\/testpage.gentleguards.com\/wp-content\/uploads\/2019\/10\/2F0A2294-2-1024x683.jpg\" alt=\"\" data-id=\"73\" data-link=\"http:\/\/testpage.gentleguards.com\/?attachment_id=73\" class=\"wp-image-73\" srcset=\"http:\/\/gentleguards.com\/wp-content\/uploads\/2019\/10\/2F0A2294-2-1024x683.jpg 1024w, http:\/\/gentleguards.com\/wp-content\/uploads\/2019\/10\/2F0A2294-2-300x200.jpg 300w, http:\/\/gentleguards.com\/wp-content\/uploads\/2019\/10\/2F0A2294-2-768x512.jpg 768w\" sizes=\"(max-width: 767px) 89vw, (max-width: 1000px) 54vw, (max-width: 1071px) 543px, 580px\" \/><\/figure><\/li><li class=\"blocks-gallery-item\"><figure><img loading=\"lazy\" width=\"1024\" height=\"690\" src=\"http:\/\/gentleguards.com\/wp-content\/uploads\/2021\/01\/d\u00f6rte-bank-1-1024x690.jpg\" alt=\"\" data-id=\"1044\" data-link=\"http:\/\/gentleguards.com\/?attachment_id=1044\" class=\"wp-image-1044\" srcset=\"http:\/\/gentleguards.com\/wp-content\/uploads\/2021\/01\/d\u00f6rte-bank-1-1024x690.jpg 1024w, http:\/\/gentleguards.com\/wp-content\/uploads\/2021\/01\/d\u00f6rte-bank-1-300x202.jpg 300w, http:\/\/gentleguards.com\/wp-content\/uploads\/2021\/01\/d\u00f6rte-bank-1-768x517.jpg 768w, http:\/\/gentleguards.com\/wp-content\/uploads\/2021\/01\/d\u00f6rte-bank-1-1536x1035.jpg 1536w, http:\/\/gentleguards.com\/wp-content\/uploads\/2021\/01\/d\u00f6rte-bank-1-2048x1380.jpg 2048w\" sizes=\"(max-width: 767px) 89vw, (max-width: 1000px) 54vw, (max-width: 1071px) 543px, 580px\" \/><\/figure><\/li><li class=\"blocks-gallery-item\"><figure><img loading=\"lazy\" width=\"703\" height=\"1024\" src=\"http:\/\/gentleguards.com\/wp-content\/uploads\/2021\/01\/d\u00f6rte-kopf-2-703x1024.jpg\" alt=\"\" data-id=\"1047\" data-full-url=\"http:\/\/gentleguards.com\/wp-content\/uploads\/2021\/01\/d\u00f6rte-kopf-2-scaled.jpg\" data-link=\"http:\/\/gentleguards.com\/?attachment_id=1047\" class=\"wp-image-1047\" srcset=\"http:\/\/gentleguards.com\/wp-content\/uploads\/2021\/01\/d\u00f6rte-kopf-2-703x1024.jpg 703w, http:\/\/gentleguards.com\/wp-content\/uploads\/2021\/01\/d\u00f6rte-kopf-2-206x300.jpg 206w, http:\/\/gentleguards.com\/wp-content\/uploads\/2021\/01\/d\u00f6rte-kopf-2-768x1119.jpg 768w, http:\/\/gentleguards.com\/wp-content\/uploads\/2021\/01\/d\u00f6rte-kopf-2-1054x1536.jpg 1054w, http:\/\/gentleguards.com\/wp-content\/uploads\/2021\/01\/d\u00f6rte-kopf-2-1405x2048.jpg 1405w, http:\/\/gentleguards.com\/wp-content\/uploads\/2021\/01\/d\u00f6rte-kopf-2-scaled.jpg 1756w\" sizes=\"(max-width: 703px) 100vw, 703px\" \/><\/figure><\/li><\/ul><\/figure>\n\n\n\n<figure class=\"wp-block-image size-large\"><img loading=\"lazy\" width=\"1024\" height=\"1024\" src=\"http:\/\/gentleguards.com\/wp-content\/uploads\/2022\/05\/1652434519581-1024x1024.jpg\" alt=\"\" class=\"wp-image-1511\" srcset=\"http:\/\/gentleguards.com\/wp-content\/uploads\/2022\/05\/1652434519581-1024x1024.jpg 1024w, http:\/\/gentleguards.com\/wp-content\/uploads\/2022\/05\/1652434519581-300x300.jpg 300w, http:\/\/gentleguards.com\/wp-content\/uploads\/2022\/05\/1652434519581-150x150.jpg 150w, http:\/\/gentleguards.com\/wp-content\/uploads\/2022\/05\/1652434519581-768x768.jpg 768w, http:\/\/gentleguards.com\/wp-content\/uploads\/2022\/05\/1652434519581-100x100.jpg 100w, http:\/\/gentleguards.com\/wp-content\/uploads\/2022\/05\/1652434519581.jpg 1534w\" sizes=\"(max-width: 767px) 89vw, (max-width: 1000px) 54vw, (max-width: 1071px) 543px, 580px\" \/><\/figure>\n","protected":false},"excerpt":{"rendered":"<p>Ch. Philemon Observer x Amazing Amy The Groovy Beauty D\u00f6rte ist am 10. 11. 2005 um 14.25 Uhr mit 455 g in Oelde in der Zuchtst\u00e4tte &#8222;The Groovy Beauty&#8220; mit ihren 5 Wurfgeschwistern geboren. D\u00f6rte war in jungen Jahren eine echte Sportskanone, sie hat mit mir viele Sportarten ausprobiert und an allem Spass gefunden. Ob &hellip; <\/p>\n<p class=\"link-more\"><a href=\"http:\/\/gentleguards.com\/?page_id=235\" class=\"more-link\"><span class=\"screen-reader-text\">\u201e&#8222;D\u00f6rte&#8220;\u201c<\/span> weiterlesen<\/a><\/p>\n","protected":false},"author":1,"featured_media":0,"parent":287,"menu_order":0,"comment_status":"closed","ping_status":"closed","template":"","meta":[],"_links":{"self":[{"href":"http:\/\/gentleguards.com\/index.php?rest_route=\/wp\/v2\/pages\/235"}],"collection":[{"href":"http:\/\/gentleguards.com\/index.php?rest_route=\/wp\/v2\/pages"}],"about":[{"href":"http:\/\/gentleguards.com\/index.php?rest_route=\/wp\/v2\/types\/page"}],"author":[{"embeddable":true,"href":"http:\/\/gentleguards.com\/index.php?rest_route=\/wp\/v2\/users\/1"}],"replies":[{"embeddable":true,"href":"http:\/\/gentleguards.com\/index.php?rest_route=%2Fwp%2Fv2%2Fcomments&post=235"}],"version-history":[{"count":22,"href":"http:\/\/gentleguards.com\/index.php?rest_route=\/wp\/v2\/pages\/235\/revisions"}],"predecessor-version":[{"id":2373,"href":"http:\/\/gentleguards.com\/index.php?rest_route=\/wp\/v2\/pages\/235\/revisions\/2373"}],"up":[{"embeddable":true,"href":"http:\/\/gentleguards.com\/index.php?rest_route=\/wp\/v2\/pages\/287"}],"wp:attachment":[{"href":"http:\/\/gentleguards.com\/index.php?rest_route=%2Fwp%2Fv2%2Fmedia&parent=235"}],"curies":[{"name":"wp","href":"https:\/\/api.w.org\/{rel}","templated":true}]}}