{"id":1536,"date":"2022-06-11T13:23:24","date_gmt":"2022-06-11T13:23:24","guid":{"rendered":"http:\/\/gentleguards.com\/?page_id=1536"},"modified":"2022-07-17T09:10:44","modified_gmt":"2022-07-17T09:10:44","slug":"5-woche","status":"publish","type":"page","link":"http:\/\/gentleguards.com\/?page_id=1536","title":{"rendered":"5. Woche"},"content":{"rendered":"\n<p>Woche Nummer 5 neigt sich dem Ende zu.<\/p>\n\n\n\n<p>Die drei dicken Damen sind jetzt auch im Garten schon ganz flott und mutig unterwegs .<\/p>\n\n\n\n<p>Es war schon ganz viel Besuch, mit vielen streichelnden H\u00e4nden da. 4 Mahlzeiten gibt es jetzt schon pro Tag. Mit frischem gewolftem Fleisch, Ei, Gem\u00fcse, \u00d6l und deshalb g\u00f6nnt Mama sich jetzt immer mehr ihre Auszeiten.<\/p>\n\n\n\n<p>Die ersten Kotproben sind untersucht und alle drei Damen , samt Mama sind Wurmfrei.<\/p>\n\n\n\n<p>Die M\u00e4dels tragen jetzt schon fleissig zur Eingew\u00f6hnung ihre Halsb\u00e4nder, denn n\u00e4chste Woche nehmen dann die Aktivit\u00e4ten weiter zu und da kommt  dann auch bald die Leine ins Spiel.<\/p>\n\n\n\n<p>F\u00fcr euch hier ein paar Fotos aus Woche Nummer 5. viel Spass beim Ansehen.<\/p>\n\n\n\n<figure class=\"wp-block-gallery columns-1 is-cropped\"><ul class=\"blocks-gallery-grid\"><li class=\"blocks-gallery-item\"><figure><img loading=\"lazy\" width=\"1024\" height=\"946\" src=\"http:\/\/gentleguards.com\/wp-content\/uploads\/2022\/07\/1658007519918-1024x946.jpeg\" alt=\"\" data-id=\"1687\" data-link=\"http:\/\/gentleguards.com\/?attachment_id=1687\" class=\"wp-image-1687\" srcset=\"http:\/\/gentleguards.com\/wp-content\/uploads\/2022\/07\/1658007519918-1024x946.jpeg 1024w, http:\/\/gentleguards.com\/wp-content\/uploads\/2022\/07\/1658007519918-300x277.jpeg 300w, http:\/\/gentleguards.com\/wp-content\/uploads\/2022\/07\/1658007519918-768x709.jpeg 768w, http:\/\/gentleguards.com\/wp-content\/uploads\/2022\/07\/1658007519918-1536x1418.jpeg 1536w, http:\/\/gentleguards.com\/wp-content\/uploads\/2022\/07\/1658007519918-2048x1891.jpeg 2048w\" sizes=\"(max-width: 767px) 89vw, (max-width: 1000px) 54vw, (max-width: 1071px) 543px, 580px\" \/><\/figure><\/li><li class=\"blocks-gallery-item\"><figure><img loading=\"lazy\" width=\"751\" height=\"1024\" src=\"http:\/\/gentleguards.com\/wp-content\/uploads\/2022\/07\/1658007519911-751x1024.jpeg\" alt=\"\" data-id=\"1688\" data-link=\"http:\/\/gentleguards.com\/?attachment_id=1688\" class=\"wp-image-1688\" srcset=\"http:\/\/gentleguards.com\/wp-content\/uploads\/2022\/07\/1658007519911-751x1024.jpeg 751w, http:\/\/gentleguards.com\/wp-content\/uploads\/2022\/07\/1658007519911-220x300.jpeg 220w, http:\/\/gentleguards.com\/wp-content\/uploads\/2022\/07\/1658007519911-768x1047.jpeg 768w, http:\/\/gentleguards.com\/wp-content\/uploads\/2022\/07\/1658007519911-1126x1536.jpeg 1126w, http:\/\/gentleguards.com\/wp-content\/uploads\/2022\/07\/1658007519911-1502x2048.jpeg 1502w, http:\/\/gentleguards.com\/wp-content\/uploads\/2022\/07\/1658007519911-scaled.jpeg 1877w\" sizes=\"(max-width: 706px) 89vw, (max-width: 767px) 82vw, 740px\" \/><\/figure><\/li><li class=\"blocks-gallery-item\"><figure><img loading=\"lazy\" width=\"1024\" height=\"655\" src=\"http:\/\/gentleguards.com\/wp-content\/uploads\/2022\/07\/1658007519894-1024x655.jpeg\" alt=\"\" data-id=\"1690\" data-link=\"http:\/\/gentleguards.com\/?attachment_id=1690\" class=\"wp-image-1690\" srcset=\"http:\/\/gentleguards.com\/wp-content\/uploads\/2022\/07\/1658007519894-1024x655.jpeg 1024w, http:\/\/gentleguards.com\/wp-content\/uploads\/2022\/07\/1658007519894-300x192.jpeg 300w, http:\/\/gentleguards.com\/wp-content\/uploads\/2022\/07\/1658007519894-768x491.jpeg 768w, http:\/\/gentleguards.com\/wp-content\/uploads\/2022\/07\/1658007519894-1536x982.jpeg 1536w, http:\/\/gentleguards.com\/wp-content\/uploads\/2022\/07\/1658007519894-2048x1310.jpeg 2048w\" sizes=\"(max-width: 767px) 89vw, (max-width: 1000px) 54vw, (max-width: 1071px) 543px, 580px\" \/><\/figure><\/li><li class=\"blocks-gallery-item\"><figure><img loading=\"lazy\" width=\"1024\" height=\"683\" src=\"http:\/\/gentleguards.com\/wp-content\/uploads\/2022\/07\/IMG_7638-1024x683.jpg\" alt=\"\" data-id=\"1691\" data-link=\"http:\/\/gentleguards.com\/?attachment_id=1691\" class=\"wp-image-1691\" srcset=\"http:\/\/gentleguards.com\/wp-content\/uploads\/2022\/07\/IMG_7638-1024x683.jpg 1024w, http:\/\/gentleguards.com\/wp-content\/uploads\/2022\/07\/IMG_7638-300x200.jpg 300w, http:\/\/gentleguards.com\/wp-content\/uploads\/2022\/07\/IMG_7638-768x512.jpg 768w, http:\/\/gentleguards.com\/wp-content\/uploads\/2022\/07\/IMG_7638-1536x1024.jpg 1536w, http:\/\/gentleguards.com\/wp-content\/uploads\/2022\/07\/IMG_7638-2048x1365.jpg 2048w\" sizes=\"(max-width: 767px) 89vw, (max-width: 1000px) 54vw, (max-width: 1071px) 543px, 580px\" \/><\/figure><\/li><li class=\"blocks-gallery-item\"><figure><img loading=\"lazy\" width=\"1024\" height=\"932\" src=\"http:\/\/gentleguards.com\/wp-content\/uploads\/2022\/07\/1658048756526-1024x932.jpeg\" alt=\"\" data-id=\"1694\" data-link=\"http:\/\/gentleguards.com\/?attachment_id=1694\" class=\"wp-image-1694\" srcset=\"http:\/\/gentleguards.com\/wp-content\/uploads\/2022\/07\/1658048756526-1024x932.jpeg 1024w, http:\/\/gentleguards.com\/wp-content\/uploads\/2022\/07\/1658048756526-300x273.jpeg 300w, http:\/\/gentleguards.com\/wp-content\/uploads\/2022\/07\/1658048756526-768x699.jpeg 768w, http:\/\/gentleguards.com\/wp-content\/uploads\/2022\/07\/1658048756526-1536x1399.jpeg 1536w, http:\/\/gentleguards.com\/wp-content\/uploads\/2022\/07\/1658048756526-2048x1865.jpeg 2048w\" sizes=\"(max-width: 767px) 89vw, (max-width: 1000px) 54vw, (max-width: 1071px) 543px, 580px\" \/><\/figure><\/li><li class=\"blocks-gallery-item\"><figure><img loading=\"lazy\" width=\"635\" height=\"1024\" src=\"http:\/\/gentleguards.com\/wp-content\/uploads\/2022\/07\/1658048756510-635x1024.jpeg\" alt=\"\" data-id=\"1695\" data-link=\"http:\/\/gentleguards.com\/?attachment_id=1695\" class=\"wp-image-1695\" srcset=\"http:\/\/gentleguards.com\/wp-content\/uploads\/2022\/07\/1658048756510-635x1024.jpeg 635w, http:\/\/gentleguards.com\/wp-content\/uploads\/2022\/07\/1658048756510-186x300.jpeg 186w, http:\/\/gentleguards.com\/wp-content\/uploads\/2022\/07\/1658048756510-768x1238.jpeg 768w, http:\/\/gentleguards.com\/wp-content\/uploads\/2022\/07\/1658048756510-953x1536.jpeg 953w, http:\/\/gentleguards.com\/wp-content\/uploads\/2022\/07\/1658048756510-1270x2048.jpeg 1270w, http:\/\/gentleguards.com\/wp-content\/uploads\/2022\/07\/1658048756510-scaled.jpeg 1588w\" sizes=\"(max-width: 635px) 100vw, 635px\" \/><\/figure><\/li><li class=\"blocks-gallery-item\"><figure><img loading=\"lazy\" width=\"1024\" height=\"1024\" src=\"http:\/\/gentleguards.com\/wp-content\/uploads\/2022\/07\/1658048756493-1024x1024.jpg\" alt=\"\" data-id=\"1696\" data-link=\"http:\/\/gentleguards.com\/?attachment_id=1696\" class=\"wp-image-1696\" srcset=\"http:\/\/gentleguards.com\/wp-content\/uploads\/2022\/07\/1658048756493-1024x1024.jpg 1024w, http:\/\/gentleguards.com\/wp-content\/uploads\/2022\/07\/1658048756493-300x300.jpg 300w, http:\/\/gentleguards.com\/wp-content\/uploads\/2022\/07\/1658048756493-150x150.jpg 150w, http:\/\/gentleguards.com\/wp-content\/uploads\/2022\/07\/1658048756493-768x768.jpg 768w, http:\/\/gentleguards.com\/wp-content\/uploads\/2022\/07\/1658048756493-1536x1536.jpg 1536w, http:\/\/gentleguards.com\/wp-content\/uploads\/2022\/07\/1658048756493-100x100.jpg 100w, http:\/\/gentleguards.com\/wp-content\/uploads\/2022\/07\/1658048756493.jpg 1709w\" sizes=\"(max-width: 767px) 89vw, (max-width: 1000px) 54vw, (max-width: 1071px) 543px, 580px\" \/><\/figure><\/li><li class=\"blocks-gallery-item\"><figure><img loading=\"lazy\" width=\"1024\" height=\"576\" src=\"http:\/\/gentleguards.com\/wp-content\/uploads\/2022\/07\/1658048756477-1024x576.jpeg\" alt=\"\" data-id=\"1697\" data-full-url=\"http:\/\/gentleguards.com\/wp-content\/uploads\/2022\/07\/1658048756477-scaled.jpeg\" data-link=\"http:\/\/gentleguards.com\/?attachment_id=1697\" class=\"wp-image-1697\" srcset=\"http:\/\/gentleguards.com\/wp-content\/uploads\/2022\/07\/1658048756477-1024x576.jpeg 1024w, http:\/\/gentleguards.com\/wp-content\/uploads\/2022\/07\/1658048756477-300x169.jpeg 300w, http:\/\/gentleguards.com\/wp-content\/uploads\/2022\/07\/1658048756477-768x432.jpeg 768w, http:\/\/gentleguards.com\/wp-content\/uploads\/2022\/07\/1658048756477-1536x864.jpeg 1536w, http:\/\/gentleguards.com\/wp-content\/uploads\/2022\/07\/1658048756477-2048x1152.jpeg 2048w\" sizes=\"(max-width: 767px) 89vw, (max-width: 1000px) 54vw, (max-width: 1071px) 543px, 580px\" \/><\/figure><\/li><\/ul><\/figure>\n","protected":false},"excerpt":{"rendered":"<p>Woche Nummer 5 neigt sich dem Ende zu. Die drei dicken Damen sind jetzt auch im Garten schon ganz flott und mutig unterwegs . Es war schon ganz viel Besuch, mit vielen streichelnden H\u00e4nden da. 4 Mahlzeiten gibt es jetzt schon pro Tag. Mit frischem gewolftem Fleisch, Ei, Gem\u00fcse, \u00d6l und deshalb g\u00f6nnt Mama sich &hellip; <\/p>\n<p class=\"link-more\"><a href=\"http:\/\/gentleguards.com\/?page_id=1536\" class=\"more-link\"><span class=\"screen-reader-text\">\u201e5. Woche\u201c<\/span> weiterlesen<\/a><\/p>\n","protected":false},"author":1,"featured_media":0,"parent":270,"menu_order":0,"comment_status":"closed","ping_status":"closed","template":"","meta":[],"_links":{"self":[{"href":"http:\/\/gentleguards.com\/index.php?rest_route=\/wp\/v2\/pages\/1536"}],"collection":[{"href":"http:\/\/gentleguards.com\/index.php?rest_route=\/wp\/v2\/pages"}],"about":[{"href":"http:\/\/gentleguards.com\/index.php?rest_route=\/wp\/v2\/types\/page"}],"author":[{"embeddable":true,"href":"http:\/\/gentleguards.com\/index.php?rest_route=\/wp\/v2\/users\/1"}],"replies":[{"embeddable":true,"href":"http:\/\/gentleguards.com\/index.php?rest_route=%2Fwp%2Fv2%2Fcomments&post=1536"}],"version-history":[{"count":3,"href":"http:\/\/gentleguards.com\/index.php?rest_route=\/wp\/v2\/pages\/1536\/revisions"}],"predecessor-version":[{"id":1698,"href":"http:\/\/gentleguards.com\/index.php?rest_route=\/wp\/v2\/pages\/1536\/revisions\/1698"}],"up":[{"embeddable":true,"href":"http:\/\/gentleguards.com\/index.php?rest_route=\/wp\/v2\/pages\/270"}],"wp:attachment":[{"href":"http:\/\/gentleguards.com\/index.php?rest_route=%2Fwp%2Fv2%2Fmedia&parent=1536"}],"curies":[{"name":"wp","href":"https:\/\/api.w.org\/{rel}","templated":true}]}}